{"id":123,"date":"2018-10-29T11:44:28","date_gmt":"2018-10-29T11:44:28","guid":{"rendered":"http:\/\/suurniementila.azurewebsites.net\/?page_id=123"},"modified":"2025-09-25T13:30:14","modified_gmt":"2025-09-25T11:30:14","slug":"contact","status":"publish","type":"page","link":"https:\/\/suurniementila.com\/en\/contact\/","title":{"rendered":"Contact us"},"content":{"rendered":"\t\t<div data-elementor-type=\"wp-post\" data-elementor-id=\"123\" class=\"elementor elementor-123\">\n\t\t\t\t\t\t<section class=\"elementor-section elementor-top-section elementor-element elementor-element-88db0e3 elementor-section-boxed elementor-section-height-default elementor-section-height-default\" data-id=\"88db0e3\" data-element_type=\"section\" data-e-type=\"section\">\n\t\t\t\t\t\t<div class=\"elementor-container elementor-column-gap-default\">\n\t\t\t\t\t<div class=\"elementor-column elementor-col-100 elementor-top-column elementor-element elementor-element-6866d95\" data-id=\"6866d95\" data-element_type=\"column\" data-e-type=\"column\">\n\t\t\t<div class=\"elementor-widget-wrap elementor-element-populated\">\n\t\t\t\t\t\t<div class=\"elementor-element elementor-element-7337c23 elementor-widget elementor-widget-heading\" data-id=\"7337c23\" data-element_type=\"widget\" data-e-type=\"widget\" data-widget_type=\"heading.default\">\n\t\t\t\t<div class=\"elementor-widget-container\">\n\t\t\t\t\t<h1 class=\"elementor-heading-title elementor-size-default\">Ota yhteytt\u00e4<\/h1>\t\t\t\t<\/div>\n\t\t\t\t<\/div>\n\t\t\t\t\t<\/div>\n\t\t<\/div>\n\t\t\t\t\t<\/div>\n\t\t<\/section>\n\t\t\t\t<section class=\"elementor-section elementor-top-section elementor-element elementor-element-77e3527 elementor-section-boxed elementor-section-height-default elementor-section-height-default\" data-id=\"77e3527\" data-element_type=\"section\" data-e-type=\"section\">\n\t\t\t\t\t\t<div class=\"elementor-container elementor-column-gap-narrow\">\n\t\t\t\t\t<div class=\"elementor-column elementor-col-50 elementor-top-column elementor-element elementor-element-c2d7fec\" data-id=\"c2d7fec\" data-element_type=\"column\" data-e-type=\"column\">\n\t\t\t<div class=\"elementor-widget-wrap elementor-element-populated\">\n\t\t\t\t\t\t<div class=\"elementor-element elementor-element-bab2726 elementor-icon-list--layout-traditional elementor-list-item-link-full_width elementor-widget elementor-widget-icon-list\" data-id=\"bab2726\" data-element_type=\"widget\" data-e-type=\"widget\" data-widget_type=\"icon-list.default\">\n\t\t\t\t<div class=\"elementor-widget-container\">\n\t\t\t\t\t\t\t<ul class=\"elementor-icon-list-items\">\n\t\t\t\t\t\t\t<li class=\"elementor-icon-list-item\">\n\t\t\t\t\t\t\t\t\t\t\t<span class=\"elementor-icon-list-icon\">\n\t\t\t\t\t\t\t\t\t\t\t\t\t\t\t\t<i class=\"fa fa-user\" aria-hidden=\"true\"><\/i>\n\t\t\t\t\t\t\t\t\t\t\t\t\t<\/span>\n\t\t\t\t\t\t\t\t\t\t<span class=\"elementor-icon-list-text\">Hanna Savelainen<\/span>\n\t\t\t\t\t\t\t\t\t<\/li>\n\t\t\t\t\t\t\t\t<li class=\"elementor-icon-list-item\">\n\t\t\t\t\t\t\t\t\t\t\t<span class=\"elementor-icon-list-icon\">\n\t\t\t\t\t\t\t\t\t\t\t\t\t\t\t\t<i class=\"fa fa-phone\" aria-hidden=\"true\"><\/i>\n\t\t\t\t\t\t\t\t\t\t\t\t\t<\/span>\n\t\t\t\t\t\t\t\t\t\t<span class=\"elementor-icon-list-text\">+358 50 345 1551<\/span>\n\t\t\t\t\t\t\t\t\t<\/li>\n\t\t\t\t\t\t\t\t<li class=\"elementor-icon-list-item\">\n\t\t\t\t\t\t\t\t\t\t\t<span class=\"elementor-icon-list-icon\">\n\t\t\t\t\t\t\t\t\t\t\t\t\t\t\t\t<i class=\"fa fa-paper-plane\" aria-hidden=\"true\"><\/i>\n\t\t\t\t\t\t\t\t\t\t\t\t\t<\/span>\n\t\t\t\t\t\t\t\t\t\t<span class=\"elementor-icon-list-text\">info@suurniementila.com<\/span>\n\t\t\t\t\t\t\t\t\t<\/li>\n\t\t\t\t\t\t\t\t<li class=\"elementor-icon-list-item\">\n\t\t\t\t\t\t\t\t\t\t\t<span class=\"elementor-icon-list-icon\">\n\t\t\t\t\t\t\t\t\t\t\t\t\t\t\t\t<i class=\"fa fa-map-marker\" aria-hidden=\"true\"><\/i>\n\t\t\t\t\t\t\t\t\t\t\t\t\t<\/span>\n\t\t\t\t\t\t\t\t\t\t<span class=\"elementor-icon-list-text\">Suurniementie 347, 08100 Lohja<\/span>\n\t\t\t\t\t\t\t\t\t<\/li>\n\t\t\t\t\t\t<\/ul>\n\t\t\t\t\t\t<\/div>\n\t\t\t\t<\/div>\n\t\t\t\t\t<\/div>\n\t\t<\/div>\n\t\t\t\t<div class=\"elementor-column elementor-col-50 elementor-top-column elementor-element elementor-element-a2f9c3b\" data-id=\"a2f9c3b\" data-element_type=\"column\" data-e-type=\"column\">\n\t\t\t<div class=\"elementor-widget-wrap elementor-element-populated\">\n\t\t\t\t\t\t<div class=\"elementor-element elementor-element-8b47a19 elementor-widget elementor-widget-google_maps\" data-id=\"8b47a19\" data-element_type=\"widget\" data-e-type=\"widget\" data-widget_type=\"google_maps.default\">\n\t\t\t\t<div class=\"elementor-widget-container\">\n\t\t\t\t\t\t\t<div class=\"elementor-custom-embed\">\n\t\t\t<iframe loading=\"lazy\"\n\t\t\t\t\tsrc=\"https:\/\/maps.google.com\/maps?q=Suurniemen%20tila%2C%20Suurniementie%20347%2C%20Lohja&#038;t=m&#038;z=10&#038;output=embed&#038;iwloc=near\"\n\t\t\t\t\ttitle=\"Suurniemen tila, Suurniementie 347, Lohja\"\n\t\t\t\t\taria-label=\"Suurniemen tila, Suurniementie 347, Lohja\"\n\t\t\t><\/iframe>\n\t\t<\/div>\n\t\t\t\t\t\t<\/div>\n\t\t\t\t<\/div>\n\t\t\t\t\t<\/div>\n\t\t<\/div>\n\t\t\t\t\t<\/div>\n\t\t<\/section>\n\t\t\t\t<section class=\"elementor-section elementor-top-section elementor-element elementor-element-b872dd9 elementor-section-boxed elementor-section-height-default elementor-section-height-default\" data-id=\"b872dd9\" data-element_type=\"section\" data-e-type=\"section\">\n\t\t\t\t\t\t<div class=\"elementor-container elementor-column-gap-default\">\n\t\t\t\t\t<div class=\"elementor-column elementor-col-100 elementor-top-column elementor-element elementor-element-f4a2792\" data-id=\"f4a2792\" data-element_type=\"column\" data-e-type=\"column\">\n\t\t\t<div class=\"elementor-widget-wrap elementor-element-populated\">\n\t\t\t\t\t\t<div class=\"elementor-element elementor-element-202f621 elementor-widget elementor-widget-spacer\" data-id=\"202f621\" data-element_type=\"widget\" data-e-type=\"widget\" data-widget_type=\"spacer.default\">\n\t\t\t\t<div class=\"elementor-widget-container\">\n\t\t\t\t\t\t\t<div class=\"elementor-spacer\">\n\t\t\t<div class=\"elementor-spacer-inner\"><\/div>\n\t\t<\/div>\n\t\t\t\t\t\t<\/div>\n\t\t\t\t<\/div>\n\t\t\t\t<div class=\"elementor-element elementor-element-3be724c elementor-widget elementor-widget-heading\" data-id=\"3be724c\" data-element_type=\"widget\" data-e-type=\"widget\" data-widget_type=\"heading.default\">\n\t\t\t\t<div class=\"elementor-widget-container\">\n\t\t\t\t\t<h4 class=\"elementor-heading-title elementor-size-default\">Tee varaus tai kysy meilt\u00e4<\/h4>\t\t\t\t<\/div>\n\t\t\t\t<\/div>\n\t\t\t\t<div class=\"elementor-element elementor-element-6c609f8 elementor-widget elementor-widget-text-editor\" data-id=\"6c609f8\" data-element_type=\"widget\" data-e-type=\"widget\" data-widget_type=\"text-editor.default\">\n\t\t\t\t<div class=\"elementor-widget-container\">\n\t\t\t\t\t\t\t\t\t<div class='fluentform ff-default fluentform_wrapper_3 ffs_custom_wrap'><form data-form_id=\"3\" id=\"fluentform_3\" class=\"frm-fluent-form fluent_form_3 ff-el-form-top ff_form_instance_3_1 ff-form-loading ffs_custom\" data-form_instance=\"ff_form_instance_3_1\" method=\"POST\" ><fieldset  style=\"border: none!important;margin: 0!important;padding: 0!important;background-color: transparent!important;box-shadow: none!important;outline: none!important; min-inline-size: 100%;\">\n                    <legend class=\"ff_screen_reader_title\" style=\"display: block; margin: 0!important;padding: 0!important;height: 0!important;text-indent: -999999px;width: 0!important;overflow:hidden;\">Yhteydenottopyynt\u00f6<\/legend><input type='hidden' name='__fluent_form_embded_post_id' value='123' \/><input type=\"hidden\" id=\"_fluentform_3_fluentformnonce\" name=\"_fluentform_3_fluentformnonce\" value=\"0cea9b4bf3\" \/><input type=\"hidden\" name=\"_wp_http_referer\" value=\"\/en\/wp-json\/wp\/v2\/pages\/123\" \/><div data-type=\"name-element\" data-name=\"names\" class=\" ff-field_container ff-name-field-wrapper\" ><div class='ff-t-container'><div class='ff-t-cell '><div class='ff-el-group ff-el-form-top'><div class=\"ff-el-input--label ff-el-is-required asterisk-right\"><label for='ff_3_names_first_name_' id='label_ff_3_names_first_name_' >Etunimi<\/label><\/div><div class='ff-el-input--content'><input type=\"text\" name=\"names[first_name]\" id=\"ff_3_names_first_name_\" class=\"ff-el-form-control\" placeholder=\"Etunimi *\" aria-invalid=\"false\" aria-required=true><\/div><\/div><\/div><div class='ff-t-cell '><div class='ff-el-group ff-el-form-top'><div class=\"ff-el-input--label ff-el-is-required asterisk-right\"><label for='ff_3_names_last_name_' id='label_ff_3_names_last_name_' >Sukunimi<\/label><\/div><div class='ff-el-input--content'><input type=\"text\" name=\"names[last_name]\" id=\"ff_3_names_last_name_\" class=\"ff-el-form-control\" placeholder=\"Sukunimi *\" aria-invalid=\"false\" aria-required=true><\/div><\/div><\/div><\/div><\/div><div class='ff-el-group ff-el-form-top'><div class=\"ff-el-input--label ff-el-is-required asterisk-right\"><label for='ff_3_email' id='label_ff_3_email' aria-label=\"S\u00e4hk\u00f6posti\">S\u00e4hk\u00f6posti<\/label><\/div><div class='ff-el-input--content'><input type=\"email\" name=\"email\" id=\"ff_3_email\" class=\"ff-el-form-control\" placeholder=\"S\u00e4hk\u00f6posti *\" data-name=\"email\"  aria-invalid=\"false\" aria-required=true><\/div><\/div><div class='ff-el-group'><div class=\"ff-el-input--label ff-el-is-required asterisk-right\"><label for='ff_3_dropdown' id='label_ff_3_dropdown' aria-label=\"Aihe\">Aihe<\/label><\/div><div class='ff-el-input--content'><select name=\"dropdown\" id=\"ff_3_dropdown\" class=\"ff-el-form-control\" data-name=\"dropdown\" data-calc_value=\"0\"  aria-invalid=\"false\" aria-required=\"true\" aria-labelledby=\"label_ff_3_dropdown\"><option value=\"\">&#8211; Valitse &#8211;<\/option><option value=\"Varaukset\"  >Varaukset<\/option><option value=\"Tietoja\"  >Tietoja<\/option><option value=\"Muuta\"  >Muuta<\/option><\/select><\/div><\/div><div class='ff-el-group'><div class=\"ff-el-input--label asterisk-right\"><label for='ff_3_description' id='label_ff_3_description' aria-label=\"Viesti\">Viesti<\/label><\/div><div class='ff-el-input--content'><textarea aria-required=\"false\" aria-labelledby=\"label_ff_3_description\" name=\"description\" id=\"ff_3_description\" class=\"ff-el-form-control\" rows=\"3\" cols=\"2\" data-name=\"description\" ><\/textarea><\/div><\/div><div class='ff-el-group ' ><div class='ff-el-input--content'><div data-fluent_id='3' name='g-recaptcha-response'><div\n\t\tdata-sitekey='6LdX0tQrAAAAAGe67FsvGH9cLrACGuj1pX9ogjbs'\n\t\tid='fluentform-recaptcha-3-1'\n\t\tclass='ff-el-recaptcha g-recaptcha'\n\t\tdata-callback='fluentFormrecaptchaSuccessCallback'><\/div><\/div><\/div><\/div><div class='ff-el-group ff-text-left ff_submit_btn_wrapper'><button type=\"submit\" class=\"ff-btn ff-btn-submit ff-btn-md ff_btn_style\"  aria-label=\"L\u00e4het\u00e4\">L\u00e4het\u00e4<\/button><\/div><\/fieldset><\/form><div id='fluentform_3_errors' class='ff-errors-in-stack ff_form_instance_3_1 ff-form-loading_errors ff_form_instance_3_1_errors'><\/div><\/div>            <script type=\"text\/javascript\">\n                window.fluent_form_ff_form_instance_3_1 = {\"id\":\"3\",\"settings\":{\"layout\":{\"labelPlacement\":\"top\",\"asteriskPlacement\":\"asterisk-right\",\"helpMessagePlacement\":\"with_label\",\"errorMessagePlacement\":\"inline\",\"cssClassName\":\"\"},\"restrictions\":{\"denyEmptySubmission\":{\"enabled\":false}}},\"form_instance\":\"ff_form_instance_3_1\",\"form_id_selector\":\"fluentform_3\",\"rules\":{\"names[first_name]\":{\"required\":{\"value\":true,\"message\":\"T\\u00e4m\\u00e4 kentt\\u00e4 on pakollinen\",\"global_message\":\"T\\u00e4m\\u00e4 kentt\\u00e4 on pakollinen\",\"global\":true}},\"names[middle_name]\":{\"required\":{\"value\":false,\"message\":\"T\\u00e4m\\u00e4 kentt\\u00e4 on pakollinen\",\"global_message\":\"T\\u00e4m\\u00e4 kentt\\u00e4 on pakollinen\",\"global\":true}},\"names[last_name]\":{\"required\":{\"value\":true,\"message\":\"T\\u00e4m\\u00e4 kentt\\u00e4 on pakollinen\",\"global_message\":\"T\\u00e4m\\u00e4 kentt\\u00e4 on pakollinen\",\"global\":true}},\"email\":{\"required\":{\"value\":true,\"message\":\"T\\u00e4m\\u00e4 kentt\\u00e4 on pakollinen\",\"global_message\":\"T\\u00e4m\\u00e4 kentt\\u00e4 on pakollinen\",\"global\":true},\"email\":{\"value\":true,\"message\":\"T\\u00e4m\\u00e4n kent\\u00e4n on sis\\u00e4llett\\u00e4v\\u00e4 kelvollinen s\\u00e4hk\\u00f6postiosoite\",\"global_message\":\"T\\u00e4m\\u00e4n kent\\u00e4n on sis\\u00e4llett\\u00e4v\\u00e4 kelvollinen s\\u00e4hk\\u00f6postiosoite\",\"global\":true}},\"dropdown\":{\"required\":{\"value\":true,\"message\":\"T\\u00e4m\\u00e4 kentt\\u00e4 on pakollinen\",\"global_message\":\"T\\u00e4m\\u00e4 kentt\\u00e4 on pakollinen\",\"global\":true}},\"description\":{\"required\":{\"value\":false,\"message\":\"T\\u00e4m\\u00e4 kentt\\u00e4 on pakollinen\",\"global_message\":\"T\\u00e4m\\u00e4 kentt\\u00e4 on pakollinen\",\"global\":true}},\"g-recaptcha-response\":[]},\"debounce_time\":300};\n                            <\/script>\n            \t\t\t\t\t\t\t\t<\/div>\n\t\t\t\t<\/div>\n\t\t\t\t\t<\/div>\n\t\t<\/div>\n\t\t\t\t\t<\/div>\n\t\t<\/section>\n\t\t\t\t<\/div>\n\t\t<!-- AddThis Advanced Settings generic via filter on the_content --><!-- AddThis Share Buttons generic via filter on the_content -->","protected":false},"excerpt":{"rendered":"<p>Ota yhteytt\u00e4 Hanna Savelainen +358 50 345 1551 info@suurniementila.com Suurniementie 347, 08100 Lohja Tee varaus tai kysy meilt\u00e4<!-- AddThis Advanced Settings generic via filter on get_the_excerpt --><!-- AddThis Share Buttons generic via filter on get_the_excerpt --><\/p>","protected":false},"author":16,"featured_media":0,"parent":0,"menu_order":0,"comment_status":"closed","ping_status":"closed","template":"","meta":{"_monsterinsights_skip_tracking":false,"_monsterinsights_sitenote_active":false,"_monsterinsights_sitenote_note":"","_monsterinsights_sitenote_category":0,"footnotes":""},"class_list":["post-123","page","type-page","status-publish","hentry"],"yoast_head":"<!-- This site is optimized with the Yoast SEO plugin v27.3 - https:\/\/yoast.com\/product\/yoast-seo-wordpress\/ -->\n<title>Ota yhteytt\u00e4 - Suurniemen tila<\/title>\n<meta name=\"robots\" content=\"index, follow, max-snippet:-1, max-image-preview:large, max-video-preview:-1\" \/>\n<link rel=\"canonical\" href=\"https:\/\/suurniementila.com\/en\/contact\/\" \/>\n<meta property=\"og:locale\" content=\"en_US\" \/>\n<meta property=\"og:type\" content=\"article\" \/>\n<meta property=\"og:title\" content=\"Ota yhteytt\u00e4 - Suurniemen tila\" \/>\n<meta property=\"og:description\" content=\"Ota yhteytt\u00e4 Hanna Savelainen +358 50 345 1551 info@suurniementila.com Suurniementie 347, 08100 Lohja Tee varaus tai kysy meilt\u00e4\" \/>\n<meta property=\"og:url\" content=\"https:\/\/suurniementila.com\/en\/contact\/\" \/>\n<meta property=\"og:site_name\" content=\"Suurniemen tila\" \/>\n<meta property=\"article:publisher\" content=\"https:\/\/www.facebook.com\/suurniementila\" \/>\n<meta property=\"article:modified_time\" content=\"2025-09-25T11:30:14+00:00\" \/>\n<meta name=\"twitter:card\" content=\"summary_large_image\" \/>\n<meta name=\"twitter:label1\" content=\"Est. reading time\" \/>\n\t<meta name=\"twitter:data1\" content=\"1 minute\" \/>\n<script type=\"application\/ld+json\" class=\"yoast-schema-graph\">{\"@context\":\"https:\\\/\\\/schema.org\",\"@graph\":[{\"@type\":\"WebPage\",\"@id\":\"https:\\\/\\\/suurniementila.com\\\/contact\\\/\",\"url\":\"https:\\\/\\\/suurniementila.com\\\/contact\\\/\",\"name\":\"Ota yhteytt\u00e4 - Suurniemen tila\",\"isPartOf\":{\"@id\":\"https:\\\/\\\/suurniementila.com\\\/#website\"},\"datePublished\":\"2018-10-29T11:44:28+00:00\",\"dateModified\":\"2025-09-25T11:30:14+00:00\",\"breadcrumb\":{\"@id\":\"https:\\\/\\\/suurniementila.com\\\/contact\\\/#breadcrumb\"},\"inLanguage\":\"en-US\",\"potentialAction\":[{\"@type\":\"ReadAction\",\"target\":[\"https:\\\/\\\/suurniementila.com\\\/contact\\\/\"]}]},{\"@type\":\"BreadcrumbList\",\"@id\":\"https:\\\/\\\/suurniementila.com\\\/contact\\\/#breadcrumb\",\"itemListElement\":[{\"@type\":\"ListItem\",\"position\":1,\"name\":\"Home\",\"item\":\"https:\\\/\\\/suurniementila.com\\\/\"},{\"@type\":\"ListItem\",\"position\":2,\"name\":\"Ota yhteytt\u00e4\"}]},{\"@type\":\"WebSite\",\"@id\":\"https:\\\/\\\/suurniementila.com\\\/#website\",\"url\":\"https:\\\/\\\/suurniementila.com\\\/\",\"name\":\"Suurniemen tila\",\"description\":\"M\u00f6kkivuokrausta \u23ae Rental Cottages\",\"publisher\":{\"@id\":\"https:\\\/\\\/suurniementila.com\\\/#organization\"},\"potentialAction\":[{\"@type\":\"SearchAction\",\"target\":{\"@type\":\"EntryPoint\",\"urlTemplate\":\"https:\\\/\\\/suurniementila.com\\\/?s={search_term_string}\"},\"query-input\":{\"@type\":\"PropertyValueSpecification\",\"valueRequired\":true,\"valueName\":\"search_term_string\"}}],\"inLanguage\":\"en-US\"},{\"@type\":\"Organization\",\"@id\":\"https:\\\/\\\/suurniementila.com\\\/#organization\",\"name\":\"Suurniemen tila\",\"url\":\"https:\\\/\\\/suurniementila.com\\\/\",\"logo\":{\"@type\":\"ImageObject\",\"inLanguage\":\"en-US\",\"@id\":\"https:\\\/\\\/suurniementila.com\\\/#\\\/schema\\\/logo\\\/image\\\/\",\"url\":\"https:\\\/\\\/suurniementila.com\\\/wp-content\\\/uploads\\\/2018\\\/10\\\/eaten_apple.png\",\"contentUrl\":\"https:\\\/\\\/suurniementila.com\\\/wp-content\\\/uploads\\\/2018\\\/10\\\/eaten_apple.png\",\"width\":1176,\"height\":1182,\"caption\":\"Suurniemen tila\"},\"image\":{\"@id\":\"https:\\\/\\\/suurniementila.com\\\/#\\\/schema\\\/logo\\\/image\\\/\"},\"sameAs\":[\"https:\\\/\\\/www.facebook.com\\\/suurniementila\",\"https:\\\/\\\/www.instagram.com\\\/suurniementila\\\/\"]}]}<\/script>\n<!-- \/ Yoast SEO plugin. -->","yoast_head_json":{"title":"Ota yhteytt\u00e4 - Suurniemen tila","robots":{"index":"index","follow":"follow","max-snippet":"max-snippet:-1","max-image-preview":"max-image-preview:large","max-video-preview":"max-video-preview:-1"},"canonical":"https:\/\/suurniementila.com\/en\/contact\/","og_locale":"en_US","og_type":"article","og_title":"Ota yhteytt\u00e4 - Suurniemen tila","og_description":"Ota yhteytt\u00e4 Hanna Savelainen +358 50 345 1551 info@suurniementila.com Suurniementie 347, 08100 Lohja Tee varaus tai kysy meilt\u00e4","og_url":"https:\/\/suurniementila.com\/en\/contact\/","og_site_name":"Suurniemen tila","article_publisher":"https:\/\/www.facebook.com\/suurniementila","article_modified_time":"2025-09-25T11:30:14+00:00","twitter_card":"summary_large_image","twitter_misc":{"Est. reading time":"1 minute"},"schema":{"@context":"https:\/\/schema.org","@graph":[{"@type":"WebPage","@id":"https:\/\/suurniementila.com\/contact\/","url":"https:\/\/suurniementila.com\/contact\/","name":"Ota yhteytt\u00e4 - Suurniemen tila","isPartOf":{"@id":"https:\/\/suurniementila.com\/#website"},"datePublished":"2018-10-29T11:44:28+00:00","dateModified":"2025-09-25T11:30:14+00:00","breadcrumb":{"@id":"https:\/\/suurniementila.com\/contact\/#breadcrumb"},"inLanguage":"en-US","potentialAction":[{"@type":"ReadAction","target":["https:\/\/suurniementila.com\/contact\/"]}]},{"@type":"BreadcrumbList","@id":"https:\/\/suurniementila.com\/contact\/#breadcrumb","itemListElement":[{"@type":"ListItem","position":1,"name":"Home","item":"https:\/\/suurniementila.com\/"},{"@type":"ListItem","position":2,"name":"Ota yhteytt\u00e4"}]},{"@type":"WebSite","@id":"https:\/\/suurniementila.com\/#website","url":"https:\/\/suurniementila.com\/","name":"Suurniemen tila","description":"M\u00f6kkivuokrausta \u23ae Rental Cottages","publisher":{"@id":"https:\/\/suurniementila.com\/#organization"},"potentialAction":[{"@type":"SearchAction","target":{"@type":"EntryPoint","urlTemplate":"https:\/\/suurniementila.com\/?s={search_term_string}"},"query-input":{"@type":"PropertyValueSpecification","valueRequired":true,"valueName":"search_term_string"}}],"inLanguage":"en-US"},{"@type":"Organization","@id":"https:\/\/suurniementila.com\/#organization","name":"Suurniemen tila","url":"https:\/\/suurniementila.com\/","logo":{"@type":"ImageObject","inLanguage":"en-US","@id":"https:\/\/suurniementila.com\/#\/schema\/logo\/image\/","url":"https:\/\/suurniementila.com\/wp-content\/uploads\/2018\/10\/eaten_apple.png","contentUrl":"https:\/\/suurniementila.com\/wp-content\/uploads\/2018\/10\/eaten_apple.png","width":1176,"height":1182,"caption":"Suurniemen tila"},"image":{"@id":"https:\/\/suurniementila.com\/#\/schema\/logo\/image\/"},"sameAs":["https:\/\/www.facebook.com\/suurniementila","https:\/\/www.instagram.com\/suurniementila\/"]}]}},"_links":{"self":[{"href":"https:\/\/suurniementila.com\/en\/wp-json\/wp\/v2\/pages\/123","targetHints":{"allow":["GET"]}}],"collection":[{"href":"https:\/\/suurniementila.com\/en\/wp-json\/wp\/v2\/pages"}],"about":[{"href":"https:\/\/suurniementila.com\/en\/wp-json\/wp\/v2\/types\/page"}],"author":[{"embeddable":true,"href":"https:\/\/suurniementila.com\/en\/wp-json\/wp\/v2\/users\/16"}],"replies":[{"embeddable":true,"href":"https:\/\/suurniementila.com\/en\/wp-json\/wp\/v2\/comments?post=123"}],"version-history":[{"count":20,"href":"https:\/\/suurniementila.com\/en\/wp-json\/wp\/v2\/pages\/123\/revisions"}],"predecessor-version":[{"id":2319,"href":"https:\/\/suurniementila.com\/en\/wp-json\/wp\/v2\/pages\/123\/revisions\/2319"}],"wp:attachment":[{"href":"https:\/\/suurniementila.com\/en\/wp-json\/wp\/v2\/media?parent=123"}],"curies":[{"name":"wp","href":"https:\/\/api.w.org\/{rel}","templated":true}]}}