{"id":3,"date":"2018-10-20T19:32:02","date_gmt":"2018-10-20T19:32:02","guid":{"rendered":"http:\/\/suurniementila.azurewebsites.net\/?page_id=3"},"modified":"2019-02-11T20:15:18","modified_gmt":"2019-02-11T18:15:18","slug":"privacy-policy","status":"publish","type":"page","link":"https:\/\/suurniementila.com\/en\/privacy-policy\/","title":{"rendered":"Privacy Policy"},"content":{"rendered":"\t\t<div data-elementor-type=\"wp-post\" data-elementor-id=\"3\" class=\"elementor elementor-3 elementor-bc-flex-widget\">\n\t\t\t\t\t\t<section class=\"elementor-section elementor-top-section elementor-element elementor-element-1d7388b7 elementor-section-boxed elementor-section-height-default elementor-section-height-default\" data-id=\"1d7388b7\" data-element_type=\"section\" data-e-type=\"section\">\n\t\t\t\t\t\t<div class=\"elementor-container elementor-column-gap-default\">\n\t\t\t\t\t<div class=\"elementor-column elementor-col-100 elementor-top-column elementor-element elementor-element-3ffd3a9b\" data-id=\"3ffd3a9b\" data-element_type=\"column\" data-e-type=\"column\">\n\t\t\t<div class=\"elementor-widget-wrap elementor-element-populated\">\n\t\t\t\t\t\t<div class=\"elementor-element elementor-element-b1eee9e elementor-widget elementor-widget-heading\" data-id=\"b1eee9e\" data-element_type=\"widget\" data-e-type=\"widget\" data-widget_type=\"heading.default\">\n\t\t\t\t<div class=\"elementor-widget-container\">\n\t\t\t\t\t<h1 class=\"elementor-heading-title elementor-size-default\">Tietosuojaseloste<\/h1>\t\t\t\t<\/div>\n\t\t\t\t<\/div>\n\t\t\t\t<div class=\"elementor-element elementor-element-6cf7fb94 elementor-widget elementor-widget-text-editor\" data-id=\"6cf7fb94\" data-element_type=\"widget\" data-e-type=\"widget\" data-widget_type=\"text-editor.default\">\n\t\t\t\t<div class=\"elementor-widget-container\">\n\t\t\t\t\t\t\t\t\t<h2><strong style=\"font-size: 15px; color: #7a7a7a;\">Rekisteri- ja tietosuojaseloste, M\u00f6kkivuokraus Suurniemen Tila<\/strong><\/h2><p>Suurniemen Tilan m\u00f6kkivuokrauksessa on kyse korkealaatuisten m\u00f6kkivuokrauksen ja siihen mahdollisesti liittyvien muiden palveluiden ja tuotteiden tarjoamisesta.<\/p><p>Hy\u00f6dyllist\u00e4 ja vierailun kannalta oleellista tietoa tarjotaan maksuttomasti jo m\u00f6kiss\u00e4 vierailleille sek\u00e4 m\u00f6kist\u00e4 ja siihen liittyv\u00e4st\u00e4 toiminnasta kiinnostuneille s\u00e4hk\u00f6postin ja mahdollisesti muiden kanavien v\u00e4lityksell\u00e4.<\/p><p>Tietoa tarjotaan sek\u00e4 rekistereiss\u00e4 oleville ett\u00e4 muille asiasta kiinnostuneille muun muassa sosiaalisen median avulla.<\/p><p>Maksullista vierailua ja mahdollisia muita palveluita tai tuotteita tarjotaan m\u00f6kkivuokraukseen liittyen.<\/p><p>Henkil\u00f6tietoja tai osaa niist\u00e4 ei koskaan luovuteta ulkopuolisille.<\/p><p>Viestinn\u00e4ss\u00e4 pyrit\u00e4\u00e4n tarjoamaan sek\u00e4 hy\u00f6tytietoa ett\u00e4 markkinoimaan maksullisia tuotteita. Myynnill\u00e4 palvelu rahoittaa toimintansa. Ket\u00e4\u00e4n ei pakoteta vastaanottamaan viestej\u00e4 palvelusta. Markkinointia l\u00e4hetet\u00e4\u00e4n vain jo m\u00f6kiss\u00e4 vierailleille tai muuta kiinnostusta osoittaneille. Henkil\u00f6tietoja ei k\u00e4sitell\u00e4 muita kuin niit\u00e4 tarkoituksia varten, joiden vuoksi henkil\u00f6tiedot on alun perin ker\u00e4tty ja alkuper\u00e4isen tarkoituksen kanssa yhteensopiviin tarkoituksiin.<\/p><p>My\u00f6hempi k\u00e4sittely muun muassa yleisen edun mukaisiin arkistointitarkoituksiin tai esimerkiksi tilastollisiin tarkoituksiin ovat kuitenkin yhteensopivia, laillisia k\u00e4sittelytoimia. Rekister\u00f6idyll\u00e4 on oikeus vastustaa h\u00e4nen tilannettaan koskevien henkil\u00f6tietojen k\u00e4sittely\u00e4. T\u00e4ll\u00f6in rekisterinpit\u00e4j\u00e4n osoitettavaksi j\u00e4\u00e4, ett\u00e4 rekisterinpit\u00e4j\u00e4n huomattavan t\u00e4rke\u00e4t, oikeutetut edut voivat syrj\u00e4ytt\u00e4\u00e4 rekister\u00f6idyn edut tai oikeudet.<\/p><p>Rekisterinpit\u00e4j\u00e4n oikeutetun edun mukaiseksi on katsottava, ett\u00e4 t\u00e4m\u00e4 ilmoittaa mahdollisista rikollisista teoista tai yleiseen turvallisuuteen kohdistuvista uhista ja toimittaa olennaiset henkil\u00f6tiedot toimivaltaisille viranomaisille yksitt\u00e4istapauksissa tai useissa tapauksissa, jotka liittyv\u00e4t samaan rikolliseen tekoon tai yleiseen turvallisuuteen kohdistuvaan uhkaan. T\u00e4llaisen tietojen siirron rekisterinpit\u00e4j\u00e4n oikeutetun edun nimiss\u00e4 tai henkil\u00f6tietojen my\u00f6hemm\u00e4n k\u00e4sittelyn olisi kuitenkin oltava kielletty\u00e4, mik\u00e4li k\u00e4sittely on ristiriidassa johonkin oikeudelliseen, ammatilliseen tai muuhun sitovaan salassapitovelvollisuuteen n\u00e4hden.<\/p><p>Tilauksen voi peruuttaa ottamalla yhteytt\u00e4 rekisterinpit\u00e4j\u00e4\u00e4n. Peruutus tulee v\u00e4litt\u00f6m\u00e4sti voimaan. Poiskirjautuneiden tiedot poistetaan rekisterist\u00e4. Henkil\u00f6tietoja k\u00e4sittelev\u00e4 on velvollinen ilmoittamaan rekisterinpit\u00e4j\u00e4lle, ett\u00e4 rekister\u00f6ity on pyyt\u00e4nyt kaikkien n\u00e4ihin tietoihin liittyvien linkkien tai n\u00e4iden j\u00e4ljenn\u00f6sten tai kopioiden poistamista.<\/p><p><strong>Rekisteri- ja tietosuojaseloste<\/strong><\/p><p>Rekisteri- ja tietosuojaseloste on EU:n yleisen tietosuoja-asetuksen (Euroopan parlamentin ja neuvoston asetus (EU) 2016\/679) mukainen.<\/p><p>M\u00f6kkivuokrauspalvelun s\u00e4hk\u00f6postilistalle kirjautuessaan luovutetaan s\u00e4hk\u00f6postiosoite m\u00f6kkivuokrauspalvelun hallinnoijan, Hanna Savelainen \/ Suurniemen Tila k\u00e4ytt\u00f6\u00f6n. Rekisterien k\u00e4yt\u00f6st\u00e4 vastaa Hanna Savelainen, joka lupaa k\u00e4ytt\u00e4\u00e4 s\u00e4hk\u00f6postiosoitteita vain Suurniemen Tilan-m\u00f6kkivuokrauksen listalaisille hy\u00f6dyllisen tiedon jakamiseen.<\/p><p><strong>Yksityisyys ja tietosuoja<\/strong><\/p><p>Suurniemen Tilan asiakastiedot ovat luottamuksellisia eik\u00e4 niit\u00e4 eik\u00e4 osaakaan niist\u00e4 luovuteta kolmansille osapuolille, ellei rekister\u00f6ity ole antanut suostumustaan tai k\u00e4sittely perustu unionin oikeuteen tai j\u00e4senvaltion lains\u00e4\u00e4d\u00e4nt\u00f6\u00f6n, joka muodostaa demokraattisessa yhteiskunnassa v\u00e4ltt\u00e4m\u00e4tt\u00f6m\u00e4n ja oikeasuhteisen toimenpiteen, jolla pyrit\u00e4\u00e4n turvaamaan erityisesti yleiseen julkiseen etuun liittyvi\u00e4 t\u00e4rkeit\u00e4 tavoitteita.<\/p>[M\u00f6kkivuokraus]palvelun sivulla ei s\u00e4ilytet\u00e4 kuluttajan pankkiyhteystietoja eik\u00e4 luottokorttitietoja.<\/p><p><strong>Rekisterinpit\u00e4j\u00e4 ja tietosuojavastaava<\/strong><\/p><p>Rekisterinpit\u00e4j\u00e4n ja tietosuojavastaavan yhteystiedot:<\/p><p>Suurniemen Tila (y-tunnus: 2709281-4)<\/p><p>www.suurniementila.com<\/p><p>Hanna Savelainen<\/p><p>puh. 0503451551<\/p><p>s\u00e4hk\u00f6posti: info@suurniementila.com<\/p><p>postiosoite: Suurniementie 347, 08100 Lohja<\/p><p>Rekisterin nimi<\/p><p>Suurniemen Tilan Markkinointirekisteri<\/p><p>Suurniemen Tilan Asiakasrekisteri<\/p><p>Suurniemen Tilan Matkustajailmoitusarkisto<\/p><p><strong>Henkil\u00f6tietojen k\u00e4sittelyn tarkoitus<\/strong><\/p><p>Henkil\u00f6tietojen k\u00e4sittelyn tarkoitus ja perusteet ovat:<\/p><p>Henkil\u00f6tietojen ensisijaisena perusteena on Suurniemen Tilan asiakkaan ja Suurniemen Tilan v\u00e4linen asiakassuhde, asiakkaan suostumus, asiakkaan antama toimeksianto tai muu asiallinen yhteys.<\/p><p>Henkil\u00f6tietoja voidaan k\u00e4sitell\u00e4 asiakassuhteen, asiakaspalvelun ja niihin liittyv\u00e4n viestinn\u00e4n ja markkinoinnin hoitamiseksi, toteuttamiseksi, kehitt\u00e4miseksi ja seuraamiseksi.<\/p><p>Asiakkaiden henkil\u00f6tietoja k\u00e4sitelless\u00e4\u00e4n Suurniemen Tila noudattaa EU:n tietosuoja-asetusta, henkil\u00f6tietolakia, lakia yksityisyyden suojasta, tietoturvasta sek\u00e4 muuta tietosuojaan liittyv\u00e4\u00e4 lains\u00e4\u00e4d\u00e4nt\u00f6\u00e4 ja hyv\u00e4\u00e4 tietojenk\u00e4sittelytapaa.<\/p><p><strong>Rekisterin k\u00e4ytt\u00f6tarkoitus<\/strong><\/p><p>Rekisterin k\u00e4ytt\u00f6tarkoitus on Suurniemen Tilan m\u00f6kkivuokrauspalvelun listalaisille hy\u00f6dyllisten asioiden tiedottaminen ja asiakasrekisterin yll\u00e4pit\u00e4minen.<\/p><p>Rekisteri\u00e4 k\u00e4ytet\u00e4\u00e4n my\u00f6s asiakaskyselyihin ja tiedottamiseen, toiminnan kehitt\u00e4miseen ja tilastollisiin sek\u00e4 markkinointitarkoituksiin.<\/p><p>Henkil\u00f6tietoja k\u00e4sitell\u00e4\u00e4n henkil\u00f6tietolain sallimissa ja edellytt\u00e4miss\u00e4 rajoissa. Rekisterin tietoja ei luovuteta kolmansille osapuolille ellei lains\u00e4\u00e4d\u00e4nn\u00f6ss\u00e4 nimenomaisesti s\u00e4\u00e4det\u00e4 henkil\u00f6tietojen luovuttamisesta.<\/p><p>Jos henkil\u00f6tietoja laillisesti luovutetaan toiselle vastaanottajalle, rekister\u00f6idylle ilmoitetaan t\u00e4st\u00e4 silloin, kun henkil\u00f6tietoja luovutetaan ensimm\u00e4isen kerran. Henkil\u00f6n tai yrityksen tietojen rekister\u00f6inti johtuu lakiin perustuvasta rekister\u00f6intivelvoitteesta.<\/p><p>Mik\u00e4li rekistereit\u00e4 aiotaan k\u00e4ytt\u00e4\u00e4 edelleen muuhun tarkoitukseen kuin siihen, johon tiedot on ker\u00e4tty, rekisterinpit\u00e4j\u00e4n velvollisuus on ilmoittaa siit\u00e4 rekister\u00f6idylle ennen kyseist\u00e4 jatkok\u00e4sittely\u00e4 ja annettava t\u00e4lle siit\u00e4 kaikki asiaankuuluvat lis\u00e4tiedot. Rekister\u00f6idylle ilmoitetaan mahdollisen profiloinnin olemassaolosta ja sen seurauksista. Jos henkil\u00f6tietoja ker\u00e4t\u00e4\u00e4n<\/p><p>rekister\u00f6idylt\u00e4, t\u00e4lle lis\u00e4ksi ilmoitetaan, onko h\u00e4nen pakko toimittaa henkil\u00f6tiedot, sek\u00e4 kielt\u00e4ytymisen seurauksista.<\/p><p><strong>Rekister\u00f6ityjen ryhm\u00e4t<\/strong><\/p><p>Markkinointirekisteri:<\/p><p>Henkil\u00f6 on ottanut itse yhteytt\u00e4 Suurniemen Tilaan tiedusteluja varten, osallistunut j\u00e4rjestettyyn tapahtumaan, kilpailuun tai muuhun vastaavaan toimintaan ja on itse vapaaehtoisesti luovuttanut s\u00e4hk\u00f6postinsa ja\/tai muut yhteystietonsa Suurniemen Tilan markkinointirekisteriin. Siten rekister\u00f6ity on antanut<\/p><p>suostumuksensa henkil\u00f6tietojensa k\u00e4sittelyyn tietosuoja-asetuksen 6 artiklan 1. pyk\u00e4l\u00e4n a-kohdan mukaisesti.<\/p><p>Matkustajarekisteri:<\/p><p>Matkustajarekisteri koostuu matkustajailmoituksista, joita s\u00e4\u00e4telee laki majoitus- ja ravitsemistoiminnasta. Henkil\u00f6 on vieraillut m\u00f6kiss\u00e4 ja t\u00e4ytt\u00e4nyt lakis\u00e4\u00e4teisen matkustajailmoituksen. Matkustajailmoitusten s\u00e4ilytt\u00e4mist\u00e4 ja tiedonker\u00e4\u00e4misess\u00e4 noudatetaan sit\u00e4 s\u00e4\u00e4telev\u00e4\u00e4 lakia. https:\/\/www.finlex.fi\/fi\/laki\/ajantasa\/2006\/20060308#P6<\/p><p>\u201dMajoitustoiminnan harjoittajan on s\u00e4ilytett\u00e4v\u00e4 matkustajailmoitukset ja -tiedot yhden vuoden ajan matkustajailmoituksen allekirjoittamisp\u00e4iv\u00e4st\u00e4, mink\u00e4 j\u00e4lkeen ne on h\u00e4vitett\u00e4v\u00e4. Matkustajarekisteriss\u00e4 olevat matkustajatiedot on s\u00e4ilytett\u00e4v\u00e4 yhden vuoden ajan niiden merkitsemisest\u00e4, mink\u00e4 j\u00e4lkeen ne on h\u00e4vitett\u00e4v\u00e4. Asiakaspalveluun ja suoramarkkinointiin k\u00e4ytett\u00e4vien tietojen poistamiseen rekisterist\u00e4 sovelletaan kuitenkin, mit\u00e4 henkil\u00f6tietolain 29 \u00a7:ss\u00e4 s\u00e4\u00e4det\u00e4\u00e4n.\u201d<\/p><p>Asiakasrekisteri:<\/p><p>Henkil\u00f6 on vieraillut m\u00f6kiss\u00e4 ja t\u00e4ytt\u00e4\u00e4 siten asiakkaan edellytykset.<\/p><p><strong>Rekistereiden sis\u00e4lt\u00e4m\u00e4t tiedot<\/strong><\/p><p>Markkinointirekisteri sis\u00e4lt\u00e4\u00e4 seuraavat tiedot:<\/p><p>Nimi<\/p><p>S\u00e4hk\u00f6postiosoite<\/p><p>(Kiinnostuksen kohteet: palvelut tai tuotteet)<\/p><p>Matkustajarekisteri sis\u00e4lt\u00e4\u00e4 matkustajailmoituksen tiedot.<\/p><p>Asiakasrekisteri sis\u00e4lt\u00e4\u00e4 seuraavat tiedot:<\/p><p>Nimi<\/p><p>S\u00e4hk\u00f6postiosoite<\/p><p>Osoite<\/p><p>Puhelinnumero<\/p><p>(Vierailuun liittyv\u00e4t olennaiset tiedot)<\/p><p>Tietol\u00e4hteet<\/p><p>Rekister\u00f6ity itse ja rekister\u00f6idyn asiakkuuteen, palveluiden k\u00e4ytt\u00f6\u00f6n, viestint\u00e4\u00e4n sek\u00e4 asiointiin liittyv\u00e4t tapahtumat.<\/p><p><strong>Tietojen luovutus<\/strong><\/p><p>Tietoja tai osaakaan niist\u00e4 ei luovuteta Suurniemen Tilan ulkopuolelle. Tietoja ei luovuteta EU:n eik\u00e4 Euroopan talousalueen ulkopuolelle. N\u00e4in ollen rekister\u00f6idyn ei tarvitse k\u00e4ytt\u00e4\u00e4 oikeuttaan vastustaa k\u00e4sittely\u00e4 tai tietojensiirtoa.<\/p><p><strong>Tietojen s\u00e4ilytys<\/strong><\/p><p>Tietoja s\u00e4ilytet\u00e4\u00e4n vain sen ajan, kun se on asianmukaista eik\u00e4 henkil\u00f6tietoja s\u00e4ilytet\u00e4 pidemp\u00e4\u00e4n kuin on tarpeen. Koska tiedot ovat perustellusti tarpeellisia toiminnan palvelevan hengen toteuttamiseksi, tiedot poistetaan l\u00e4ht\u00f6kohtaisesti vain, jos henkil\u00f6 itse pyyt\u00e4\u00e4 tietojen poistoa yhteydenottojen peruutuksella tai muutoin vastustaa tietojen k\u00e4sittely\u00e4. Tiedot poistetaan viimeist\u00e4\u00e4n, mik\u00e4li m\u00f6kkivuokraustoiminta lopetetaan.<\/p><p><strong>Rekisterin suojaus<\/strong><\/p><p>Rekisteri\u00e4 ei luovuteta sivullisille. Rekisteri sijaitsee salasanasuojatulla palvelimella.<\/p><p>Manuaalinen aineisto: Tietoja s\u00e4ilytet\u00e4\u00e4n rekisterinpit\u00e4j\u00e4n lukituissa toimistotiloissa.<\/p><p>S\u00e4hk\u00f6inen aineisto: Rekisteriin on k\u00e4ytt\u00f6oikeus rekisterinpit\u00e4j\u00e4ll\u00e4 sek\u00e4 niill\u00e4 rekisterinpit\u00e4j\u00e4n ty\u00f6ntekij\u00f6ill\u00e4, jotka tarvitsevat tietoja ty\u00f6teht\u00e4viss\u00e4\u00e4n. K\u00e4ytt\u00e4j\u00e4t tunnistetaan k\u00e4ytt\u00e4j\u00e4tunnuksen ja salasanan avulla.<\/p><p>Rekisterinpit\u00e4j\u00e4 ilmoittaa henkil\u00f6tietojen tietoturvaloukkauksesta valvontaviranomaiselle ilman aiheetonta viivytyst\u00e4 heti, kun se on tullut rekisterinpit\u00e4j\u00e4n tietoon ja mahdollisuuksien mukaan 72 tunnin kuluessa, paitsi jos rekisterinpit\u00e4j\u00e4 pystyy osoittamaan tilivelvollisuusperiaatteen mukaisesti, ett\u00e4 henkil\u00f6tietojen tietoturvaloukkauksesta ei todenn\u00e4k\u00f6isesti aiheudu luonnollisten henkil\u00f6iden oikeuksiin ja vapauksiin kohdistuvaa riski\u00e4. Jos t\u00e4llaista ilmoitusta ei voida tehd\u00e4 72 tunnin kuluessa, ilmoitukseen liitet\u00e4\u00e4n selvitys viivytyksen syist\u00e4, ja tietoa voidaan antaa vaiheittain ilman aiheetonta lis\u00e4viivytyst\u00e4.<\/p><p>Rekisterinpit\u00e4j\u00e4n on dokumentoitava kaikki henkil\u00f6tietojen tietoturvaloukkaukset, mukaan lukien henkil\u00f6tietojen tietoturvaloukkaukseen liittyv\u00e4t seikat, sen vaikutukset ja toteutetut korjaavat toimet. Valvontaviranomaisen on voitava t\u00e4m\u00e4n dokumentoinnin avulla tarkistaa, ett\u00e4 tietosuoja-asetusta on noudatettu. Mik\u00e4li henkil\u00f6tietojen tietoturvaloukkaus todenn\u00e4k\u00f6isesti aiheuttaa korkean riskin luonnollisten henkil\u00f6iden oikeuksille ja vapauksille, rekisterinpit\u00e4j\u00e4n on ilmoitettava tietoturvaloukkauksesta rekister\u00f6idylle ilman aiheetonta viivytyst\u00e4.<\/p><p><strong>Tarkastusoikeus<\/strong><\/p><p>Rekister\u00f6idyll\u00e4 on oikeus tarkistaa, mit\u00e4 h\u00e4nt\u00e4 koskevia tietoja asiakasrekisteriin on talletettu. Tarkastuspyynn\u00f6t osoitetaan rekisterinpit\u00e4j\u00e4lle, yhteystiedot yll\u00e4.<\/p><p><strong>Oikeus vaatia tiedon korjaamista ja peruuttaa suostumus<\/strong><\/p><p>Suurniemen Tila oikaisee, poistaa tai t\u00e4ydent\u00e4\u00e4 rekisteriss\u00e4\u00e4n olevan, k\u00e4sittelyn tarkoituksen kannalta virheellisen, tarpeettoman, puutteellisen tai vanhentuneen henkil\u00f6tiedon oma-aloitteisesti tai rekister\u00f6idyn asiakkaan vaatimuksesta.<\/p><p>Asiakas voi tehd\u00e4 mahdollisen korjauspyynt\u00f6ns\u00e4 joko kirjallisesti postittamalla omak\u00e4tisesti allekirjoitetun yksil\u00f6idyn korjauspyynn\u00f6n Suurniemen Tila asiakasrekisterin yhteyshenkil\u00f6lle rekisterinpit\u00e4j\u00e4n postiosoitteeseen tai l\u00e4hett\u00e4m\u00e4ll\u00e4 s\u00e4hk\u00f6postia rekisterinpit\u00e4j\u00e4n s\u00e4hk\u00f6postiosoitteeseen. Tiedonkorjaamispyynn\u00f6t osoitetaan rekisterinpit\u00e4j\u00e4lle, ks. yhteystiedot yll\u00e4.<\/p><p>Rekister\u00f6idyll\u00e4 on my\u00f6s oikeus tehd\u00e4 valitus valvontaviranomaiselle. Suomessa t\u00e4t\u00e4 valvontaa hoitaa tietosuojavaltuutettu.<\/p>\t\t\t\t\t\t\t\t<\/div>\n\t\t\t\t<\/div>\n\t\t\t\t\t<\/div>\n\t\t<\/div>\n\t\t\t\t\t<\/div>\n\t\t<\/section>\n\t\t\t\t<\/div>\n\t\t<!-- AddThis Advanced Settings generic via filter on the_content --><!-- AddThis Share Buttons generic via filter on the_content -->","protected":false},"excerpt":{"rendered":"<p>Tietosuojaseloste Rekisteri- ja tietosuojaseloste, M\u00f6kkivuokraus Suurniemen Tila Suurniemen Tilan m\u00f6kkivuokrauksessa on kyse korkealaatuisten m\u00f6kkivuokrauksen ja siihen mahdollisesti liittyvien muiden palveluiden ja tuotteiden tarjoamisesta. Hy\u00f6dyllist\u00e4 ja vierailun kannalta oleellista tietoa tarjotaan maksuttomasti jo m\u00f6kiss\u00e4 vierailleille sek\u00e4 m\u00f6kist\u00e4 ja siihen liittyv\u00e4st\u00e4 toiminnasta kiinnostuneille s\u00e4hk\u00f6postin ja mahdollisesti muiden kanavien v\u00e4lityksell\u00e4. Tietoa tarjotaan sek\u00e4 rekistereiss\u00e4 oleville ett\u00e4 muille asiasta [&hellip;]<!-- AddThis Advanced Settings generic via filter on get_the_excerpt --><!-- AddThis Share Buttons generic via filter on get_the_excerpt --><\/p>\n","protected":false},"author":16,"featured_media":0,"parent":0,"menu_order":0,"comment_status":"closed","ping_status":"open","template":"","meta":{"_monsterinsights_skip_tracking":false,"_monsterinsights_sitenote_active":false,"_monsterinsights_sitenote_note":"","_monsterinsights_sitenote_category":0,"footnotes":""},"class_list":["post-3","page","type-page","status-publish","hentry"],"yoast_head":"<!-- This site is optimized with the Yoast SEO plugin v27.3 - https:\/\/yoast.com\/product\/yoast-seo-wordpress\/ -->\n<title>Privacy Policy - Suurniemen tila<\/title>\n<meta name=\"robots\" content=\"index, follow, max-snippet:-1, max-image-preview:large, max-video-preview:-1\" \/>\n<link rel=\"canonical\" href=\"https:\/\/suurniementila.com\/en\/privacy-policy\/\" \/>\n<meta property=\"og:locale\" content=\"en_US\" \/>\n<meta property=\"og:type\" content=\"article\" \/>\n<meta property=\"og:title\" content=\"Privacy Policy - Suurniemen tila\" \/>\n<meta property=\"og:description\" content=\"Tietosuojaseloste Rekisteri- ja tietosuojaseloste, M\u00f6kkivuokraus Suurniemen Tila Suurniemen Tilan m\u00f6kkivuokrauksessa on kyse korkealaatuisten m\u00f6kkivuokrauksen ja siihen mahdollisesti liittyvien muiden palveluiden ja tuotteiden tarjoamisesta. Hy\u00f6dyllist\u00e4 ja vierailun kannalta oleellista tietoa tarjotaan maksuttomasti jo m\u00f6kiss\u00e4 vierailleille sek\u00e4 m\u00f6kist\u00e4 ja siihen liittyv\u00e4st\u00e4 toiminnasta kiinnostuneille s\u00e4hk\u00f6postin ja mahdollisesti muiden kanavien v\u00e4lityksell\u00e4. Tietoa tarjotaan sek\u00e4 rekistereiss\u00e4 oleville ett\u00e4 muille asiasta [&hellip;]\" \/>\n<meta property=\"og:url\" content=\"https:\/\/suurniementila.com\/en\/privacy-policy\/\" \/>\n<meta property=\"og:site_name\" content=\"Suurniemen tila\" \/>\n<meta property=\"article:publisher\" content=\"https:\/\/www.facebook.com\/suurniementila\" \/>\n<meta property=\"article:modified_time\" content=\"2019-02-11T18:15:18+00:00\" \/>\n<meta name=\"twitter:card\" content=\"summary_large_image\" \/>\n<meta name=\"twitter:label1\" content=\"Est. reading time\" \/>\n\t<meta name=\"twitter:data1\" content=\"7 minutes\" \/>\n<script type=\"application\/ld+json\" class=\"yoast-schema-graph\">{\"@context\":\"https:\\\/\\\/schema.org\",\"@graph\":[{\"@type\":\"WebPage\",\"@id\":\"https:\\\/\\\/suurniementila.com\\\/privacy-policy\\\/\",\"url\":\"https:\\\/\\\/suurniementila.com\\\/privacy-policy\\\/\",\"name\":\"Privacy Policy - Suurniemen tila\",\"isPartOf\":{\"@id\":\"https:\\\/\\\/suurniementila.com\\\/#website\"},\"datePublished\":\"2018-10-20T19:32:02+00:00\",\"dateModified\":\"2019-02-11T18:15:18+00:00\",\"breadcrumb\":{\"@id\":\"https:\\\/\\\/suurniementila.com\\\/privacy-policy\\\/#breadcrumb\"},\"inLanguage\":\"en-US\",\"potentialAction\":[{\"@type\":\"ReadAction\",\"target\":[\"https:\\\/\\\/suurniementila.com\\\/privacy-policy\\\/\"]}]},{\"@type\":\"BreadcrumbList\",\"@id\":\"https:\\\/\\\/suurniementila.com\\\/privacy-policy\\\/#breadcrumb\",\"itemListElement\":[{\"@type\":\"ListItem\",\"position\":1,\"name\":\"Home\",\"item\":\"https:\\\/\\\/suurniementila.com\\\/\"},{\"@type\":\"ListItem\",\"position\":2,\"name\":\"Privacy Policy\"}]},{\"@type\":\"WebSite\",\"@id\":\"https:\\\/\\\/suurniementila.com\\\/#website\",\"url\":\"https:\\\/\\\/suurniementila.com\\\/\",\"name\":\"Suurniemen tila\",\"description\":\"M\u00f6kkivuokrausta \u23ae Rental Cottages\",\"publisher\":{\"@id\":\"https:\\\/\\\/suurniementila.com\\\/#organization\"},\"potentialAction\":[{\"@type\":\"SearchAction\",\"target\":{\"@type\":\"EntryPoint\",\"urlTemplate\":\"https:\\\/\\\/suurniementila.com\\\/?s={search_term_string}\"},\"query-input\":{\"@type\":\"PropertyValueSpecification\",\"valueRequired\":true,\"valueName\":\"search_term_string\"}}],\"inLanguage\":\"en-US\"},{\"@type\":\"Organization\",\"@id\":\"https:\\\/\\\/suurniementila.com\\\/#organization\",\"name\":\"Suurniemen tila\",\"url\":\"https:\\\/\\\/suurniementila.com\\\/\",\"logo\":{\"@type\":\"ImageObject\",\"inLanguage\":\"en-US\",\"@id\":\"https:\\\/\\\/suurniementila.com\\\/#\\\/schema\\\/logo\\\/image\\\/\",\"url\":\"https:\\\/\\\/suurniementila.com\\\/wp-content\\\/uploads\\\/2018\\\/10\\\/eaten_apple.png\",\"contentUrl\":\"https:\\\/\\\/suurniementila.com\\\/wp-content\\\/uploads\\\/2018\\\/10\\\/eaten_apple.png\",\"width\":1176,\"height\":1182,\"caption\":\"Suurniemen tila\"},\"image\":{\"@id\":\"https:\\\/\\\/suurniementila.com\\\/#\\\/schema\\\/logo\\\/image\\\/\"},\"sameAs\":[\"https:\\\/\\\/www.facebook.com\\\/suurniementila\",\"https:\\\/\\\/www.instagram.com\\\/suurniementila\\\/\"]}]}<\/script>\n<!-- \/ Yoast SEO plugin. -->","yoast_head_json":{"title":"Privacy Policy - Suurniemen tila","robots":{"index":"index","follow":"follow","max-snippet":"max-snippet:-1","max-image-preview":"max-image-preview:large","max-video-preview":"max-video-preview:-1"},"canonical":"https:\/\/suurniementila.com\/en\/privacy-policy\/","og_locale":"en_US","og_type":"article","og_title":"Privacy Policy - Suurniemen tila","og_description":"Tietosuojaseloste Rekisteri- ja tietosuojaseloste, M\u00f6kkivuokraus Suurniemen Tila Suurniemen Tilan m\u00f6kkivuokrauksessa on kyse korkealaatuisten m\u00f6kkivuokrauksen ja siihen mahdollisesti liittyvien muiden palveluiden ja tuotteiden tarjoamisesta. Hy\u00f6dyllist\u00e4 ja vierailun kannalta oleellista tietoa tarjotaan maksuttomasti jo m\u00f6kiss\u00e4 vierailleille sek\u00e4 m\u00f6kist\u00e4 ja siihen liittyv\u00e4st\u00e4 toiminnasta kiinnostuneille s\u00e4hk\u00f6postin ja mahdollisesti muiden kanavien v\u00e4lityksell\u00e4. Tietoa tarjotaan sek\u00e4 rekistereiss\u00e4 oleville ett\u00e4 muille asiasta [&hellip;]","og_url":"https:\/\/suurniementila.com\/en\/privacy-policy\/","og_site_name":"Suurniemen tila","article_publisher":"https:\/\/www.facebook.com\/suurniementila","article_modified_time":"2019-02-11T18:15:18+00:00","twitter_card":"summary_large_image","twitter_misc":{"Est. reading time":"7 minutes"},"schema":{"@context":"https:\/\/schema.org","@graph":[{"@type":"WebPage","@id":"https:\/\/suurniementila.com\/privacy-policy\/","url":"https:\/\/suurniementila.com\/privacy-policy\/","name":"Privacy Policy - Suurniemen tila","isPartOf":{"@id":"https:\/\/suurniementila.com\/#website"},"datePublished":"2018-10-20T19:32:02+00:00","dateModified":"2019-02-11T18:15:18+00:00","breadcrumb":{"@id":"https:\/\/suurniementila.com\/privacy-policy\/#breadcrumb"},"inLanguage":"en-US","potentialAction":[{"@type":"ReadAction","target":["https:\/\/suurniementila.com\/privacy-policy\/"]}]},{"@type":"BreadcrumbList","@id":"https:\/\/suurniementila.com\/privacy-policy\/#breadcrumb","itemListElement":[{"@type":"ListItem","position":1,"name":"Home","item":"https:\/\/suurniementila.com\/"},{"@type":"ListItem","position":2,"name":"Privacy Policy"}]},{"@type":"WebSite","@id":"https:\/\/suurniementila.com\/#website","url":"https:\/\/suurniementila.com\/","name":"Suurniemen tila","description":"M\u00f6kkivuokrausta \u23ae Rental Cottages","publisher":{"@id":"https:\/\/suurniementila.com\/#organization"},"potentialAction":[{"@type":"SearchAction","target":{"@type":"EntryPoint","urlTemplate":"https:\/\/suurniementila.com\/?s={search_term_string}"},"query-input":{"@type":"PropertyValueSpecification","valueRequired":true,"valueName":"search_term_string"}}],"inLanguage":"en-US"},{"@type":"Organization","@id":"https:\/\/suurniementila.com\/#organization","name":"Suurniemen tila","url":"https:\/\/suurniementila.com\/","logo":{"@type":"ImageObject","inLanguage":"en-US","@id":"https:\/\/suurniementila.com\/#\/schema\/logo\/image\/","url":"https:\/\/suurniementila.com\/wp-content\/uploads\/2018\/10\/eaten_apple.png","contentUrl":"https:\/\/suurniementila.com\/wp-content\/uploads\/2018\/10\/eaten_apple.png","width":1176,"height":1182,"caption":"Suurniemen tila"},"image":{"@id":"https:\/\/suurniementila.com\/#\/schema\/logo\/image\/"},"sameAs":["https:\/\/www.facebook.com\/suurniementila","https:\/\/www.instagram.com\/suurniementila\/"]}]}},"_links":{"self":[{"href":"https:\/\/suurniementila.com\/en\/wp-json\/wp\/v2\/pages\/3","targetHints":{"allow":["GET"]}}],"collection":[{"href":"https:\/\/suurniementila.com\/en\/wp-json\/wp\/v2\/pages"}],"about":[{"href":"https:\/\/suurniementila.com\/en\/wp-json\/wp\/v2\/types\/page"}],"author":[{"embeddable":true,"href":"https:\/\/suurniementila.com\/en\/wp-json\/wp\/v2\/users\/16"}],"replies":[{"embeddable":true,"href":"https:\/\/suurniementila.com\/en\/wp-json\/wp\/v2\/comments?post=3"}],"version-history":[{"count":6,"href":"https:\/\/suurniementila.com\/en\/wp-json\/wp\/v2\/pages\/3\/revisions"}],"predecessor-version":[{"id":1528,"href":"https:\/\/suurniementila.com\/en\/wp-json\/wp\/v2\/pages\/3\/revisions\/1528"}],"wp:attachment":[{"href":"https:\/\/suurniementila.com\/en\/wp-json\/wp\/v2\/media?parent=3"}],"curies":[{"name":"wp","href":"https:\/\/api.w.org\/{rel}","templated":true}]}}