{"id":49,"date":"2018-10-22T18:11:34","date_gmt":"2018-10-22T18:11:34","guid":{"rendered":"http:\/\/suurniementila.azurewebsites.net\/?page_id=49"},"modified":"2025-02-26T11:03:33","modified_gmt":"2025-02-26T09:03:33","slug":"etusivu","status":"publish","type":"page","link":"https:\/\/suurniementila.com\/en\/","title":{"rendered":"Home"},"content":{"rendered":"<div data-elementor-type=\"wp-post\" data-elementor-id=\"49\" class=\"elementor elementor-49\">\n\t\t\t\t\t\t<section class=\"elementor-section elementor-top-section elementor-element elementor-element-39a4f8e elementor-section-full_width elementor-section-height-min-height elementor-section-content-middle elementor-section-stretched elementor-section-height-default elementor-section-items-middle\" data-id=\"39a4f8e\" data-element_type=\"section\" data-e-type=\"section\" data-settings=\"{&quot;stretch_section&quot;:&quot;section-stretched&quot;,&quot;background_background&quot;:&quot;classic&quot;}\">\n\t\t\t\t\t\t<div class=\"elementor-container elementor-column-gap-default\">\n\t\t\t\t\t<div class=\"elementor-column elementor-col-100 elementor-top-column elementor-element elementor-element-4a4a5d7\" data-id=\"4a4a5d7\" data-element_type=\"column\" data-e-type=\"column\">\n\t\t\t<div class=\"elementor-widget-wrap elementor-element-populated\">\n\t\t\t\t\t\t<div class=\"elementor-element elementor-element-3ab769b elementor-invisible elementor-widget elementor-widget-text-editor\" data-id=\"3ab769b\" data-element_type=\"widget\" data-e-type=\"widget\" data-settings=\"{&quot;_animation&quot;:&quot;fadeInDown&quot;}\" data-widget_type=\"text-editor.default\">\n\t\t\t\t<div class=\"elementor-widget-container\">\n\t\t\t\t\t\t\t\t\t<p><span style=\"text-shadow: 1px 1px 10px rgb(0,0,0,0.5);\">Rental cottages at the coast of Lohjanj\u00e4rvi<\/span><\/p>\t\t\t\t\t\t\t\t<\/div>\n\t\t\t\t<\/div>\n\t\t\t\t<section class=\"elementor-section elementor-inner-section elementor-element elementor-element-c8caa65 elementor-section-boxed elementor-section-height-default elementor-section-height-default\" data-id=\"c8caa65\" data-element_type=\"section\" data-e-type=\"section\">\n\t\t\t\t\t\t<div class=\"elementor-container elementor-column-gap-default\">\n\t\t\t\t\t<div class=\"elementor-column elementor-col-50 elementor-inner-column elementor-element elementor-element-24c441b\" data-id=\"24c441b\" data-element_type=\"column\" data-e-type=\"column\">\n\t\t\t<div class=\"elementor-widget-wrap elementor-element-populated\">\n\t\t\t\t\t\t<div class=\"elementor-element elementor-element-8abd017 elementor-button-info elementor-align-center elementor-invisible elementor-widget elementor-widget-button\" data-id=\"8abd017\" data-element_type=\"widget\" data-e-type=\"widget\" data-settings=\"{&quot;_animation&quot;:&quot;fadeInDown&quot;}\" data-widget_type=\"button.default\">\n\t\t\t\t<div class=\"elementor-widget-container\">\n\t\t\t\t\t\t\t\t\t<div class=\"elementor-button-wrapper\">\n\t\t\t\t\t<a class=\"elementor-button elementor-button-link elementor-size-md elementor-animation-grow\" href=\"https:\/\/suurniementila.com\/en\/cabins\/\">\n\t\t\t\t\t\t<span class=\"elementor-button-content-wrapper\">\n\t\t\t\t\t\t<span class=\"elementor-button-icon\">\n\t\t\t\t\t\t\t\t\t<i class=\"fa fa-map-marker\" aria-hidden=\"true\"><\/i>\n\t\t\t\t\t\t\t<\/span>\n\t\t\t\t\t\t\t\t\t<span class=\"elementor-button-text\">Our cottages<\/span>\n\t\t\t\t\t<\/span>\n\t\t\t\t\t<\/a>\n\t\t\t\t<\/div>\n\t\t\t\t\t\t\t\t<\/div>\n\t\t\t\t<\/div>\n\t\t\t\t\t<\/div>\n\t\t<\/div>\n\t\t\t\t<div class=\"elementor-column elementor-col-50 elementor-inner-column elementor-element elementor-element-7990477\" data-id=\"7990477\" data-element_type=\"column\" data-e-type=\"column\">\n\t\t\t<div class=\"elementor-widget-wrap elementor-element-populated\">\n\t\t\t\t\t\t<div class=\"elementor-element elementor-element-263ab14 elementor-button-info elementor-align-center elementor-invisible elementor-widget elementor-widget-button\" data-id=\"263ab14\" data-element_type=\"widget\" data-e-type=\"widget\" data-settings=\"{&quot;_animation&quot;:&quot;fadeInDown&quot;}\" data-widget_type=\"button.default\">\n\t\t\t\t<div class=\"elementor-widget-container\">\n\t\t\t\t\t\t\t\t\t<div class=\"elementor-button-wrapper\">\n\t\t\t\t\t<a class=\"elementor-button elementor-button-link elementor-size-md elementor-animation-grow\" href=\"https:\/\/suurniementila.com\/en\/contact\/\">\n\t\t\t\t\t\t<span class=\"elementor-button-content-wrapper\">\n\t\t\t\t\t\t<span class=\"elementor-button-icon\">\n\t\t\t\t\t\t\t\t\t<i class=\"fa fa-bookmark\" aria-hidden=\"true\"><\/i>\n\t\t\t\t\t\t\t<\/span>\n\t\t\t\t\t\t\t\t\t<span class=\"elementor-button-text\">Book a cottage <\/span>\n\t\t\t\t\t<\/span>\n\t\t\t\t\t<\/a>\n\t\t\t\t<\/div>\n\t\t\t\t\t\t\t\t<\/div>\n\t\t\t\t<\/div>\n\t\t\t\t\t<\/div>\n\t\t<\/div>\n\t\t\t\t\t<\/div>\n\t\t<\/section>\n\t\t\t\t\t<\/div>\n\t\t<\/div>\n\t\t\t\t\t<\/div>\n\t\t<\/section>\n\t\t\t\t<section class=\"elementor-section elementor-top-section elementor-element elementor-element-67e6 elementor-section-stretched elementor-section-boxed elementor-section-height-default elementor-section-height-default\" data-id=\"67e6\" data-element_type=\"section\" data-e-type=\"section\" data-settings=\"{&quot;stretch_section&quot;:&quot;section-stretched&quot;}\">\n\t\t\t\t\t\t<div class=\"elementor-container elementor-column-gap-wider\">\n\t\t\t\t\t<div class=\"elementor-column elementor-col-100 elementor-top-column elementor-element elementor-element-1d9d\" data-id=\"1d9d\" data-element_type=\"column\" data-e-type=\"column\">\n\t\t\t<div class=\"elementor-widget-wrap elementor-element-populated\">\n\t\t\t\t\t\t<div class=\"elementor-element elementor-element-9af1747 elementor-widget elementor-widget-heading\" data-id=\"9af1747\" data-element_type=\"widget\" data-e-type=\"widget\" data-widget_type=\"heading.default\">\n\t\t\t\t<div class=\"elementor-widget-container\">\n\t\t\t\t\t<h2 class=\"elementor-heading-title elementor-size-default\">Suurniemi Farm offers wonderful countryside and nature experiences in Western Uusimaa, located just an hour's drive from the capital!<\/h2>\t\t\t\t<\/div>\n\t\t\t\t<\/div>\n\t\t\t\t<div class=\"elementor-element elementor-element-7414a87 elementor-widget elementor-widget-text-editor\" data-id=\"7414a87\" data-element_type=\"widget\" data-e-type=\"widget\" data-widget_type=\"text-editor.default\">\n\t\t\t\t<div class=\"elementor-widget-container\">\n\t\t\t\t\t\t\t\t\t<p class=\"p1\">The Suurniemi Tila is located in western Uusimaa, near the Karkali Natural Park, just an hour's drive from Helsinki. The estate grows apples and rent cottages around the year. In Suurniemi, you can enjoy the birch scenery and \nspend a holiday in the Lohjanj\u00e4rvi Lake, the largest lake in Southern Finland. The lake is renowned for its magnificent fish and its beaches have been attracting summer vacationers since the 18th century<b>.<\/b><\/p><p class=\"p1\">Smaller cottages are suitable for groups of up to five people. In the largest, 10-person villa, you can vacate with multiple generations in the cottage atmosphere while enjoying the sauna and the sunset.\u00a0\u00a0\u00a0\u00a0<\/p><p>All of our cottages have a wood-heated sauna and they are located at the coast of Lohjanj\u00e4rvi, with a great view to evening sun.<\/p>\t\t\t\t\t\t\t\t<\/div>\n\t\t\t\t<\/div>\n\t\t\t\t<div class=\"elementor-element elementor-element-202ffe7 elementor-widget elementor-widget-heading\" data-id=\"202ffe7\" data-element_type=\"widget\" data-e-type=\"widget\" data-widget_type=\"heading.default\">\n\t\t\t\t<div class=\"elementor-widget-container\">\n\t\t\t\t\t<h2 class=\"elementor-heading-title elementor-size-default\">Welcome<\/h2>\t\t\t\t<\/div>\n\t\t\t\t<\/div>\n\t\t\t\t\t<\/div>\n\t\t<\/div>\n\t\t\t\t\t<\/div>\n\t\t<\/section>\n\t\t\t\t<section class=\"elementor-section elementor-top-section elementor-element elementor-element-181d1fe elementor-section-stretched elementor-section-height-min-height elementor-section-full_width elementor-section-height-default elementor-section-items-middle\" data-id=\"181d1fe\" data-element_type=\"section\" data-e-type=\"section\" data-settings=\"{&quot;stretch_section&quot;:&quot;section-stretched&quot;,&quot;background_background&quot;:&quot;classic&quot;}\">\n\t\t\t\t\t\t<div class=\"elementor-container elementor-column-gap-no\">\n\t\t\t\t\t<div class=\"elementor-column elementor-col-100 elementor-top-column elementor-element elementor-element-a1eddd5\" data-id=\"a1eddd5\" data-element_type=\"column\" data-e-type=\"column\">\n\t\t\t<div class=\"elementor-widget-wrap elementor-element-populated\">\n\t\t\t\t\t\t<div class=\"elementor-element elementor-element-1b71370 elementor-widget elementor-widget-google_maps\" data-id=\"1b71370\" data-element_type=\"widget\" data-e-type=\"widget\" data-widget_type=\"google_maps.default\">\n\t\t\t\t<div class=\"elementor-widget-container\">\n\t\t\t\t\t\t\t<div class=\"elementor-custom-embed\">\n\t\t\t<iframe loading=\"lazy\"\n\t\t\t\t\tsrc=\"https:\/\/maps.google.com\/maps?q=Suurniemen%20tila%2C%20Suurniementie%20347%2C%20Lohja&#038;t=m&#038;z=15&#038;output=embed&#038;iwloc=near\"\n\t\t\t\t\ttitle=\"Suurniemen tila, Suurniementie 347, Lohja\"\n\t\t\t\t\taria-label=\"Suurniemen tila, Suurniementie 347, Lohja\"\n\t\t\t><\/iframe>\n\t\t<\/div>\n\t\t\t\t\t\t<\/div>\n\t\t\t\t<\/div>\n\t\t\t\t\t<\/div>\n\t\t<\/div>\n\t\t\t\t\t<\/div>\n\t\t<\/section>\n\t\t\t\t<section class=\"elementor-section elementor-top-section elementor-element elementor-element-0e14dc3 elementor-section-stretched elementor-section-height-min-height elementor-section-boxed elementor-section-height-default elementor-section-items-middle\" data-id=\"0e14dc3\" data-element_type=\"section\" data-e-type=\"section\" data-settings=\"{&quot;stretch_section&quot;:&quot;section-stretched&quot;,&quot;background_background&quot;:&quot;classic&quot;}\">\n\t\t\t\t\t\t<div class=\"elementor-container elementor-column-gap-default\">\n\t\t\t\t\t<div class=\"elementor-column elementor-col-50 elementor-top-column elementor-element elementor-element-ea50bcb\" data-id=\"ea50bcb\" data-element_type=\"column\" data-e-type=\"column\">\n\t\t\t<div class=\"elementor-widget-wrap elementor-element-populated\">\n\t\t\t\t\t\t<div class=\"elementor-element elementor-element-fe5f968 elementor-widget elementor-widget-text-editor\" data-id=\"fe5f968\" data-element_type=\"widget\" data-e-type=\"widget\" data-widget_type=\"text-editor.default\">\n\t\t\t\t<div class=\"elementor-widget-container\">\n\t\t\t\t\t\t\t\t\t<p>\t\t<div id=\"sbi_mod_error\" >\n\t\t\t<span>This error message is only visible to WordPress admins<\/span><br\/>\n\t\t\t<p><strong>Error: No feed found.<\/strong>\n\t\t\t<p>Please go to the Instagram Feed settings page to create a feed.<\/p>\n\t\t<\/div>\n\t\t<\/p>\t\t\t\t\t\t\t\t<\/div>\n\t\t\t\t<\/div>\n\t\t\t\t\t<\/div>\n\t\t<\/div>\n\t\t\t\t<div class=\"elementor-column elementor-col-50 elementor-top-column elementor-element elementor-element-9bb786b\" data-id=\"9bb786b\" data-element_type=\"column\" data-e-type=\"column\">\n\t\t\t<div class=\"elementor-widget-wrap elementor-element-populated\">\n\t\t\t\t\t\t<div class=\"elementor-element elementor-element-d388241 elementor-widget elementor-widget-html\" data-id=\"d388241\" data-element_type=\"widget\" data-e-type=\"widget\" data-widget_type=\"html.default\">\n\t\t\t\t<div class=\"elementor-widget-container\">\n\t\t\t\t\t<iframe src=\"https:\/\/www.facebook.com\/plugins\/page.php?href=https%3A%2F%2Fwww.facebook.com%2Fsuurniementila%2F&tabs=timeline&width=440&height=500&small_header=true&adapt_container_width=false&hide_cover=true&show_facepile=false&appId\" width=\"440\" height=\"500\" style=\"border:none;overflow:hidden\" scrolling=\"no\" frameborder=\"0\" allowtransparency=\"true\" allow=\"encrypted-media\"><\/iframe>\t\t\t\t<\/div>\n\t\t\t\t<\/div>\n\t\t\t\t\t<\/div>\n\t\t<\/div>\n\t\t\t\t\t<\/div>\n\t\t<\/section>\n\t\t\t\t<section class=\"elementor-section elementor-top-section elementor-element elementor-element-f4eb4ed elementor-section-stretched elementor-section-height-min-height elementor-section-boxed elementor-section-height-default elementor-section-items-middle\" data-id=\"f4eb4ed\" data-element_type=\"section\" data-e-type=\"section\" data-settings=\"{&quot;stretch_section&quot;:&quot;section-stretched&quot;,&quot;background_background&quot;:&quot;classic&quot;}\">\n\t\t\t\t\t\t<div class=\"elementor-container elementor-column-gap-default\">\n\t\t\t\t\t<div class=\"elementor-column elementor-col-50 elementor-top-column elementor-element elementor-element-f271000\" data-id=\"f271000\" data-element_type=\"column\" data-e-type=\"column\">\n\t\t\t<div class=\"elementor-widget-wrap\">\n\t\t\t\t\t\t\t<\/div>\n\t\t<\/div>\n\t\t\t\t<div class=\"elementor-column elementor-col-50 elementor-top-column elementor-element elementor-element-e5f9b27\" data-id=\"e5f9b27\" data-element_type=\"column\" data-e-type=\"column\">\n\t\t\t<div class=\"elementor-widget-wrap elementor-element-populated\">\n\t\t\t\t\t\t<div class=\"elementor-element elementor-element-ce51270 elementor-widget-divider--view-line elementor-widget elementor-widget-divider\" data-id=\"ce51270\" data-element_type=\"widget\" data-e-type=\"widget\" data-widget_type=\"divider.default\">\n\t\t\t\t<div class=\"elementor-widget-container\">\n\t\t\t\t\t\t\t<div class=\"elementor-divider\">\n\t\t\t<span class=\"elementor-divider-separator\">\n\t\t\t\t\t\t<\/span>\n\t\t<\/div>\n\t\t\t\t\t\t<\/div>\n\t\t\t\t<\/div>\n\t\t\t\t<div class=\"elementor-element elementor-element-3d9c1ac elementor-widget elementor-widget-image\" data-id=\"3d9c1ac\" data-element_type=\"widget\" data-e-type=\"widget\" data-widget_type=\"image.default\">\n\t\t\t\t<div class=\"elementor-widget-container\">\n\t\t\t\t\t\t\t\t\t\t\t\t\t\t\t\t<a href=\"https:\/\/www.visitlohja.fi\/\" target=\"_blank\">\n\t\t\t\t\t\t\t<img decoding=\"async\" src=\"https:\/\/suurniementila.com\/wp-content\/uploads\/elementor\/thumbs\/visitlohja-logo-transparent1000-copy-o0n9b4v8e7y871glulhy1pn7rgi45nudzymkbfxdxm.png\" title=\"visitlohja-logo-transparent1000 copy\" alt=\"visitlohja-logo-transparent1000 copy\" loading=\"lazy\" \/>\t\t\t\t\t\t\t\t<\/a>\n\t\t\t\t\t\t\t\t\t\t\t\t\t\t\t<\/div>\n\t\t\t\t<\/div>\n\t\t\t\t\t<\/div>\n\t\t<\/div>\n\t\t\t\t\t<\/div>\n\t\t<\/section>\n\t\t\t\t<section class=\"elementor-section elementor-top-section elementor-element elementor-element-d643877 elementor-section-boxed elementor-section-height-default elementor-section-height-default\" data-id=\"d643877\" data-element_type=\"section\" data-e-type=\"section\">\n\t\t\t\t\t\t<div class=\"elementor-container elementor-column-gap-default\">\n\t\t\t\t\t<div class=\"elementor-column elementor-col-100 elementor-top-column elementor-element elementor-element-cdd493f\" data-id=\"cdd493f\" data-element_type=\"column\" data-e-type=\"column\">\n\t\t\t<div class=\"elementor-widget-wrap elementor-element-populated\">\n\t\t\t\t\t\t<div class=\"elementor-element elementor-element-9caa2e5 elementor-widget elementor-widget-text-editor\" data-id=\"9caa2e5\" data-element_type=\"widget\" data-e-type=\"widget\" data-widget_type=\"text-editor.default\">\n\t\t\t\t<div class=\"elementor-widget-container\">\n\t\t\t\t\t\t\t\t\t<p>Suurniemen tila 2025<\/p>\t\t\t\t\t\t\t\t<\/div>\n\t\t\t\t<\/div>\n\t\t\t\t\t<\/div>\n\t\t<\/div>\n\t\t\t\t\t<\/div>\n\t\t<\/section>\n\t\t\t\t<\/div>\n\t\t<!-- AddThis Advanced Settings generic via filter on the_content --><!-- AddThis Share Buttons generic via filter on the_content -->","protected":false},"excerpt":{"rendered":"<p>Vuokram\u00f6kkej\u00e4 Lohjanj\u00e4rven rannalla Tutustu m\u00f6kkeihin Tee varaus Suurniemen tila tarjoaa maalaistunnelmaa ja luontoel\u00e4myksi\u00e4 vain tunnin matkan p\u00e4\u00e4ss\u00e4 p\u00e4\u00e4kaupungista! Suurniemen Tila sijaitsee l\u00e4ntisell\u00e4 Uudellamaalla, Karkalin luonnonpuiston naapurissa, vain tunnin ajomatkan p\u00e4\u00e4ss\u00e4 Helsingist\u00e4. Tilalla viljell\u00e4\u00e4n omenaa ja vuokrataan m\u00f6kkej\u00e4 vuoden ymp\u00e4ri. Suurniemess\u00e4 p\u00e4\u00e4set nauttimaan lehtoluonnosta ja lomailemaan\u00a0 Etel\u00e4-Suomen suurimman\u00a0j\u00e4rven,\u00a0Lohjanj\u00e4rven \u00e4\u00e4relle.\u00a0\u00a0J\u00e4rvi on tunnettu komeista kalasaaliistaan ja sen rannat [&hellip;]<!-- AddThis Advanced Settings generic via filter on get_the_excerpt --><!-- AddThis Share Buttons generic via filter on get_the_excerpt --><\/p>\n","protected":false},"author":16,"featured_media":0,"parent":0,"menu_order":1,"comment_status":"closed","ping_status":"closed","template":"","meta":{"_monsterinsights_skip_tracking":false,"_monsterinsights_sitenote_active":false,"_monsterinsights_sitenote_note":"","_monsterinsights_sitenote_category":0,"footnotes":""},"class_list":["post-49","page","type-page","status-publish","hentry"],"yoast_head":"<!-- This site is optimized with the Yoast SEO plugin v27.3 - https:\/\/yoast.com\/product\/yoast-seo-wordpress\/ -->\n<title>Suurniemen tila - M\u00f6kkivuokrausta<\/title>\n<meta name=\"description\" content=\"Suurniemen tila sijaitsee Lohjalla, Lohjaj\u00e4rven rannalla. Vuokraamme m\u00f6kkej\u00e4 ja viljelemme omenaa vehre\u00e4ss\u00e4 lehtomaisemassa. Sijaitsemme l\u00e4hell\u00e4 Karkalia.\" \/>\n<meta name=\"robots\" content=\"index, follow, max-snippet:-1, max-image-preview:large, max-video-preview:-1\" \/>\n<link rel=\"canonical\" href=\"https:\/\/suurniementila.com\/en\/\" \/>\n<meta property=\"og:locale\" content=\"en_US\" \/>\n<meta property=\"og:type\" content=\"article\" \/>\n<meta property=\"og:title\" content=\"Suurniemen Tila\" \/>\n<meta property=\"og:description\" content=\"Suurniemen tila tarjoaa maalaistunnelmaa ja luontoel\u00e4myksi\u00e4 vain tunnin matkan p\u00e4\u00e4ss\u00e4 p\u00e4\u00e4kaupungista!\" \/>\n<meta property=\"og:url\" content=\"https:\/\/suurniementila.com\/en\/\" \/>\n<meta property=\"og:site_name\" content=\"Suurniemen tila\" \/>\n<meta property=\"article:publisher\" content=\"https:\/\/www.facebook.com\/suurniementila\" \/>\n<meta property=\"article:modified_time\" content=\"2025-02-26T09:03:33+00:00\" \/>\n<meta property=\"og:image\" content=\"https:\/\/suurniementila.com\/wp-content\/uploads\/2019\/02\/karstu_edited.jpg\" \/>\n\t<meta property=\"og:image:width\" content=\"3998\" \/>\n\t<meta property=\"og:image:height\" content=\"2191\" \/>\n\t<meta property=\"og:image:type\" content=\"image\/jpeg\" \/>\n<meta name=\"twitter:card\" content=\"summary_large_image\" \/>\n<meta name=\"twitter:title\" content=\"Suurniemen Tila\" \/>\n<meta name=\"twitter:image\" content=\"https:\/\/suurniementila.com\/wp-content\/uploads\/2019\/02\/karstu_edited.jpg\" \/>\n<meta name=\"twitter:label1\" content=\"Est. reading time\" \/>\n\t<meta name=\"twitter:data1\" content=\"2 minutes\" \/>\n<script type=\"application\/ld+json\" class=\"yoast-schema-graph\">{\"@context\":\"https:\\\/\\\/schema.org\",\"@graph\":[{\"@type\":\"WebPage\",\"@id\":\"https:\\\/\\\/suurniementila.com\\\/\",\"url\":\"https:\\\/\\\/suurniementila.com\\\/\",\"name\":\"Suurniemen tila - M\u00f6kkivuokrausta\",\"isPartOf\":{\"@id\":\"https:\\\/\\\/suurniementila.com\\\/#website\"},\"primaryImageOfPage\":{\"@id\":\"https:\\\/\\\/suurniementila.com\\\/#primaryimage\"},\"image\":{\"@id\":\"https:\\\/\\\/suurniementila.com\\\/#primaryimage\"},\"thumbnailUrl\":\"https:\\\/\\\/suurniementila.com\\\/wp-content\\\/uploads\\\/elementor\\\/thumbs\\\/visitlohja-logo-transparent1000-copy-o0n9b4v8e7y871glulhy1pn7rgi45nudzymkbfxdxm.png\",\"datePublished\":\"2018-10-22T18:11:34+00:00\",\"dateModified\":\"2025-02-26T09:03:33+00:00\",\"description\":\"Suurniemen tila sijaitsee Lohjalla, Lohjaj\u00e4rven rannalla. Vuokraamme m\u00f6kkej\u00e4 ja viljelemme omenaa vehre\u00e4ss\u00e4 lehtomaisemassa. Sijaitsemme l\u00e4hell\u00e4 Karkalia.\",\"breadcrumb\":{\"@id\":\"https:\\\/\\\/suurniementila.com\\\/#breadcrumb\"},\"inLanguage\":\"en-US\",\"potentialAction\":[{\"@type\":\"ReadAction\",\"target\":[\"https:\\\/\\\/suurniementila.com\\\/\"]}]},{\"@type\":\"ImageObject\",\"inLanguage\":\"en-US\",\"@id\":\"https:\\\/\\\/suurniementila.com\\\/#primaryimage\",\"url\":\"https:\\\/\\\/suurniementila.com\\\/wp-content\\\/uploads\\\/elementor\\\/thumbs\\\/visitlohja-logo-transparent1000-copy-o0n9b4v8e7y871glulhy1pn7rgi45nudzymkbfxdxm.png\",\"contentUrl\":\"https:\\\/\\\/suurniementila.com\\\/wp-content\\\/uploads\\\/elementor\\\/thumbs\\\/visitlohja-logo-transparent1000-copy-o0n9b4v8e7y871glulhy1pn7rgi45nudzymkbfxdxm.png\"},{\"@type\":\"BreadcrumbList\",\"@id\":\"https:\\\/\\\/suurniementila.com\\\/#breadcrumb\",\"itemListElement\":[{\"@type\":\"ListItem\",\"position\":1,\"name\":\"Home\",\"item\":\"https:\\\/\\\/suurniementila.com\\\/\"},{\"@type\":\"ListItem\",\"position\":2,\"name\":\"Etusivu\"}]},{\"@type\":\"WebSite\",\"@id\":\"https:\\\/\\\/suurniementila.com\\\/#website\",\"url\":\"https:\\\/\\\/suurniementila.com\\\/\",\"name\":\"Suurniemen tila\",\"description\":\"M\u00f6kkivuokrausta \u23ae Rental Cottages\",\"publisher\":{\"@id\":\"https:\\\/\\\/suurniementila.com\\\/#organization\"},\"potentialAction\":[{\"@type\":\"SearchAction\",\"target\":{\"@type\":\"EntryPoint\",\"urlTemplate\":\"https:\\\/\\\/suurniementila.com\\\/?s={search_term_string}\"},\"query-input\":{\"@type\":\"PropertyValueSpecification\",\"valueRequired\":true,\"valueName\":\"search_term_string\"}}],\"inLanguage\":\"en-US\"},{\"@type\":\"Organization\",\"@id\":\"https:\\\/\\\/suurniementila.com\\\/#organization\",\"name\":\"Suurniemen tila\",\"url\":\"https:\\\/\\\/suurniementila.com\\\/\",\"logo\":{\"@type\":\"ImageObject\",\"inLanguage\":\"en-US\",\"@id\":\"https:\\\/\\\/suurniementila.com\\\/#\\\/schema\\\/logo\\\/image\\\/\",\"url\":\"https:\\\/\\\/suurniementila.com\\\/wp-content\\\/uploads\\\/2018\\\/10\\\/eaten_apple.png\",\"contentUrl\":\"https:\\\/\\\/suurniementila.com\\\/wp-content\\\/uploads\\\/2018\\\/10\\\/eaten_apple.png\",\"width\":1176,\"height\":1182,\"caption\":\"Suurniemen tila\"},\"image\":{\"@id\":\"https:\\\/\\\/suurniementila.com\\\/#\\\/schema\\\/logo\\\/image\\\/\"},\"sameAs\":[\"https:\\\/\\\/www.facebook.com\\\/suurniementila\",\"https:\\\/\\\/www.instagram.com\\\/suurniementila\\\/\"]}]}<\/script>\n<!-- \/ Yoast SEO plugin. -->","yoast_head_json":{"title":"Suurniemen tila - M\u00f6kkivuokrausta","description":"Suurniemen tila sijaitsee Lohjalla, Lohjaj\u00e4rven rannalla. Vuokraamme m\u00f6kkej\u00e4 ja viljelemme omenaa vehre\u00e4ss\u00e4 lehtomaisemassa. Sijaitsemme l\u00e4hell\u00e4 Karkalia.","robots":{"index":"index","follow":"follow","max-snippet":"max-snippet:-1","max-image-preview":"max-image-preview:large","max-video-preview":"max-video-preview:-1"},"canonical":"https:\/\/suurniementila.com\/en\/","og_locale":"en_US","og_type":"article","og_title":"Suurniemen Tila","og_description":"Suurniemen tila tarjoaa maalaistunnelmaa ja luontoel\u00e4myksi\u00e4 vain tunnin matkan p\u00e4\u00e4ss\u00e4 p\u00e4\u00e4kaupungista!","og_url":"https:\/\/suurniementila.com\/en\/","og_site_name":"Suurniemen tila","article_publisher":"https:\/\/www.facebook.com\/suurniementila","article_modified_time":"2025-02-26T09:03:33+00:00","og_image":[{"width":3998,"height":2191,"url":"https:\/\/suurniementila.com\/wp-content\/uploads\/2019\/02\/karstu_edited.jpg","type":"image\/jpeg"}],"twitter_card":"summary_large_image","twitter_title":"Suurniemen Tila","twitter_image":"https:\/\/suurniementila.com\/wp-content\/uploads\/2019\/02\/karstu_edited.jpg","twitter_misc":{"Est. reading time":"2 minutes"},"schema":{"@context":"https:\/\/schema.org","@graph":[{"@type":"WebPage","@id":"https:\/\/suurniementila.com\/","url":"https:\/\/suurniementila.com\/","name":"Suurniemen tila - M\u00f6kkivuokrausta","isPartOf":{"@id":"https:\/\/suurniementila.com\/#website"},"primaryImageOfPage":{"@id":"https:\/\/suurniementila.com\/#primaryimage"},"image":{"@id":"https:\/\/suurniementila.com\/#primaryimage"},"thumbnailUrl":"https:\/\/suurniementila.com\/wp-content\/uploads\/elementor\/thumbs\/visitlohja-logo-transparent1000-copy-o0n9b4v8e7y871glulhy1pn7rgi45nudzymkbfxdxm.png","datePublished":"2018-10-22T18:11:34+00:00","dateModified":"2025-02-26T09:03:33+00:00","description":"Suurniemen tila sijaitsee Lohjalla, Lohjaj\u00e4rven rannalla. Vuokraamme m\u00f6kkej\u00e4 ja viljelemme omenaa vehre\u00e4ss\u00e4 lehtomaisemassa. Sijaitsemme l\u00e4hell\u00e4 Karkalia.","breadcrumb":{"@id":"https:\/\/suurniementila.com\/#breadcrumb"},"inLanguage":"en-US","potentialAction":[{"@type":"ReadAction","target":["https:\/\/suurniementila.com\/"]}]},{"@type":"ImageObject","inLanguage":"en-US","@id":"https:\/\/suurniementila.com\/#primaryimage","url":"https:\/\/suurniementila.com\/wp-content\/uploads\/elementor\/thumbs\/visitlohja-logo-transparent1000-copy-o0n9b4v8e7y871glulhy1pn7rgi45nudzymkbfxdxm.png","contentUrl":"https:\/\/suurniementila.com\/wp-content\/uploads\/elementor\/thumbs\/visitlohja-logo-transparent1000-copy-o0n9b4v8e7y871glulhy1pn7rgi45nudzymkbfxdxm.png"},{"@type":"BreadcrumbList","@id":"https:\/\/suurniementila.com\/#breadcrumb","itemListElement":[{"@type":"ListItem","position":1,"name":"Home","item":"https:\/\/suurniementila.com\/"},{"@type":"ListItem","position":2,"name":"Etusivu"}]},{"@type":"WebSite","@id":"https:\/\/suurniementila.com\/#website","url":"https:\/\/suurniementila.com\/","name":"Suurniemen tila","description":"M\u00f6kkivuokrausta \u23ae Rental Cottages","publisher":{"@id":"https:\/\/suurniementila.com\/#organization"},"potentialAction":[{"@type":"SearchAction","target":{"@type":"EntryPoint","urlTemplate":"https:\/\/suurniementila.com\/?s={search_term_string}"},"query-input":{"@type":"PropertyValueSpecification","valueRequired":true,"valueName":"search_term_string"}}],"inLanguage":"en-US"},{"@type":"Organization","@id":"https:\/\/suurniementila.com\/#organization","name":"Suurniemen tila","url":"https:\/\/suurniementila.com\/","logo":{"@type":"ImageObject","inLanguage":"en-US","@id":"https:\/\/suurniementila.com\/#\/schema\/logo\/image\/","url":"https:\/\/suurniementila.com\/wp-content\/uploads\/2018\/10\/eaten_apple.png","contentUrl":"https:\/\/suurniementila.com\/wp-content\/uploads\/2018\/10\/eaten_apple.png","width":1176,"height":1182,"caption":"Suurniemen tila"},"image":{"@id":"https:\/\/suurniementila.com\/#\/schema\/logo\/image\/"},"sameAs":["https:\/\/www.facebook.com\/suurniementila","https:\/\/www.instagram.com\/suurniementila\/"]}]}},"_links":{"self":[{"href":"https:\/\/suurniementila.com\/en\/wp-json\/wp\/v2\/pages\/49","targetHints":{"allow":["GET"]}}],"collection":[{"href":"https:\/\/suurniementila.com\/en\/wp-json\/wp\/v2\/pages"}],"about":[{"href":"https:\/\/suurniementila.com\/en\/wp-json\/wp\/v2\/types\/page"}],"author":[{"embeddable":true,"href":"https:\/\/suurniementila.com\/en\/wp-json\/wp\/v2\/users\/16"}],"replies":[{"embeddable":true,"href":"https:\/\/suurniementila.com\/en\/wp-json\/wp\/v2\/comments?post=49"}],"version-history":[{"count":20,"href":"https:\/\/suurniementila.com\/en\/wp-json\/wp\/v2\/pages\/49\/revisions"}],"predecessor-version":[{"id":2270,"href":"https:\/\/suurniementila.com\/en\/wp-json\/wp\/v2\/pages\/49\/revisions\/2270"}],"wp:attachment":[{"href":"https:\/\/suurniementila.com\/en\/wp-json\/wp\/v2\/media?parent=49"}],"curies":[{"name":"wp","href":"https:\/\/api.w.org\/{rel}","templated":true}]}}