{"id":50,"date":"2018-10-22T18:11:34","date_gmt":"2018-10-22T18:11:34","guid":{"rendered":"http:\/\/suurniementila.azurewebsites.net\/?page_id=50"},"modified":"2026-03-13T19:10:11","modified_gmt":"2026-03-13T17:10:11","slug":"about","status":"publish","type":"page","link":"https:\/\/suurniementila.com\/en\/about\/","title":{"rendered":"General information about Suurniemen Tila"},"content":{"rendered":"<div data-elementor-type=\"wp-post\" data-elementor-id=\"50\" class=\"elementor elementor-50\">\n\t\t\t\t\t\t<section class=\"elementor-section elementor-top-section elementor-element elementor-element-2d96b60 elementor-section-full_width elementor-section-height-min-height elementor-section-height-default elementor-section-items-middle\" data-id=\"2d96b60\" data-element_type=\"section\" data-e-type=\"section\" data-settings=\"{&quot;background_background&quot;:&quot;classic&quot;}\">\n\t\t\t\t\t\t<div class=\"elementor-container elementor-column-gap-default\">\n\t\t\t\t\t<div class=\"elementor-column elementor-col-100 elementor-top-column elementor-element elementor-element-d1624ac\" data-id=\"d1624ac\" data-element_type=\"column\" data-e-type=\"column\">\n\t\t\t<div class=\"elementor-widget-wrap\">\n\t\t\t\t\t\t\t<\/div>\n\t\t<\/div>\n\t\t\t\t\t<\/div>\n\t\t<\/section>\n\t\t\t\t<section class=\"elementor-section elementor-top-section elementor-element elementor-element-cf18760 elementor-section-boxed elementor-section-height-default elementor-section-height-default\" data-id=\"cf18760\" data-element_type=\"section\" data-e-type=\"section\">\n\t\t\t\t\t\t<div class=\"elementor-container elementor-column-gap-default\">\n\t\t\t\t\t<div class=\"elementor-column elementor-col-100 elementor-top-column elementor-element elementor-element-ffd181c\" data-id=\"ffd181c\" data-element_type=\"column\" data-e-type=\"column\">\n\t\t\t<div class=\"elementor-widget-wrap elementor-element-populated\">\n\t\t\t\t\t\t<div class=\"elementor-element elementor-element-8fec23e elementor-widget elementor-widget-heading\" data-id=\"8fec23e\" data-element_type=\"widget\" data-e-type=\"widget\" data-widget_type=\"heading.default\">\n\t\t\t\t<div class=\"elementor-widget-container\">\n\t\t\t\t\t<h1 class=\"elementor-heading-title elementor-size-default\">General information about Suurniemen Tila<\/h1>\t\t\t\t<\/div>\n\t\t\t\t<\/div>\n\t\t\t\t<div class=\"elementor-element elementor-element-2a77555 elementor-widget elementor-widget-text-editor\" data-id=\"2a77555\" data-element_type=\"widget\" data-e-type=\"widget\" data-widget_type=\"text-editor.default\">\n\t\t\t\t<div class=\"elementor-widget-container\">\n\t\t\t\t\t\t\t\t\t<div>748\nMy Karelian grandparents moved to Suurniemi in the early 1950s. At that time, the road to Suurniemi was narrow and difficult to pass in the spring, so the rest of the journey was carried by horse. There was no electricity on the farm, unlike in my grandfather's birthplace, which was behind the new border, in the rural municipality of Vyborg. By today's standards, the young couple and their children lived a true pioneer life! Because of the poor condition of the road, they went shopping and visiting on the opposite bank, in Karjalohja, where they rowed quickly in calm weather. The farm was used for farming and livestock farming, and in the winter, logs were felled from the forests, which were brought from the forest to the floating beach by horse. After the ice broke, the logs were floated along the lake to Lohja, to the Hiidensalmi sawmill.<\/div><div>\u00a0<\/div><div>The farms first rental cottage was finished around Midnight Summer in 1986 and its first visitors were a group of four from Japan. The group had rented the cottage via Lomarengas and traveled to the capital city, Helsinki all the way from Vladivostok! From Helsinki they continued their trip via taxi. In Suurniemi the group was welcomed by my grandfather who had no language skills whatsoever, however due to his Karelian nature the tourests were never a problem to him. For example, he taught them how to prepare a sauna via practical examples and body language.<\/div><div>\u00a0<\/div><p>Suurniemess\u00e4 oli aikanaan pieni omenatarha, jossa kasvoi ainakin \u00c5ker\u00f6-, Antonovka- ja Keltakaneli-lajikkeita. Talvisodan aikaiset kovat pakkaset koituivat kuitenkin puiden kohtaloksi. Laajemmassa mittakaavassa omenaa alettiin viljell\u00e4 vuonna 1999 vanhempieni istuttaessa ensimm\u00e4iset puut kotiaukealla. Sirkkalehti-auditoidussa tarhassamme noudatetaan integroidun kasvinsuojelun menetelmi\u00e4. Sato ker\u00e4t\u00e4\u00e4n k\u00e4sin ja toimitetaan p\u00e4ivitt\u00e4in pakkaamolle. Suurniemen omenoita voi l\u00f6yt\u00e4\u00e4 ruokakaupoista ymp\u00e4ri Suomen alkusyksyst\u00e4 aina vuodenvaihteeseen asti!<\/p>\t\t\t\t\t\t\t\t<\/div>\n\t\t\t\t<\/div>\n\t\t\t\t\t<\/div>\n\t\t<\/div>\n\t\t\t\t\t<\/div>\n\t\t<\/section>\n\t\t\t\t<\/div>\n\t\t<!-- AddThis Advanced Settings generic via filter on the_content --><!-- AddThis Share Buttons generic via filter on the_content -->","protected":false},"excerpt":{"rendered":"<p>Yleist\u00e4 tietoa Suurniemen tilasta Karjalaiset isovanhempani muuttivat Suurniemeen 1950-luvun alussa. Tuohon aikaan Suurniementie oli kapea ja kev\u00e4isin vaikeakulkuinen, joten loppumatkan muuttokuorma kulki hevoskyydill\u00e4. S\u00e4hk\u00f6j\u00e4k\u00e4\u00e4n tilalta ei ollut, toisin kun isois\u00e4n uuden rajan taakse j\u00e4\u00e4neess\u00e4 synnyinkodissa, Viipurin maalaiskunnassa. Nykymittapuulla nuoripari vietti lapsineen oikeaa pioneeriel\u00e4m\u00e4\u00e4! Teid\u00e4n heikon kunnon takia kaupassa ja kyl\u00e4ilem\u00e4ss\u00e4 k\u00e4ytiinkin vastarannalla Karjalohjalla, jonne souti [&hellip;]<!-- AddThis Advanced Settings generic via filter on get_the_excerpt --><!-- AddThis Share Buttons generic via filter on get_the_excerpt --><\/p>\n","protected":false},"author":16,"featured_media":0,"parent":0,"menu_order":2,"comment_status":"closed","ping_status":"closed","template":"","meta":{"_monsterinsights_skip_tracking":false,"_monsterinsights_sitenote_active":false,"_monsterinsights_sitenote_note":"","_monsterinsights_sitenote_category":0,"footnotes":""},"class_list":["post-50","page","type-page","status-publish","hentry"],"yoast_head":"<!-- This site is optimized with the Yoast SEO plugin v27.3 - https:\/\/yoast.com\/product\/yoast-seo-wordpress\/ -->\n<title>Yleist\u00e4 tietoa Suurniemen tilasta - Suurniemen tila<\/title>\n<meta name=\"robots\" content=\"index, follow, max-snippet:-1, max-image-preview:large, max-video-preview:-1\" \/>\n<link rel=\"canonical\" href=\"https:\/\/suurniementila.com\/en\/about\/\" \/>\n<meta property=\"og:locale\" content=\"en_US\" \/>\n<meta property=\"og:type\" content=\"article\" \/>\n<meta property=\"og:title\" content=\"Yleist\u00e4 tietoa Suurniemen tilasta - Suurniemen tila\" \/>\n<meta property=\"og:description\" content=\"Yleist\u00e4 tietoa Suurniemen tilasta Karjalaiset isovanhempani muuttivat Suurniemeen 1950-luvun alussa. Tuohon aikaan Suurniementie oli kapea ja kev\u00e4isin vaikeakulkuinen, joten loppumatkan muuttokuorma kulki hevoskyydill\u00e4. S\u00e4hk\u00f6j\u00e4k\u00e4\u00e4n tilalta ei ollut, toisin kun isois\u00e4n uuden rajan taakse j\u00e4\u00e4neess\u00e4 synnyinkodissa, Viipurin maalaiskunnassa. Nykymittapuulla nuoripari vietti lapsineen oikeaa pioneeriel\u00e4m\u00e4\u00e4! Teid\u00e4n heikon kunnon takia kaupassa ja kyl\u00e4ilem\u00e4ss\u00e4 k\u00e4ytiinkin vastarannalla Karjalohjalla, jonne souti [&hellip;]\" \/>\n<meta property=\"og:url\" content=\"https:\/\/suurniementila.com\/en\/about\/\" \/>\n<meta property=\"og:site_name\" content=\"Suurniemen tila\" \/>\n<meta property=\"article:publisher\" content=\"https:\/\/www.facebook.com\/suurniementila\" \/>\n<meta property=\"article:modified_time\" content=\"2026-03-13T17:10:11+00:00\" \/>\n<meta name=\"twitter:card\" content=\"summary_large_image\" \/>\n<meta name=\"twitter:label1\" content=\"Est. reading time\" \/>\n\t<meta name=\"twitter:data1\" content=\"2 minutes\" \/>\n<script type=\"application\/ld+json\" class=\"yoast-schema-graph\">{\"@context\":\"https:\\\/\\\/schema.org\",\"@graph\":[{\"@type\":\"WebPage\",\"@id\":\"https:\\\/\\\/suurniementila.com\\\/about\\\/\",\"url\":\"https:\\\/\\\/suurniementila.com\\\/about\\\/\",\"name\":\"Yleist\u00e4 tietoa Suurniemen tilasta - Suurniemen tila\",\"isPartOf\":{\"@id\":\"https:\\\/\\\/suurniementila.com\\\/#website\"},\"datePublished\":\"2018-10-22T18:11:34+00:00\",\"dateModified\":\"2026-03-13T17:10:11+00:00\",\"breadcrumb\":{\"@id\":\"https:\\\/\\\/suurniementila.com\\\/about\\\/#breadcrumb\"},\"inLanguage\":\"en-US\",\"potentialAction\":[{\"@type\":\"ReadAction\",\"target\":[\"https:\\\/\\\/suurniementila.com\\\/about\\\/\"]}]},{\"@type\":\"BreadcrumbList\",\"@id\":\"https:\\\/\\\/suurniementila.com\\\/about\\\/#breadcrumb\",\"itemListElement\":[{\"@type\":\"ListItem\",\"position\":1,\"name\":\"Home\",\"item\":\"https:\\\/\\\/suurniementila.com\\\/\"},{\"@type\":\"ListItem\",\"position\":2,\"name\":\"Yleist\u00e4 tietoa Suurniemen tilasta\"}]},{\"@type\":\"WebSite\",\"@id\":\"https:\\\/\\\/suurniementila.com\\\/#website\",\"url\":\"https:\\\/\\\/suurniementila.com\\\/\",\"name\":\"Suurniemen tila\",\"description\":\"M\u00f6kkivuokrausta \u23ae Rental Cottages\",\"publisher\":{\"@id\":\"https:\\\/\\\/suurniementila.com\\\/#organization\"},\"potentialAction\":[{\"@type\":\"SearchAction\",\"target\":{\"@type\":\"EntryPoint\",\"urlTemplate\":\"https:\\\/\\\/suurniementila.com\\\/?s={search_term_string}\"},\"query-input\":{\"@type\":\"PropertyValueSpecification\",\"valueRequired\":true,\"valueName\":\"search_term_string\"}}],\"inLanguage\":\"en-US\"},{\"@type\":\"Organization\",\"@id\":\"https:\\\/\\\/suurniementila.com\\\/#organization\",\"name\":\"Suurniemen tila\",\"url\":\"https:\\\/\\\/suurniementila.com\\\/\",\"logo\":{\"@type\":\"ImageObject\",\"inLanguage\":\"en-US\",\"@id\":\"https:\\\/\\\/suurniementila.com\\\/#\\\/schema\\\/logo\\\/image\\\/\",\"url\":\"https:\\\/\\\/suurniementila.com\\\/wp-content\\\/uploads\\\/2018\\\/10\\\/eaten_apple.png\",\"contentUrl\":\"https:\\\/\\\/suurniementila.com\\\/wp-content\\\/uploads\\\/2018\\\/10\\\/eaten_apple.png\",\"width\":1176,\"height\":1182,\"caption\":\"Suurniemen tila\"},\"image\":{\"@id\":\"https:\\\/\\\/suurniementila.com\\\/#\\\/schema\\\/logo\\\/image\\\/\"},\"sameAs\":[\"https:\\\/\\\/www.facebook.com\\\/suurniementila\",\"https:\\\/\\\/www.instagram.com\\\/suurniementila\\\/\"]}]}<\/script>\n<!-- \/ Yoast SEO plugin. -->","yoast_head_json":{"title":"Yleist\u00e4 tietoa Suurniemen tilasta - Suurniemen tila","robots":{"index":"index","follow":"follow","max-snippet":"max-snippet:-1","max-image-preview":"max-image-preview:large","max-video-preview":"max-video-preview:-1"},"canonical":"https:\/\/suurniementila.com\/en\/about\/","og_locale":"en_US","og_type":"article","og_title":"Yleist\u00e4 tietoa Suurniemen tilasta - Suurniemen tila","og_description":"Yleist\u00e4 tietoa Suurniemen tilasta Karjalaiset isovanhempani muuttivat Suurniemeen 1950-luvun alussa. Tuohon aikaan Suurniementie oli kapea ja kev\u00e4isin vaikeakulkuinen, joten loppumatkan muuttokuorma kulki hevoskyydill\u00e4. S\u00e4hk\u00f6j\u00e4k\u00e4\u00e4n tilalta ei ollut, toisin kun isois\u00e4n uuden rajan taakse j\u00e4\u00e4neess\u00e4 synnyinkodissa, Viipurin maalaiskunnassa. Nykymittapuulla nuoripari vietti lapsineen oikeaa pioneeriel\u00e4m\u00e4\u00e4! Teid\u00e4n heikon kunnon takia kaupassa ja kyl\u00e4ilem\u00e4ss\u00e4 k\u00e4ytiinkin vastarannalla Karjalohjalla, jonne souti [&hellip;]","og_url":"https:\/\/suurniementila.com\/en\/about\/","og_site_name":"Suurniemen tila","article_publisher":"https:\/\/www.facebook.com\/suurniementila","article_modified_time":"2026-03-13T17:10:11+00:00","twitter_card":"summary_large_image","twitter_misc":{"Est. reading time":"2 minutes"},"schema":{"@context":"https:\/\/schema.org","@graph":[{"@type":"WebPage","@id":"https:\/\/suurniementila.com\/about\/","url":"https:\/\/suurniementila.com\/about\/","name":"Yleist\u00e4 tietoa Suurniemen tilasta - Suurniemen tila","isPartOf":{"@id":"https:\/\/suurniementila.com\/#website"},"datePublished":"2018-10-22T18:11:34+00:00","dateModified":"2026-03-13T17:10:11+00:00","breadcrumb":{"@id":"https:\/\/suurniementila.com\/about\/#breadcrumb"},"inLanguage":"en-US","potentialAction":[{"@type":"ReadAction","target":["https:\/\/suurniementila.com\/about\/"]}]},{"@type":"BreadcrumbList","@id":"https:\/\/suurniementila.com\/about\/#breadcrumb","itemListElement":[{"@type":"ListItem","position":1,"name":"Home","item":"https:\/\/suurniementila.com\/"},{"@type":"ListItem","position":2,"name":"Yleist\u00e4 tietoa Suurniemen tilasta"}]},{"@type":"WebSite","@id":"https:\/\/suurniementila.com\/#website","url":"https:\/\/suurniementila.com\/","name":"Suurniemen tila","description":"M\u00f6kkivuokrausta \u23ae Rental Cottages","publisher":{"@id":"https:\/\/suurniementila.com\/#organization"},"potentialAction":[{"@type":"SearchAction","target":{"@type":"EntryPoint","urlTemplate":"https:\/\/suurniementila.com\/?s={search_term_string}"},"query-input":{"@type":"PropertyValueSpecification","valueRequired":true,"valueName":"search_term_string"}}],"inLanguage":"en-US"},{"@type":"Organization","@id":"https:\/\/suurniementila.com\/#organization","name":"Suurniemen tila","url":"https:\/\/suurniementila.com\/","logo":{"@type":"ImageObject","inLanguage":"en-US","@id":"https:\/\/suurniementila.com\/#\/schema\/logo\/image\/","url":"https:\/\/suurniementila.com\/wp-content\/uploads\/2018\/10\/eaten_apple.png","contentUrl":"https:\/\/suurniementila.com\/wp-content\/uploads\/2018\/10\/eaten_apple.png","width":1176,"height":1182,"caption":"Suurniemen tila"},"image":{"@id":"https:\/\/suurniementila.com\/#\/schema\/logo\/image\/"},"sameAs":["https:\/\/www.facebook.com\/suurniementila","https:\/\/www.instagram.com\/suurniementila\/"]}]}},"_links":{"self":[{"href":"https:\/\/suurniementila.com\/en\/wp-json\/wp\/v2\/pages\/50","targetHints":{"allow":["GET"]}}],"collection":[{"href":"https:\/\/suurniementila.com\/en\/wp-json\/wp\/v2\/pages"}],"about":[{"href":"https:\/\/suurniementila.com\/en\/wp-json\/wp\/v2\/types\/page"}],"author":[{"embeddable":true,"href":"https:\/\/suurniementila.com\/en\/wp-json\/wp\/v2\/users\/16"}],"replies":[{"embeddable":true,"href":"https:\/\/suurniementila.com\/en\/wp-json\/wp\/v2\/comments?post=50"}],"version-history":[{"count":20,"href":"https:\/\/suurniementila.com\/en\/wp-json\/wp\/v2\/pages\/50\/revisions"}],"predecessor-version":[{"id":2335,"href":"https:\/\/suurniementila.com\/en\/wp-json\/wp\/v2\/pages\/50\/revisions\/2335"}],"wp:attachment":[{"href":"https:\/\/suurniementila.com\/en\/wp-json\/wp\/v2\/media?parent=50"}],"curies":[{"name":"wp","href":"https:\/\/api.w.org\/{rel}","templated":true}]}}