{"id":514,"date":"2018-11-12T18:04:29","date_gmt":"2018-11-12T18:04:29","guid":{"rendered":"http:\/\/suurniementila.azurewebsites.net\/?page_id=514"},"modified":"2019-02-27T20:53:02","modified_gmt":"2019-02-27T18:53:02","slug":"siivousohje","status":"publish","type":"page","link":"https:\/\/suurniementila.com\/en\/siivousohje\/","title":{"rendered":"Cleaning guide"},"content":{"rendered":"<div data-elementor-type=\"wp-post\" data-elementor-id=\"514\" class=\"elementor elementor-514 elementor-bc-flex-widget\">\n\t\t\t\t\t\t<section class=\"elementor-section elementor-top-section elementor-element elementor-element-b20 elementor-section-boxed elementor-section-height-default elementor-section-height-default\" data-id=\"b20\" data-element_type=\"section\" data-e-type=\"section\">\n\t\t\t\t\t\t<div class=\"elementor-container elementor-column-gap-default\">\n\t\t\t\t\t<div class=\"elementor-column elementor-col-100 elementor-top-column elementor-element elementor-element-6a43\" data-id=\"6a43\" data-element_type=\"column\" data-e-type=\"column\">\n\t\t\t<div class=\"elementor-widget-wrap elementor-element-populated\">\n\t\t\t\t\t\t<div class=\"elementor-element elementor-element-02286d7 elementor-widget elementor-widget-heading\" data-id=\"02286d7\" data-element_type=\"widget\" data-e-type=\"widget\" data-widget_type=\"heading.default\">\n\t\t\t\t<div class=\"elementor-widget-container\">\n\t\t\t\t\t<h2 class=\"elementor-heading-title elementor-size-default\">Cleaning guide<\/h2>\t\t\t\t<\/div>\n\t\t\t\t<\/div>\n\t\t\t\t<div class=\"elementor-element elementor-element-e34 elementor-widget elementor-widget-text-editor\" data-id=\"e34\" data-element_type=\"widget\" data-e-type=\"widget\" data-widget_type=\"text-editor.default\">\n\t\t\t\t<div class=\"elementor-widget-container\">\n\t\t\t\t\t\t\t\t\t<p>Lomakohteen siivouksesta loman lopussa huolehtii asiakas itse, ellei asiasta toisin sovita. Loppusiivouksen voi tilata varauksen yhteydess\u00e4.<\/p><p>Varaathan loppusiivoukseen riitt\u00e4v\u00e4sti aikaa. Loppusiivous tulee tehd\u00e4 kokonaisuudessaan l\u00e4ht\u00f6p\u00e4iv\u00e4n\u00e4.<\/p><p>Loppusiivoukseen kuuluu, ett\u00e4 astiat tiskataan ja laitetaan paikalleen, roskat vied\u00e4\u00e4n j\u00e4tepisteeseen, tyhj\u00e4t pullot ja \u2013 t\u00f6lkit vied\u00e4\u00e4n pois tai j\u00e4tet\u00e4\u00e4n niille varattuun astiaan ja huonekalut laitetaan paikoilleen. Matot ja lattiat imuroidaan. Tahrat poistetaan lattiasta ja p\u00f6yd\u00e4t sek\u00e4 tasot pyyhit\u00e4\u00e4n kostealla liinalla sek\u00e4 WC pest\u00e4\u00e4n. Pesutilat ja k\u00e4ym\u00e4l\u00e4 siivotaan.<\/p><p>Ruokatarvikkeet vied\u00e4\u00e4n pois tai ne vied\u00e4\u00e4n j\u00e4tepisteeseen. Tulipesien tuhkat tyhjennet\u00e4\u00e4n tuhka-astiaan.<\/p><p>Piha-alue ja grillipaikka j\u00e4tet\u00e4\u00e4n siistiin kuntoon. Ved\u00e4 vene kunnolla maihin ja kiinnit\u00e4 se puuhun.<\/p><h6>JOS OLET VARANNUT LOPPUSIIVOUKSEN\u2026<\/h6><p>Tilattuun loppusiivoukseen tai lomakohteen vuokrahintaan sis\u00e4ltyv\u00e4\u00e4n loppusiivoukseen ei sis\u00e4lly astioiden tiskaus, astioiden paikalleen laitto ja roskien vienti. Lis\u00e4ksi asiakkaan on viet\u00e4v\u00e4 tyhj\u00e4t pullot ja t\u00f6lkit pois tai niille varattuun astiaan ja laitettava huonekalut paikoilleen. Ruokatarvikkeet on viet\u00e4v\u00e4 mukana tai ne on viet\u00e4v\u00e4 j\u00e4tepisteeseen.<\/p><h6>JOS OLET VARANNUT MEILT\u00c4 LIINAVAATTEET\u2026<\/h6><p>Mik\u00e4li olette vuokranneet liinavaatteet ja pyyhkeet, tulee ne j\u00e4tt\u00e4\u00e4 pinoon s\u00e4ngyn p\u00e4\u00e4lle. Varmistathan, ettei peitoissa ja tyynyiss\u00e4 ole tahroja.<\/p><h6>JOS MUKANASI ON LEMMIKKI\u2026<\/h6><p>Karkalin Kaiku ja M\u00e4nnikk\u00f6 sopivat my\u00f6s lemmikkien kanssa lomailuun (max. 2 el\u00e4int\u00e4). Pid\u00e4th\u00e4n kuitenkin huolen, etteiv\u00e4t lemmikit oleile s\u00e4ngyiss\u00e4. Muistathan poistaa lemmikin karvat m\u00f6kist\u00e4\/kalusteista ja j\u00e4t\u00f6kset pihapiirist\u00e4 ennen l\u00e4ht\u00f6\u00e4si. Istuintekstiilit kannattaa suojata, jotta tekstiilit eiv\u00e4t vahingoitu ja karvojen siivoaminen on helpompaa. Huolehdithan my\u00f6s, ett\u00e4 lemmikki ei aiheuta vahinkoa m\u00f6kiss\u00e4 tai pihapiiriss\u00e4. Asiakas vastaa kaikista lemmikin aiheuttamista vahingoista suoraan omistajalle.<\/p><h6>JOS JOTAIN RIKKOUTUU LOMANNE AIKANA\u2026<\/h6><p>Ilmoitathan asiasta mahdollisimman pian. N\u00e4in meille j\u00e4\u00e4 aikaa hankkia uusi rikkoutuneet tilalle ennen seuraavien vieraiden saapumista.<\/p><h6>MUUTA HUOMIOITAVAA\u2026<\/h6><p>Tupakointi on kielletty kaikissa lomakohteen sis\u00e4tiloissa. Asiakas on velvollinen maksamaan lomakohteen siivoamisesta aiheutuvat kulut siin\u00e4 tapauksessa, ett\u00e4 lomakohteen sis\u00e4tiloissa on tupakoitu tai siivousta ei ole suoritettu tai se on suoritettu puutteellisesti ja lomakohteen omistaja joutuu huolehtimaan siit\u00e4 ennen seuraavan asiakkaan saapumista.<\/p>\t\t\t\t\t\t\t\t<\/div>\n\t\t\t\t<\/div>\n\t\t\t\t\t<\/div>\n\t\t<\/div>\n\t\t\t\t\t<\/div>\n\t\t<\/section>\n\t\t\t\t<\/div>\n\t\t<!-- AddThis Advanced Settings generic via filter on the_content --><!-- AddThis Share Buttons generic via filter on the_content -->","protected":false},"excerpt":{"rendered":"<p>Siivousohje Lomakohteen siivouksesta loman lopussa huolehtii asiakas itse, ellei asiasta toisin sovita. Loppusiivouksen voi tilata varauksen yhteydess\u00e4. Varaathan loppusiivoukseen riitt\u00e4v\u00e4sti aikaa. Loppusiivous tulee tehd\u00e4 kokonaisuudessaan l\u00e4ht\u00f6p\u00e4iv\u00e4n\u00e4. Loppusiivoukseen kuuluu, ett\u00e4 astiat tiskataan ja laitetaan paikalleen, roskat vied\u00e4\u00e4n j\u00e4tepisteeseen, tyhj\u00e4t pullot ja \u2013 t\u00f6lkit vied\u00e4\u00e4n pois tai j\u00e4tet\u00e4\u00e4n niille varattuun astiaan ja huonekalut laitetaan paikoilleen. Matot ja [&hellip;]<!-- AddThis Advanced Settings generic via filter on get_the_excerpt --><!-- AddThis Share Buttons generic via filter on get_the_excerpt --><\/p>\n","protected":false},"author":16,"featured_media":0,"parent":0,"menu_order":0,"comment_status":"closed","ping_status":"closed","template":"","meta":{"_monsterinsights_skip_tracking":false,"_monsterinsights_sitenote_active":false,"_monsterinsights_sitenote_note":"","_monsterinsights_sitenote_category":0,"footnotes":""},"class_list":["post-514","page","type-page","status-publish","hentry"],"yoast_head":"<!-- This site is optimized with the Yoast SEO plugin v27.3 - https:\/\/yoast.com\/product\/yoast-seo-wordpress\/ -->\n<title>Siivousohje - Suurniemen tila<\/title>\n<meta name=\"robots\" content=\"index, follow, max-snippet:-1, max-image-preview:large, max-video-preview:-1\" \/>\n<link rel=\"canonical\" href=\"https:\/\/suurniementila.com\/en\/siivousohje\/\" \/>\n<meta property=\"og:locale\" content=\"en_US\" \/>\n<meta property=\"og:type\" content=\"article\" \/>\n<meta property=\"og:title\" content=\"Siivousohje - Suurniemen tila\" \/>\n<meta property=\"og:description\" content=\"Siivousohje Lomakohteen siivouksesta loman lopussa huolehtii asiakas itse, ellei asiasta toisin sovita. Loppusiivouksen voi tilata varauksen yhteydess\u00e4. Varaathan loppusiivoukseen riitt\u00e4v\u00e4sti aikaa. Loppusiivous tulee tehd\u00e4 kokonaisuudessaan l\u00e4ht\u00f6p\u00e4iv\u00e4n\u00e4. Loppusiivoukseen kuuluu, ett\u00e4 astiat tiskataan ja laitetaan paikalleen, roskat vied\u00e4\u00e4n j\u00e4tepisteeseen, tyhj\u00e4t pullot ja \u2013 t\u00f6lkit vied\u00e4\u00e4n pois tai j\u00e4tet\u00e4\u00e4n niille varattuun astiaan ja huonekalut laitetaan paikoilleen. Matot ja [&hellip;]\" \/>\n<meta property=\"og:url\" content=\"https:\/\/suurniementila.com\/en\/siivousohje\/\" \/>\n<meta property=\"og:site_name\" content=\"Suurniemen tila\" \/>\n<meta property=\"article:publisher\" content=\"https:\/\/www.facebook.com\/suurniementila\" \/>\n<meta property=\"article:modified_time\" content=\"2019-02-27T18:53:02+00:00\" \/>\n<meta name=\"twitter:card\" content=\"summary_large_image\" \/>\n<meta name=\"twitter:label1\" content=\"Est. reading time\" \/>\n\t<meta name=\"twitter:data1\" content=\"2 minutes\" \/>\n<script type=\"application\/ld+json\" class=\"yoast-schema-graph\">{\"@context\":\"https:\\\/\\\/schema.org\",\"@graph\":[{\"@type\":\"WebPage\",\"@id\":\"https:\\\/\\\/suurniementila.com\\\/siivousohje\\\/\",\"url\":\"https:\\\/\\\/suurniementila.com\\\/siivousohje\\\/\",\"name\":\"Siivousohje - Suurniemen tila\",\"isPartOf\":{\"@id\":\"https:\\\/\\\/suurniementila.com\\\/#website\"},\"datePublished\":\"2018-11-12T18:04:29+00:00\",\"dateModified\":\"2019-02-27T18:53:02+00:00\",\"breadcrumb\":{\"@id\":\"https:\\\/\\\/suurniementila.com\\\/siivousohje\\\/#breadcrumb\"},\"inLanguage\":\"en-US\",\"potentialAction\":[{\"@type\":\"ReadAction\",\"target\":[\"https:\\\/\\\/suurniementila.com\\\/siivousohje\\\/\"]}]},{\"@type\":\"BreadcrumbList\",\"@id\":\"https:\\\/\\\/suurniementila.com\\\/siivousohje\\\/#breadcrumb\",\"itemListElement\":[{\"@type\":\"ListItem\",\"position\":1,\"name\":\"Home\",\"item\":\"https:\\\/\\\/suurniementila.com\\\/\"},{\"@type\":\"ListItem\",\"position\":2,\"name\":\"Siivousohje\"}]},{\"@type\":\"WebSite\",\"@id\":\"https:\\\/\\\/suurniementila.com\\\/#website\",\"url\":\"https:\\\/\\\/suurniementila.com\\\/\",\"name\":\"Suurniemen tila\",\"description\":\"M\u00f6kkivuokrausta \u23ae Rental Cottages\",\"publisher\":{\"@id\":\"https:\\\/\\\/suurniementila.com\\\/#organization\"},\"potentialAction\":[{\"@type\":\"SearchAction\",\"target\":{\"@type\":\"EntryPoint\",\"urlTemplate\":\"https:\\\/\\\/suurniementila.com\\\/?s={search_term_string}\"},\"query-input\":{\"@type\":\"PropertyValueSpecification\",\"valueRequired\":true,\"valueName\":\"search_term_string\"}}],\"inLanguage\":\"en-US\"},{\"@type\":\"Organization\",\"@id\":\"https:\\\/\\\/suurniementila.com\\\/#organization\",\"name\":\"Suurniemen tila\",\"url\":\"https:\\\/\\\/suurniementila.com\\\/\",\"logo\":{\"@type\":\"ImageObject\",\"inLanguage\":\"en-US\",\"@id\":\"https:\\\/\\\/suurniementila.com\\\/#\\\/schema\\\/logo\\\/image\\\/\",\"url\":\"https:\\\/\\\/suurniementila.com\\\/wp-content\\\/uploads\\\/2018\\\/10\\\/eaten_apple.png\",\"contentUrl\":\"https:\\\/\\\/suurniementila.com\\\/wp-content\\\/uploads\\\/2018\\\/10\\\/eaten_apple.png\",\"width\":1176,\"height\":1182,\"caption\":\"Suurniemen tila\"},\"image\":{\"@id\":\"https:\\\/\\\/suurniementila.com\\\/#\\\/schema\\\/logo\\\/image\\\/\"},\"sameAs\":[\"https:\\\/\\\/www.facebook.com\\\/suurniementila\",\"https:\\\/\\\/www.instagram.com\\\/suurniementila\\\/\"]}]}<\/script>\n<!-- \/ Yoast SEO plugin. -->","yoast_head_json":{"title":"Siivousohje - Suurniemen tila","robots":{"index":"index","follow":"follow","max-snippet":"max-snippet:-1","max-image-preview":"max-image-preview:large","max-video-preview":"max-video-preview:-1"},"canonical":"https:\/\/suurniementila.com\/en\/siivousohje\/","og_locale":"en_US","og_type":"article","og_title":"Siivousohje - Suurniemen tila","og_description":"Siivousohje Lomakohteen siivouksesta loman lopussa huolehtii asiakas itse, ellei asiasta toisin sovita. Loppusiivouksen voi tilata varauksen yhteydess\u00e4. Varaathan loppusiivoukseen riitt\u00e4v\u00e4sti aikaa. Loppusiivous tulee tehd\u00e4 kokonaisuudessaan l\u00e4ht\u00f6p\u00e4iv\u00e4n\u00e4. Loppusiivoukseen kuuluu, ett\u00e4 astiat tiskataan ja laitetaan paikalleen, roskat vied\u00e4\u00e4n j\u00e4tepisteeseen, tyhj\u00e4t pullot ja \u2013 t\u00f6lkit vied\u00e4\u00e4n pois tai j\u00e4tet\u00e4\u00e4n niille varattuun astiaan ja huonekalut laitetaan paikoilleen. Matot ja [&hellip;]","og_url":"https:\/\/suurniementila.com\/en\/siivousohje\/","og_site_name":"Suurniemen tila","article_publisher":"https:\/\/www.facebook.com\/suurniementila","article_modified_time":"2019-02-27T18:53:02+00:00","twitter_card":"summary_large_image","twitter_misc":{"Est. reading time":"2 minutes"},"schema":{"@context":"https:\/\/schema.org","@graph":[{"@type":"WebPage","@id":"https:\/\/suurniementila.com\/siivousohje\/","url":"https:\/\/suurniementila.com\/siivousohje\/","name":"Siivousohje - Suurniemen tila","isPartOf":{"@id":"https:\/\/suurniementila.com\/#website"},"datePublished":"2018-11-12T18:04:29+00:00","dateModified":"2019-02-27T18:53:02+00:00","breadcrumb":{"@id":"https:\/\/suurniementila.com\/siivousohje\/#breadcrumb"},"inLanguage":"en-US","potentialAction":[{"@type":"ReadAction","target":["https:\/\/suurniementila.com\/siivousohje\/"]}]},{"@type":"BreadcrumbList","@id":"https:\/\/suurniementila.com\/siivousohje\/#breadcrumb","itemListElement":[{"@type":"ListItem","position":1,"name":"Home","item":"https:\/\/suurniementila.com\/"},{"@type":"ListItem","position":2,"name":"Siivousohje"}]},{"@type":"WebSite","@id":"https:\/\/suurniementila.com\/#website","url":"https:\/\/suurniementila.com\/","name":"Suurniemen tila","description":"M\u00f6kkivuokrausta \u23ae Rental Cottages","publisher":{"@id":"https:\/\/suurniementila.com\/#organization"},"potentialAction":[{"@type":"SearchAction","target":{"@type":"EntryPoint","urlTemplate":"https:\/\/suurniementila.com\/?s={search_term_string}"},"query-input":{"@type":"PropertyValueSpecification","valueRequired":true,"valueName":"search_term_string"}}],"inLanguage":"en-US"},{"@type":"Organization","@id":"https:\/\/suurniementila.com\/#organization","name":"Suurniemen tila","url":"https:\/\/suurniementila.com\/","logo":{"@type":"ImageObject","inLanguage":"en-US","@id":"https:\/\/suurniementila.com\/#\/schema\/logo\/image\/","url":"https:\/\/suurniementila.com\/wp-content\/uploads\/2018\/10\/eaten_apple.png","contentUrl":"https:\/\/suurniementila.com\/wp-content\/uploads\/2018\/10\/eaten_apple.png","width":1176,"height":1182,"caption":"Suurniemen tila"},"image":{"@id":"https:\/\/suurniementila.com\/#\/schema\/logo\/image\/"},"sameAs":["https:\/\/www.facebook.com\/suurniementila","https:\/\/www.instagram.com\/suurniementila\/"]}]}},"_links":{"self":[{"href":"https:\/\/suurniementila.com\/en\/wp-json\/wp\/v2\/pages\/514","targetHints":{"allow":["GET"]}}],"collection":[{"href":"https:\/\/suurniementila.com\/en\/wp-json\/wp\/v2\/pages"}],"about":[{"href":"https:\/\/suurniementila.com\/en\/wp-json\/wp\/v2\/types\/page"}],"author":[{"embeddable":true,"href":"https:\/\/suurniementila.com\/en\/wp-json\/wp\/v2\/users\/16"}],"replies":[{"embeddable":true,"href":"https:\/\/suurniementila.com\/en\/wp-json\/wp\/v2\/comments?post=514"}],"version-history":[{"count":5,"href":"https:\/\/suurniementila.com\/en\/wp-json\/wp\/v2\/pages\/514\/revisions"}],"predecessor-version":[{"id":1861,"href":"https:\/\/suurniementila.com\/en\/wp-json\/wp\/v2\/pages\/514\/revisions\/1861"}],"wp:attachment":[{"href":"https:\/\/suurniementila.com\/en\/wp-json\/wp\/v2\/media?parent=514"}],"curies":[{"name":"wp","href":"https:\/\/api.w.org\/{rel}","templated":true}]}}