{"id":632,"date":"2018-11-14T12:41:04","date_gmt":"2018-11-14T12:41:04","guid":{"rendered":"http:\/\/suurniementila.azurewebsites.net\/?page_id=632"},"modified":"2019-02-15T16:23:34","modified_gmt":"2019-02-15T14:23:34","slug":"historia","status":"publish","type":"page","link":"https:\/\/suurniementila.com\/en\/historia\/","title":{"rendered":"History"},"content":{"rendered":"<div data-elementor-type=\"wp-post\" data-elementor-id=\"632\" class=\"elementor elementor-632 elementor-bc-flex-widget\">\n\t\t\t\t\t\t<section class=\"elementor-section elementor-top-section elementor-element elementor-element-1ac0d19 elementor-section-height-min-height elementor-section-boxed elementor-section-height-default elementor-section-items-middle\" data-id=\"1ac0d19\" data-element_type=\"section\" data-e-type=\"section\" data-settings=\"{&quot;background_background&quot;:&quot;classic&quot;}\">\n\t\t\t\t\t\t<div class=\"elementor-container elementor-column-gap-default\">\n\t\t\t\t\t<div class=\"elementor-column elementor-col-100 elementor-top-column elementor-element elementor-element-9f64ac7\" data-id=\"9f64ac7\" data-element_type=\"column\" data-e-type=\"column\">\n\t\t\t<div class=\"elementor-widget-wrap\">\n\t\t\t\t\t\t\t<\/div>\n\t\t<\/div>\n\t\t\t\t\t<\/div>\n\t\t<\/section>\n\t\t\t\t<section class=\"elementor-section elementor-top-section elementor-element elementor-element-92cc810 elementor-section-boxed elementor-section-height-default elementor-section-height-default\" data-id=\"92cc810\" data-element_type=\"section\" data-e-type=\"section\">\n\t\t\t\t\t\t<div class=\"elementor-container elementor-column-gap-default\">\n\t\t\t\t\t<div class=\"elementor-column elementor-col-100 elementor-top-column elementor-element elementor-element-ce3ab90\" data-id=\"ce3ab90\" data-element_type=\"column\" data-e-type=\"column\">\n\t\t\t<div class=\"elementor-widget-wrap elementor-element-populated\">\n\t\t\t\t\t\t<div class=\"elementor-element elementor-element-1edde8d elementor-widget elementor-widget-heading\" data-id=\"1edde8d\" data-element_type=\"widget\" data-e-type=\"widget\" data-widget_type=\"heading.default\">\n\t\t\t\t<div class=\"elementor-widget-container\">\n\t\t\t\t\t<h1 class=\"elementor-heading-title elementor-size-default\">History<\/h1>\t\t\t\t<\/div>\n\t\t\t\t<\/div>\n\t\t\t\t<div class=\"elementor-element elementor-element-14b9e26 elementor-widget elementor-widget-text-editor\" data-id=\"14b9e26\" data-element_type=\"widget\" data-e-type=\"widget\" data-widget_type=\"text-editor.default\">\n\t\t\t\t<div class=\"elementor-widget-container\">\n\t\t\t\t\t\t\t\t\t<p>Suurniemi became Karjalohja's studbook estate in the 18th century, although this one-house-village has been mentioned in tax records as early as the 1620s. Ever since the 17th century, permanent habitation has been in the area. For example, in the 1680s, Matti Heikinpoika from Suurniemi was in Karjalohja and Pohja's winter councils to sort out horse-related matters. The Karjalohja's vicar Isaac Florin bought the Suurniemi estate at the end of the 18th century and the family settled in Suurniemi.<\/p>\t\t\t\t\t\t\t\t<\/div>\n\t\t\t\t<\/div>\n\t\t\t\t<div class=\"elementor-element elementor-element-4974e48 elementor-widget elementor-widget-text-editor\" data-id=\"4974e48\" data-element_type=\"widget\" data-e-type=\"widget\" data-widget_type=\"text-editor.default\">\n\t\t\t\t<div class=\"elementor-widget-container\">\n\t\t\t\t\t\t\t\t\t<p>During the 1870s, the first summer residents occupied the estate after the Florin family gave it up. This was followed by Suurniemi villa season, which continued for 75 years. During this time, the place functioned as a summer resort. During the spring, the holidaymakers arrived by train to Kirkniemi Station, where they continued by boat to Karkali. It was easy to walk over the narrow bay of Karkali, and this was followed by another boat to Suurniemi. The carriageway was only a bit wider than walking paths, so the lake was the fastest way to commute. Farm hands maintained the estate during winter times since the gentry pulled back to the city when autumn arose and the weather got chilly.<\/p>\t\t\t\t\t\t\t\t<\/div>\n\t\t\t\t<\/div>\n\t\t\t\t<div class=\"elementor-element elementor-element-169e8d1 elementor-widget elementor-widget-text-editor\" data-id=\"169e8d1\" data-element_type=\"widget\" data-e-type=\"widget\" data-widget_type=\"text-editor.default\">\n\t\t\t\t<div class=\"elementor-widget-container\">\n\t\t\t\t\t\t\t\t\t<div>During the 1870s, the first summer residents occupied the estate after the Florin family gave it up. This was followed by Suurniemi villa season, which continued for 75 years. During this time, the place functioned as a summer resort between three families. During the spring, the holidaymakers arrived by train to Kirkniemi Station, where they continued by boat to Karkali. It was easy to walk over the narrow bay of Karkali, and this was followed by another boat to Suurniemi. The carriageway was only a bit wider than walking paths, so the lake was the fastest way to commute. Farm hands maintained the estate during winter times since the gentry pulled back to the city when autumn arose and the weather got chilly.<\/div><div>\u00a0<\/div><p class=\"translation-block\">-<\/p>\t\t\t\t\t\t\t\t<\/div>\n\t\t\t\t<\/div>\n\t\t\t\t\t<\/div>\n\t\t<\/div>\n\t\t\t\t\t<\/div>\n\t\t<\/section>\n\t\t\t\t<\/div>\n\t\t<!-- AddThis Advanced Settings generic via filter on the_content --><!-- AddThis Share Buttons generic via filter on the_content -->","protected":false},"excerpt":{"rendered":"<p>Historia Suurniemen tila tuli Karjalohjan kantakirjatilaksi 1700-luvulla, joskin t\u00e4st\u00e4 yhden talon kyl\u00e4st\u00e4 on mainintoja jo 1620-luvun veroluetteloissa. Vakinaista asutusta alueella on ollut 1600-luvulta l\u00e4htien. Esimerkiksi 1680-luvulla Matti Heikinpoika Suurniemest\u00e4 oli Karjalohjan ja Pohjan talvik\u00e4r\u00e4jill\u00e4 selvittelem\u00e4ss\u00e4 hevosasioitaan. Karjalohjan kirkkoherra Isaac Florin osti Suurniemen 1700-luvun lopulla ja suku asettui Suurniemeen. Nykyinen p\u00e4\u00e4rakennus on rakennettu Florinien aikana. Lohjanj\u00e4rven [&hellip;]<!-- AddThis Advanced Settings generic via filter on get_the_excerpt --><!-- AddThis Share Buttons generic via filter on get_the_excerpt --><\/p>\n","protected":false},"author":16,"featured_media":0,"parent":0,"menu_order":0,"comment_status":"closed","ping_status":"closed","template":"","meta":{"_monsterinsights_skip_tracking":false,"_monsterinsights_sitenote_active":false,"_monsterinsights_sitenote_note":"","_monsterinsights_sitenote_category":0,"footnotes":""},"class_list":["post-632","page","type-page","status-publish","hentry"],"yoast_head":"<!-- This site is optimized with the Yoast SEO plugin v27.3 - https:\/\/yoast.com\/product\/yoast-seo-wordpress\/ -->\n<title>Historia - Suurniemen tila<\/title>\n<meta name=\"robots\" content=\"index, follow, max-snippet:-1, max-image-preview:large, max-video-preview:-1\" \/>\n<link rel=\"canonical\" href=\"https:\/\/suurniementila.com\/en\/historia\/\" \/>\n<meta property=\"og:locale\" content=\"en_US\" \/>\n<meta property=\"og:type\" content=\"article\" \/>\n<meta property=\"og:title\" content=\"Historia - Suurniemen tila\" \/>\n<meta property=\"og:description\" content=\"Historia Suurniemen tila tuli Karjalohjan kantakirjatilaksi 1700-luvulla, joskin t\u00e4st\u00e4 yhden talon kyl\u00e4st\u00e4 on mainintoja jo 1620-luvun veroluetteloissa. Vakinaista asutusta alueella on ollut 1600-luvulta l\u00e4htien. Esimerkiksi 1680-luvulla Matti Heikinpoika Suurniemest\u00e4 oli Karjalohjan ja Pohjan talvik\u00e4r\u00e4jill\u00e4 selvittelem\u00e4ss\u00e4 hevosasioitaan. Karjalohjan kirkkoherra Isaac Florin osti Suurniemen 1700-luvun lopulla ja suku asettui Suurniemeen. Nykyinen p\u00e4\u00e4rakennus on rakennettu Florinien aikana. Lohjanj\u00e4rven [&hellip;]\" \/>\n<meta property=\"og:url\" content=\"https:\/\/suurniementila.com\/en\/historia\/\" \/>\n<meta property=\"og:site_name\" content=\"Suurniemen tila\" \/>\n<meta property=\"article:publisher\" content=\"https:\/\/www.facebook.com\/suurniementila\" \/>\n<meta property=\"article:modified_time\" content=\"2019-02-15T14:23:34+00:00\" \/>\n<meta name=\"twitter:card\" content=\"summary_large_image\" \/>\n<meta name=\"twitter:label1\" content=\"Est. reading time\" \/>\n\t<meta name=\"twitter:data1\" content=\"1 minute\" \/>\n<script type=\"application\/ld+json\" class=\"yoast-schema-graph\">{\"@context\":\"https:\\\/\\\/schema.org\",\"@graph\":[{\"@type\":\"WebPage\",\"@id\":\"https:\\\/\\\/suurniementila.com\\\/historia\\\/\",\"url\":\"https:\\\/\\\/suurniementila.com\\\/historia\\\/\",\"name\":\"Historia - Suurniemen tila\",\"isPartOf\":{\"@id\":\"https:\\\/\\\/suurniementila.com\\\/#website\"},\"datePublished\":\"2018-11-14T12:41:04+00:00\",\"dateModified\":\"2019-02-15T14:23:34+00:00\",\"breadcrumb\":{\"@id\":\"https:\\\/\\\/suurniementila.com\\\/historia\\\/#breadcrumb\"},\"inLanguage\":\"en-US\",\"potentialAction\":[{\"@type\":\"ReadAction\",\"target\":[\"https:\\\/\\\/suurniementila.com\\\/historia\\\/\"]}]},{\"@type\":\"BreadcrumbList\",\"@id\":\"https:\\\/\\\/suurniementila.com\\\/historia\\\/#breadcrumb\",\"itemListElement\":[{\"@type\":\"ListItem\",\"position\":1,\"name\":\"Home\",\"item\":\"https:\\\/\\\/suurniementila.com\\\/\"},{\"@type\":\"ListItem\",\"position\":2,\"name\":\"Historia\"}]},{\"@type\":\"WebSite\",\"@id\":\"https:\\\/\\\/suurniementila.com\\\/#website\",\"url\":\"https:\\\/\\\/suurniementila.com\\\/\",\"name\":\"Suurniemen tila\",\"description\":\"M\u00f6kkivuokrausta \u23ae Rental Cottages\",\"publisher\":{\"@id\":\"https:\\\/\\\/suurniementila.com\\\/#organization\"},\"potentialAction\":[{\"@type\":\"SearchAction\",\"target\":{\"@type\":\"EntryPoint\",\"urlTemplate\":\"https:\\\/\\\/suurniementila.com\\\/?s={search_term_string}\"},\"query-input\":{\"@type\":\"PropertyValueSpecification\",\"valueRequired\":true,\"valueName\":\"search_term_string\"}}],\"inLanguage\":\"en-US\"},{\"@type\":\"Organization\",\"@id\":\"https:\\\/\\\/suurniementila.com\\\/#organization\",\"name\":\"Suurniemen tila\",\"url\":\"https:\\\/\\\/suurniementila.com\\\/\",\"logo\":{\"@type\":\"ImageObject\",\"inLanguage\":\"en-US\",\"@id\":\"https:\\\/\\\/suurniementila.com\\\/#\\\/schema\\\/logo\\\/image\\\/\",\"url\":\"https:\\\/\\\/suurniementila.com\\\/wp-content\\\/uploads\\\/2018\\\/10\\\/eaten_apple.png\",\"contentUrl\":\"https:\\\/\\\/suurniementila.com\\\/wp-content\\\/uploads\\\/2018\\\/10\\\/eaten_apple.png\",\"width\":1176,\"height\":1182,\"caption\":\"Suurniemen tila\"},\"image\":{\"@id\":\"https:\\\/\\\/suurniementila.com\\\/#\\\/schema\\\/logo\\\/image\\\/\"},\"sameAs\":[\"https:\\\/\\\/www.facebook.com\\\/suurniementila\",\"https:\\\/\\\/www.instagram.com\\\/suurniementila\\\/\"]}]}<\/script>\n<!-- \/ Yoast SEO plugin. -->","yoast_head_json":{"title":"Historia - Suurniemen tila","robots":{"index":"index","follow":"follow","max-snippet":"max-snippet:-1","max-image-preview":"max-image-preview:large","max-video-preview":"max-video-preview:-1"},"canonical":"https:\/\/suurniementila.com\/en\/historia\/","og_locale":"en_US","og_type":"article","og_title":"Historia - Suurniemen tila","og_description":"Historia Suurniemen tila tuli Karjalohjan kantakirjatilaksi 1700-luvulla, joskin t\u00e4st\u00e4 yhden talon kyl\u00e4st\u00e4 on mainintoja jo 1620-luvun veroluetteloissa. Vakinaista asutusta alueella on ollut 1600-luvulta l\u00e4htien. Esimerkiksi 1680-luvulla Matti Heikinpoika Suurniemest\u00e4 oli Karjalohjan ja Pohjan talvik\u00e4r\u00e4jill\u00e4 selvittelem\u00e4ss\u00e4 hevosasioitaan. Karjalohjan kirkkoherra Isaac Florin osti Suurniemen 1700-luvun lopulla ja suku asettui Suurniemeen. Nykyinen p\u00e4\u00e4rakennus on rakennettu Florinien aikana. Lohjanj\u00e4rven [&hellip;]","og_url":"https:\/\/suurniementila.com\/en\/historia\/","og_site_name":"Suurniemen tila","article_publisher":"https:\/\/www.facebook.com\/suurniementila","article_modified_time":"2019-02-15T14:23:34+00:00","twitter_card":"summary_large_image","twitter_misc":{"Est. reading time":"1 minute"},"schema":{"@context":"https:\/\/schema.org","@graph":[{"@type":"WebPage","@id":"https:\/\/suurniementila.com\/historia\/","url":"https:\/\/suurniementila.com\/historia\/","name":"Historia - Suurniemen tila","isPartOf":{"@id":"https:\/\/suurniementila.com\/#website"},"datePublished":"2018-11-14T12:41:04+00:00","dateModified":"2019-02-15T14:23:34+00:00","breadcrumb":{"@id":"https:\/\/suurniementila.com\/historia\/#breadcrumb"},"inLanguage":"en-US","potentialAction":[{"@type":"ReadAction","target":["https:\/\/suurniementila.com\/historia\/"]}]},{"@type":"BreadcrumbList","@id":"https:\/\/suurniementila.com\/historia\/#breadcrumb","itemListElement":[{"@type":"ListItem","position":1,"name":"Home","item":"https:\/\/suurniementila.com\/"},{"@type":"ListItem","position":2,"name":"Historia"}]},{"@type":"WebSite","@id":"https:\/\/suurniementila.com\/#website","url":"https:\/\/suurniementila.com\/","name":"Suurniemen tila","description":"M\u00f6kkivuokrausta \u23ae Rental Cottages","publisher":{"@id":"https:\/\/suurniementila.com\/#organization"},"potentialAction":[{"@type":"SearchAction","target":{"@type":"EntryPoint","urlTemplate":"https:\/\/suurniementila.com\/?s={search_term_string}"},"query-input":{"@type":"PropertyValueSpecification","valueRequired":true,"valueName":"search_term_string"}}],"inLanguage":"en-US"},{"@type":"Organization","@id":"https:\/\/suurniementila.com\/#organization","name":"Suurniemen tila","url":"https:\/\/suurniementila.com\/","logo":{"@type":"ImageObject","inLanguage":"en-US","@id":"https:\/\/suurniementila.com\/#\/schema\/logo\/image\/","url":"https:\/\/suurniementila.com\/wp-content\/uploads\/2018\/10\/eaten_apple.png","contentUrl":"https:\/\/suurniementila.com\/wp-content\/uploads\/2018\/10\/eaten_apple.png","width":1176,"height":1182,"caption":"Suurniemen tila"},"image":{"@id":"https:\/\/suurniementila.com\/#\/schema\/logo\/image\/"},"sameAs":["https:\/\/www.facebook.com\/suurniementila","https:\/\/www.instagram.com\/suurniementila\/"]}]}},"_links":{"self":[{"href":"https:\/\/suurniementila.com\/en\/wp-json\/wp\/v2\/pages\/632","targetHints":{"allow":["GET"]}}],"collection":[{"href":"https:\/\/suurniementila.com\/en\/wp-json\/wp\/v2\/pages"}],"about":[{"href":"https:\/\/suurniementila.com\/en\/wp-json\/wp\/v2\/types\/page"}],"author":[{"embeddable":true,"href":"https:\/\/suurniementila.com\/en\/wp-json\/wp\/v2\/users\/16"}],"replies":[{"embeddable":true,"href":"https:\/\/suurniementila.com\/en\/wp-json\/wp\/v2\/comments?post=632"}],"version-history":[{"count":20,"href":"https:\/\/suurniementila.com\/en\/wp-json\/wp\/v2\/pages\/632\/revisions"}],"predecessor-version":[{"id":1687,"href":"https:\/\/suurniementila.com\/en\/wp-json\/wp\/v2\/pages\/632\/revisions\/1687"}],"wp:attachment":[{"href":"https:\/\/suurniementila.com\/en\/wp-json\/wp\/v2\/media?parent=632"}],"curies":[{"name":"wp","href":"https:\/\/api.w.org\/{rel}","templated":true}]}}