{"id":637,"date":"2018-11-14T12:43:13","date_gmt":"2018-11-14T12:43:13","guid":{"rendered":"http:\/\/suurniementila.azurewebsites.net\/?page_id=637"},"modified":"2019-02-15T16:30:05","modified_gmt":"2019-02-15T14:30:05","slug":"luonto","status":"publish","type":"page","link":"https:\/\/suurniementila.com\/en\/luonto\/","title":{"rendered":"Nature"},"content":{"rendered":"<div data-elementor-type=\"wp-post\" data-elementor-id=\"637\" class=\"elementor elementor-637 elementor-bc-flex-widget\">\n\t\t\t\t\t\t<section class=\"elementor-section elementor-top-section elementor-element elementor-element-157fa00f elementor-section-full_width elementor-section-height-min-height elementor-section-height-default elementor-section-items-middle\" data-id=\"157fa00f\" data-element_type=\"section\" data-e-type=\"section\" data-settings=\"{&quot;background_background&quot;:&quot;classic&quot;}\">\n\t\t\t\t\t\t<div class=\"elementor-container elementor-column-gap-default\">\n\t\t\t\t\t<div class=\"elementor-column elementor-col-100 elementor-top-column elementor-element elementor-element-743889bc\" data-id=\"743889bc\" data-element_type=\"column\" data-e-type=\"column\">\n\t\t\t<div class=\"elementor-widget-wrap\">\n\t\t\t\t\t\t\t<\/div>\n\t\t<\/div>\n\t\t\t\t\t<\/div>\n\t\t<\/section>\n\t\t\t\t<section class=\"elementor-section elementor-top-section elementor-element elementor-element-5fa804 elementor-section-boxed elementor-section-height-default elementor-section-height-default\" data-id=\"5fa804\" data-element_type=\"section\" data-e-type=\"section\">\n\t\t\t\t\t\t<div class=\"elementor-container elementor-column-gap-default\">\n\t\t\t\t\t<div class=\"elementor-column elementor-col-100 elementor-top-column elementor-element elementor-element-2c67059e\" data-id=\"2c67059e\" data-element_type=\"column\" data-e-type=\"column\">\n\t\t\t<div class=\"elementor-widget-wrap elementor-element-populated\">\n\t\t\t\t\t\t<div class=\"elementor-element elementor-element-646c15c6 elementor-widget elementor-widget-heading\" data-id=\"646c15c6\" data-element_type=\"widget\" data-e-type=\"widget\" data-widget_type=\"heading.default\">\n\t\t\t\t<div class=\"elementor-widget-container\">\n\t\t\t\t\t<h1 class=\"elementor-heading-title elementor-size-default\">Nature<\/h1>\t\t\t\t<\/div>\n\t\t\t\t<\/div>\n\t\t\t\t<div class=\"elementor-element elementor-element-31af835f elementor-widget elementor-widget-text-editor\" data-id=\"31af835f\" data-element_type=\"widget\" data-e-type=\"widget\" data-widget_type=\"text-editor.default\">\n\t\t\t\t<div class=\"elementor-widget-container\">\n\t\t\t\t\t\t\t\t\t<div>The most prominent part of our surrounding nature is Lake Lohja, which is the largest lake in southern Finland for its area of 122 square kilometers. While the Lohja ridge protects the area from cold sea breezes and Lohjanj\u00e4rvi stores heat, the annual accumulated temperature of the growing season in the area is higher than in Helsinki, for example. The calcareous soil and the mild climate create ideal conditions for floral growth in the area. The area is also part of a rare oak zone in Finland in which many hardwood trees, rare plants, fungi and insects thrive. Thanks to the favourable conditions, there are plenty of apple trees in the Lake Lohja area, both domestic and commercial apple orchards. The first apple trees came to Lohja in the 16th century and there are many local varieties of rare species in the area.<\/div><div>\u00a0<\/div><div>As the Lohja Ridge protects the area from cold sea winds and Lake Lohjanj\u00e4rvi stores the summer heat, the annual heat sum of the growing season in the area is the highest in mainland Finland. The calcareous soil and mild climate create ideal growing conditions for the area, and it belongs to a rare oak zone in Finland. Thanks to the favorable conditions, there are many apple orchards around Lake Lohjanj\u00e4rvi. The first apple trees came to the Lohja region as early as the 16th century, and many local varietal rarities still grow in the region.<\/div><div>\u00a0<\/div><div>Pitk\u00e4nper\u00e4nlahti, located between Suurniemi and Karkal, is a significant nature reserve with dense hazel bushes and many endangered forest habitats. The area is home to many rare plant species that prefer lime, such as yellow anemone, grove blueroot and grove starwort. The beetle species, the Lohjansepp\u00e4, is found in Finland only in the Torhola area. Karkal Nature Park is the largest continuous forest area in mainland Finland, where, among other things, the rare straight-mouthed snail occurs. The more commonly known inhabitants of the area are the white-backed woodpecker and the hazel grouse.<\/div>\t\t\t\t\t\t\t\t<\/div>\n\t\t\t\t<\/div>\n\t\t\t\t\t<\/div>\n\t\t<\/div>\n\t\t\t\t\t<\/div>\n\t\t<\/section>\n\t\t\t\t<\/div>\n\t\t<!-- AddThis Advanced Settings generic via filter on the_content --><!-- AddThis Share Buttons generic via filter on the_content -->","protected":false},"excerpt":{"rendered":"<p>Luonto Lohjan luonnon n\u00e4kyvin osa on Lohjanj\u00e4rvi, joka 122 neli\u00f6kilometrin pinta-alallaan on Etel\u00e4-Suomen suurin j\u00e4rvi. Vesist\u00f6 on tarjonnut kulkuv\u00e4yl\u00e4n ja ravinnonl\u00e4hteen alueen asukkaille vuosituhansien ajan. J\u00e4\u00e4kauden j\u00e4lkeen hylkeenpyyt\u00e4j\u00e4t kulkivat merelt\u00e4 sis\u00e4maahan j\u00e4rve\u00e4 pitkin ja Ruotsin vallan aikaan Karjalohjalta purjehdittiin R\u00e4\u00e4veliin asti kaupantekoon.\u00a0Lohjan harjun suojatessa aluetta kylmilt\u00e4 merituulilta ja Lohjanj\u00e4rven varastoidessa kes\u00e4n l\u00e4mp\u00f6\u00e4, alueen kasvukauden vuotuinen [&hellip;]<!-- AddThis Advanced Settings generic via filter on get_the_excerpt --><!-- AddThis Share Buttons generic via filter on get_the_excerpt --><\/p>\n","protected":false},"author":16,"featured_media":0,"parent":0,"menu_order":0,"comment_status":"closed","ping_status":"closed","template":"","meta":{"_monsterinsights_skip_tracking":false,"_monsterinsights_sitenote_active":false,"_monsterinsights_sitenote_note":"","_monsterinsights_sitenote_category":0,"footnotes":""},"class_list":["post-637","page","type-page","status-publish","hentry"],"yoast_head":"<!-- This site is optimized with the Yoast SEO plugin v27.3 - https:\/\/yoast.com\/product\/yoast-seo-wordpress\/ -->\n<title>Luonto - Suurniemen tila<\/title>\n<meta name=\"robots\" content=\"index, follow, max-snippet:-1, max-image-preview:large, max-video-preview:-1\" \/>\n<link rel=\"canonical\" href=\"https:\/\/suurniementila.com\/en\/luonto\/\" \/>\n<meta property=\"og:locale\" content=\"en_US\" \/>\n<meta property=\"og:type\" content=\"article\" \/>\n<meta property=\"og:title\" content=\"Luonto - Suurniemen tila\" \/>\n<meta property=\"og:description\" content=\"Luonto Lohjan luonnon n\u00e4kyvin osa on Lohjanj\u00e4rvi, joka 122 neli\u00f6kilometrin pinta-alallaan on Etel\u00e4-Suomen suurin j\u00e4rvi. Vesist\u00f6 on tarjonnut kulkuv\u00e4yl\u00e4n ja ravinnonl\u00e4hteen alueen asukkaille vuosituhansien ajan. J\u00e4\u00e4kauden j\u00e4lkeen hylkeenpyyt\u00e4j\u00e4t kulkivat merelt\u00e4 sis\u00e4maahan j\u00e4rve\u00e4 pitkin ja Ruotsin vallan aikaan Karjalohjalta purjehdittiin R\u00e4\u00e4veliin asti kaupantekoon.\u00a0Lohjan harjun suojatessa aluetta kylmilt\u00e4 merituulilta ja Lohjanj\u00e4rven varastoidessa kes\u00e4n l\u00e4mp\u00f6\u00e4, alueen kasvukauden vuotuinen [&hellip;]\" \/>\n<meta property=\"og:url\" content=\"https:\/\/suurniementila.com\/en\/luonto\/\" \/>\n<meta property=\"og:site_name\" content=\"Suurniemen tila\" \/>\n<meta property=\"article:publisher\" content=\"https:\/\/www.facebook.com\/suurniementila\" \/>\n<meta property=\"article:modified_time\" content=\"2019-02-15T14:30:05+00:00\" \/>\n<meta name=\"twitter:card\" content=\"summary_large_image\" \/>\n<meta name=\"twitter:label1\" content=\"Est. reading time\" \/>\n\t<meta name=\"twitter:data1\" content=\"1 minute\" \/>\n<script type=\"application\/ld+json\" class=\"yoast-schema-graph\">{\"@context\":\"https:\\\/\\\/schema.org\",\"@graph\":[{\"@type\":\"WebPage\",\"@id\":\"https:\\\/\\\/suurniementila.com\\\/en\\\/luonto\\\/\",\"url\":\"https:\\\/\\\/suurniementila.com\\\/en\\\/luonto\\\/\",\"name\":\"Luonto - Suurniemen tila\",\"isPartOf\":{\"@id\":\"https:\\\/\\\/suurniementila.com\\\/#website\"},\"datePublished\":\"2018-11-14T12:43:13+00:00\",\"dateModified\":\"2019-02-15T14:30:05+00:00\",\"breadcrumb\":{\"@id\":\"https:\\\/\\\/suurniementila.com\\\/en\\\/luonto\\\/#breadcrumb\"},\"inLanguage\":\"en-US\",\"potentialAction\":[{\"@type\":\"ReadAction\",\"target\":[\"https:\\\/\\\/suurniementila.com\\\/en\\\/luonto\\\/\"]}]},{\"@type\":\"BreadcrumbList\",\"@id\":\"https:\\\/\\\/suurniementila.com\\\/en\\\/luonto\\\/#breadcrumb\",\"itemListElement\":[{\"@type\":\"ListItem\",\"position\":1,\"name\":\"Home\",\"item\":\"https:\\\/\\\/suurniementila.com\\\/\"},{\"@type\":\"ListItem\",\"position\":2,\"name\":\"Luonto\"}]},{\"@type\":\"WebSite\",\"@id\":\"https:\\\/\\\/suurniementila.com\\\/#website\",\"url\":\"https:\\\/\\\/suurniementila.com\\\/\",\"name\":\"Suurniemen tila\",\"description\":\"M\u00f6kkivuokrausta \u23ae Rental Cottages\",\"publisher\":{\"@id\":\"https:\\\/\\\/suurniementila.com\\\/#organization\"},\"potentialAction\":[{\"@type\":\"SearchAction\",\"target\":{\"@type\":\"EntryPoint\",\"urlTemplate\":\"https:\\\/\\\/suurniementila.com\\\/?s={search_term_string}\"},\"query-input\":{\"@type\":\"PropertyValueSpecification\",\"valueRequired\":true,\"valueName\":\"search_term_string\"}}],\"inLanguage\":\"en-US\"},{\"@type\":\"Organization\",\"@id\":\"https:\\\/\\\/suurniementila.com\\\/#organization\",\"name\":\"Suurniemen tila\",\"url\":\"https:\\\/\\\/suurniementila.com\\\/\",\"logo\":{\"@type\":\"ImageObject\",\"inLanguage\":\"en-US\",\"@id\":\"https:\\\/\\\/suurniementila.com\\\/#\\\/schema\\\/logo\\\/image\\\/\",\"url\":\"https:\\\/\\\/suurniementila.com\\\/wp-content\\\/uploads\\\/2018\\\/10\\\/eaten_apple.png\",\"contentUrl\":\"https:\\\/\\\/suurniementila.com\\\/wp-content\\\/uploads\\\/2018\\\/10\\\/eaten_apple.png\",\"width\":1176,\"height\":1182,\"caption\":\"Suurniemen tila\"},\"image\":{\"@id\":\"https:\\\/\\\/suurniementila.com\\\/#\\\/schema\\\/logo\\\/image\\\/\"},\"sameAs\":[\"https:\\\/\\\/www.facebook.com\\\/suurniementila\",\"https:\\\/\\\/www.instagram.com\\\/suurniementila\\\/\"]}]}<\/script>\n<!-- \/ Yoast SEO plugin. -->","yoast_head_json":{"title":"Luonto - Suurniemen tila","robots":{"index":"index","follow":"follow","max-snippet":"max-snippet:-1","max-image-preview":"max-image-preview:large","max-video-preview":"max-video-preview:-1"},"canonical":"https:\/\/suurniementila.com\/en\/luonto\/","og_locale":"en_US","og_type":"article","og_title":"Luonto - Suurniemen tila","og_description":"Luonto Lohjan luonnon n\u00e4kyvin osa on Lohjanj\u00e4rvi, joka 122 neli\u00f6kilometrin pinta-alallaan on Etel\u00e4-Suomen suurin j\u00e4rvi. Vesist\u00f6 on tarjonnut kulkuv\u00e4yl\u00e4n ja ravinnonl\u00e4hteen alueen asukkaille vuosituhansien ajan. J\u00e4\u00e4kauden j\u00e4lkeen hylkeenpyyt\u00e4j\u00e4t kulkivat merelt\u00e4 sis\u00e4maahan j\u00e4rve\u00e4 pitkin ja Ruotsin vallan aikaan Karjalohjalta purjehdittiin R\u00e4\u00e4veliin asti kaupantekoon.\u00a0Lohjan harjun suojatessa aluetta kylmilt\u00e4 merituulilta ja Lohjanj\u00e4rven varastoidessa kes\u00e4n l\u00e4mp\u00f6\u00e4, alueen kasvukauden vuotuinen [&hellip;]","og_url":"https:\/\/suurniementila.com\/en\/luonto\/","og_site_name":"Suurniemen tila","article_publisher":"https:\/\/www.facebook.com\/suurniementila","article_modified_time":"2019-02-15T14:30:05+00:00","twitter_card":"summary_large_image","twitter_misc":{"Est. reading time":"1 minute"},"schema":{"@context":"https:\/\/schema.org","@graph":[{"@type":"WebPage","@id":"https:\/\/suurniementila.com\/en\/luonto\/","url":"https:\/\/suurniementila.com\/en\/luonto\/","name":"Luonto - Suurniemen tila","isPartOf":{"@id":"https:\/\/suurniementila.com\/#website"},"datePublished":"2018-11-14T12:43:13+00:00","dateModified":"2019-02-15T14:30:05+00:00","breadcrumb":{"@id":"https:\/\/suurniementila.com\/en\/luonto\/#breadcrumb"},"inLanguage":"en-US","potentialAction":[{"@type":"ReadAction","target":["https:\/\/suurniementila.com\/en\/luonto\/"]}]},{"@type":"BreadcrumbList","@id":"https:\/\/suurniementila.com\/en\/luonto\/#breadcrumb","itemListElement":[{"@type":"ListItem","position":1,"name":"Home","item":"https:\/\/suurniementila.com\/"},{"@type":"ListItem","position":2,"name":"Luonto"}]},{"@type":"WebSite","@id":"https:\/\/suurniementila.com\/#website","url":"https:\/\/suurniementila.com\/","name":"Suurniemen tila","description":"M\u00f6kkivuokrausta \u23ae Rental Cottages","publisher":{"@id":"https:\/\/suurniementila.com\/#organization"},"potentialAction":[{"@type":"SearchAction","target":{"@type":"EntryPoint","urlTemplate":"https:\/\/suurniementila.com\/?s={search_term_string}"},"query-input":{"@type":"PropertyValueSpecification","valueRequired":true,"valueName":"search_term_string"}}],"inLanguage":"en-US"},{"@type":"Organization","@id":"https:\/\/suurniementila.com\/#organization","name":"Suurniemen tila","url":"https:\/\/suurniementila.com\/","logo":{"@type":"ImageObject","inLanguage":"en-US","@id":"https:\/\/suurniementila.com\/#\/schema\/logo\/image\/","url":"https:\/\/suurniementila.com\/wp-content\/uploads\/2018\/10\/eaten_apple.png","contentUrl":"https:\/\/suurniementila.com\/wp-content\/uploads\/2018\/10\/eaten_apple.png","width":1176,"height":1182,"caption":"Suurniemen tila"},"image":{"@id":"https:\/\/suurniementila.com\/#\/schema\/logo\/image\/"},"sameAs":["https:\/\/www.facebook.com\/suurniementila","https:\/\/www.instagram.com\/suurniementila\/"]}]}},"_links":{"self":[{"href":"https:\/\/suurniementila.com\/en\/wp-json\/wp\/v2\/pages\/637","targetHints":{"allow":["GET"]}}],"collection":[{"href":"https:\/\/suurniementila.com\/en\/wp-json\/wp\/v2\/pages"}],"about":[{"href":"https:\/\/suurniementila.com\/en\/wp-json\/wp\/v2\/types\/page"}],"author":[{"embeddable":true,"href":"https:\/\/suurniementila.com\/en\/wp-json\/wp\/v2\/users\/16"}],"replies":[{"embeddable":true,"href":"https:\/\/suurniementila.com\/en\/wp-json\/wp\/v2\/comments?post=637"}],"version-history":[{"count":20,"href":"https:\/\/suurniementila.com\/en\/wp-json\/wp\/v2\/pages\/637\/revisions"}],"predecessor-version":[{"id":1699,"href":"https:\/\/suurniementila.com\/en\/wp-json\/wp\/v2\/pages\/637\/revisions\/1699"}],"wp:attachment":[{"href":"https:\/\/suurniementila.com\/en\/wp-json\/wp\/v2\/media?parent=637"}],"curies":[{"name":"wp","href":"https:\/\/api.w.org\/{rel}","templated":true}]}}