{"id":720,"date":"2018-12-01T12:21:04","date_gmt":"2018-12-01T12:21:04","guid":{"rendered":"http:\/\/suurniementila.azurewebsites.net\/?page_id=720"},"modified":"2019-02-27T20:50:03","modified_gmt":"2019-02-27T18:50:03","slug":"tavaraluettelo","status":"publish","type":"page","link":"https:\/\/suurniementila.com\/en\/tavaraluettelo\/","title":{"rendered":"Catalogue"},"content":{"rendered":"<div data-elementor-type=\"wp-post\" data-elementor-id=\"720\" class=\"elementor elementor-720 elementor-bc-flex-widget\">\n\t\t\t\t\t\t<section class=\"elementor-section elementor-top-section elementor-element elementor-element-29dd elementor-section-boxed elementor-section-height-default elementor-section-height-default\" data-id=\"29dd\" data-element_type=\"section\" data-e-type=\"section\">\n\t\t\t\t\t\t<div class=\"elementor-container elementor-column-gap-default\">\n\t\t\t\t\t<div class=\"elementor-column elementor-col-100 elementor-top-column elementor-element elementor-element-2b79\" data-id=\"2b79\" data-element_type=\"column\" data-e-type=\"column\">\n\t\t\t<div class=\"elementor-widget-wrap elementor-element-populated\">\n\t\t\t\t\t\t<div class=\"elementor-element elementor-element-0444625 elementor-widget elementor-widget-heading\" data-id=\"0444625\" data-element_type=\"widget\" data-e-type=\"widget\" data-widget_type=\"heading.default\">\n\t\t\t\t<div class=\"elementor-widget-container\">\n\t\t\t\t\t<h2 class=\"elementor-heading-title elementor-size-default\">Catalogue<\/h2>\t\t\t\t<\/div>\n\t\t\t\t<\/div>\n\t\t\t\t<div class=\"elementor-element elementor-element-17fa elementor-widget elementor-widget-text-editor\" data-id=\"17fa\" data-element_type=\"widget\" data-e-type=\"widget\" data-widget_type=\"text-editor.default\">\n\t\t\t\t<div class=\"elementor-widget-container\">\n\t\t\t\t\t\t\t\t\t<p>M\u00f6kill\u00e4 on k\u00e4yt\u00f6ss\u00e4nne ainakin n\u00e4m\u00e4 tarvikkeet. Jos jotain puuttuu, ilmoitathan asiasta, jotta voimme korjata tilanteen mahdollisimman pian!<\/p>\t\t\t\t\t\t\t\t<\/div>\n\t\t\t\t<\/div>\n\t\t\t\t\t<\/div>\n\t\t<\/div>\n\t\t\t\t\t<\/div>\n\t\t<\/section>\n\t\t\t\t<section class=\"elementor-section elementor-top-section elementor-element elementor-element-af65732 elementor-section-boxed elementor-section-height-default elementor-section-height-default\" data-id=\"af65732\" data-element_type=\"section\" data-e-type=\"section\">\n\t\t\t\t\t\t<div class=\"elementor-container elementor-column-gap-default\">\n\t\t\t\t\t<div class=\"elementor-column elementor-col-100 elementor-top-column elementor-element elementor-element-bab9140\" data-id=\"bab9140\" data-element_type=\"column\" data-e-type=\"column\">\n\t\t\t<div class=\"elementor-widget-wrap elementor-element-populated\">\n\t\t\t\t\t\t<section class=\"elementor-section elementor-inner-section elementor-element elementor-element-1a2221d elementor-section-boxed elementor-section-height-default elementor-section-height-default\" data-id=\"1a2221d\" data-element_type=\"section\" data-e-type=\"section\">\n\t\t\t\t\t\t<div class=\"elementor-container elementor-column-gap-default\">\n\t\t\t\t\t<div class=\"elementor-column elementor-col-50 elementor-inner-column elementor-element elementor-element-5d86156\" data-id=\"5d86156\" data-element_type=\"column\" data-e-type=\"column\">\n\t\t\t<div class=\"elementor-widget-wrap elementor-element-populated\">\n\t\t\t\t\t\t<div class=\"elementor-element elementor-element-7448ead elementor-widget elementor-widget-text-editor\" data-id=\"7448ead\" data-element_type=\"widget\" data-e-type=\"widget\" data-widget_type=\"text-editor.default\">\n\t\t\t\t<div class=\"elementor-widget-container\">\n\t\t\t\t\t\t\t\t\t<ul><li>veitset ja haarukat<\/li><li>ruokalusikat ja teelusikat<\/li><li>matalat ja syv\u00e4t lautaset<\/li><li>leip\u00e4lautaset<\/li><li>mukit ja juomalasit<\/li><li>j\u00e4lkiruokakulhot<\/li><li>viinilasit<\/li><li>\u00a0vesikannu<\/li><li>kattilat 3 kpl<\/li><li>paistinpannu<\/li><li>uuninkest\u00e4v\u00e4 vuoka 2 kpl<\/li><li>py\u00f6re\u00e4 piirakkavuoka<\/li><li>paistinlasta<\/li><li>kulhot 3 kpl<\/li><li>pannunaluset ja pannulaput<\/li><li>kahvit\u00f6lkki ja kahvimitta<\/li><li>leikkuulauta<\/li><li>leip\u00e4veitsi<\/li><li>yleisveitsi<\/li><li>juuresveitsi- ja harja<\/li><li>kuorimaveitsi<\/li><li>raastin<\/li><li>t\u00f6lkinavaaja<\/li><li>korkkiruuvi<\/li><li>pullonavaaja<\/li><li>kauha<\/li><li>liemikauha<\/li><li>juustoh\u00f6yl\u00e4<\/li><li>salaattiottimet<\/li><li>tarjoiluottimet<\/li><li>salaattikulho<\/li><li>kakkulapio<\/li><li>spagettikauha<\/li><li>\u00a0silikonilasta<\/li><li>vispil\u00e4<\/li><li>kaulin<\/li><li>grilli\/pullasuti<\/li><li>siivil\u00e4<\/li><li>sakset<\/li><\/ul>\t\t\t\t\t\t\t\t<\/div>\n\t\t\t\t<\/div>\n\t\t\t\t\t<\/div>\n\t\t<\/div>\n\t\t\t\t<div class=\"elementor-column elementor-col-50 elementor-inner-column elementor-element elementor-element-5b4f98c\" data-id=\"5b4f98c\" data-element_type=\"column\" data-e-type=\"column\">\n\t\t\t<div class=\"elementor-widget-wrap elementor-element-populated\">\n\t\t\t\t\t\t<div class=\"elementor-element elementor-element-8597512 elementor-widget elementor-widget-text-editor\" data-id=\"8597512\" data-element_type=\"widget\" data-e-type=\"widget\" data-widget_type=\"text-editor.default\">\n\t\t\t\t<div class=\"elementor-widget-container\">\n\t\t\t\t\t\t\t\t\t<ul><li>tarjotin<\/li><li>maljakko<\/li><li>juomavesiastia (jos kantovesi)<\/li><li>tiskivati ja tiskiharja<\/li><li>hiilihanko<\/li><li>grillipihdit<\/li><li>grillinpuhdistusharja<\/li><li>sein\u00e4peili<\/li><li>pyykinkuivausteline<\/li><li>rikkasetti<\/li><li>puukori<\/li><li>tuhkalapio ja kannellinen tuhka-astia<\/li><li>ulkoharja<\/li><li>j\u00e4teastia<\/li><li>astia pulloille ja lasille<\/li><li>kuivikeastia huussiin (jos kuivikek\u00e4ym\u00e4l\u00e4)<\/li><li>siivousv\u00e4lineet<\/li><li>vesikauha 2kpl<\/li><li>sanko 2 kpl<\/li><li>pesuvadit<\/li><li>kylm\u00e4vesiastiat<\/li><li>kiulu ja l\u00f6ylykauha<\/li><li>pelastusliivit<\/li><li>kahvinkeitin ja suodatinpusseja<\/li><li>vedenkeitin<\/li><li>leiv\u00e4npaahdin<\/li><li>mikro<\/li><li>s\u00e4hk\u00f6vatkain<\/li><li>imuri<\/li><li>siivousv\u00e4lineet<\/li><li>puunkantokori<\/li><li>tv<\/li><li>j\u00e4\u00e4kaappipakastin<\/li><li>kaasugrilli + kaasupullo<\/li><li>sammutuspeite<\/li><li>vaahtosammutin<\/li><li>paloh\u00e4lytin<\/li><li>h\u00e4k\u00e4varoitin<\/li><li>kierr\u00e4tysastiat pulloille, lasille ja metallille<\/li><li>kiulu ja l\u00f6ylykauha<\/li><li>pelastusliivit<\/li><\/ul><div><h3>M\u00e4nnikk\u00f6 ja Hietikko<\/h3><ul><li>Vesikauha 2kpl<\/li><li>Sanko 2kpl<\/li><li>Pesuvadit<\/li><li>Kylm\u00e4vesiastiat<\/li><\/ul><\/div>\t\t\t\t\t\t\t\t<\/div>\n\t\t\t\t<\/div>\n\t\t\t\t\t<\/div>\n\t\t<\/div>\n\t\t\t\t\t<\/div>\n\t\t<\/section>\n\t\t\t\t\t<\/div>\n\t\t<\/div>\n\t\t\t\t\t<\/div>\n\t\t<\/section>\n\t\t\t\t<\/div>\n\t\t<!-- AddThis Advanced Settings generic via filter on the_content --><!-- AddThis Share Buttons generic via filter on the_content -->","protected":false},"excerpt":{"rendered":"<p>Tavaraluettelo M\u00f6kill\u00e4 on k\u00e4yt\u00f6ss\u00e4nne ainakin n\u00e4m\u00e4 tarvikkeet. Jos jotain puuttuu, ilmoitathan asiasta, jotta voimme korjata tilanteen mahdollisimman pian! veitset ja haarukat ruokalusikat ja teelusikat matalat ja syv\u00e4t lautaset leip\u00e4lautaset mukit ja juomalasit j\u00e4lkiruokakulhot viinilasit \u00a0vesikannu kattilat 3 kpl paistinpannu uuninkest\u00e4v\u00e4 vuoka 2 kpl py\u00f6re\u00e4 piirakkavuoka paistinlasta kulhot 3 kpl pannunaluset ja pannulaput kahvit\u00f6lkki ja kahvimitta [&hellip;]<!-- AddThis Advanced Settings generic via filter on get_the_excerpt --><!-- AddThis Share Buttons generic via filter on get_the_excerpt --><\/p>\n","protected":false},"author":16,"featured_media":0,"parent":0,"menu_order":0,"comment_status":"closed","ping_status":"closed","template":"","meta":{"_monsterinsights_skip_tracking":false,"_monsterinsights_sitenote_active":false,"_monsterinsights_sitenote_note":"","_monsterinsights_sitenote_category":0,"footnotes":""},"class_list":["post-720","page","type-page","status-publish","hentry"],"yoast_head":"<!-- This site is optimized with the Yoast SEO plugin v27.3 - https:\/\/yoast.com\/product\/yoast-seo-wordpress\/ -->\n<title>Tavaraluettelo - Suurniemen tila<\/title>\n<meta name=\"robots\" content=\"index, follow, max-snippet:-1, max-image-preview:large, max-video-preview:-1\" \/>\n<link rel=\"canonical\" href=\"https:\/\/suurniementila.com\/en\/tavaraluettelo\/\" \/>\n<meta property=\"og:locale\" content=\"en_US\" \/>\n<meta property=\"og:type\" content=\"article\" \/>\n<meta property=\"og:title\" content=\"Tavaraluettelo - Suurniemen tila\" \/>\n<meta property=\"og:description\" content=\"Tavaraluettelo M\u00f6kill\u00e4 on k\u00e4yt\u00f6ss\u00e4nne ainakin n\u00e4m\u00e4 tarvikkeet. Jos jotain puuttuu, ilmoitathan asiasta, jotta voimme korjata tilanteen mahdollisimman pian! veitset ja haarukat ruokalusikat ja teelusikat matalat ja syv\u00e4t lautaset leip\u00e4lautaset mukit ja juomalasit j\u00e4lkiruokakulhot viinilasit \u00a0vesikannu kattilat 3 kpl paistinpannu uuninkest\u00e4v\u00e4 vuoka 2 kpl py\u00f6re\u00e4 piirakkavuoka paistinlasta kulhot 3 kpl pannunaluset ja pannulaput kahvit\u00f6lkki ja kahvimitta [&hellip;]\" \/>\n<meta property=\"og:url\" content=\"https:\/\/suurniementila.com\/en\/tavaraluettelo\/\" \/>\n<meta property=\"og:site_name\" content=\"Suurniemen tila\" \/>\n<meta property=\"article:publisher\" content=\"https:\/\/www.facebook.com\/suurniementila\" \/>\n<meta property=\"article:modified_time\" content=\"2019-02-27T18:50:03+00:00\" \/>\n<meta name=\"twitter:card\" content=\"summary_large_image\" \/>\n<meta name=\"twitter:label1\" content=\"Est. reading time\" \/>\n\t<meta name=\"twitter:data1\" content=\"1 minute\" \/>\n<script type=\"application\/ld+json\" class=\"yoast-schema-graph\">{\"@context\":\"https:\\\/\\\/schema.org\",\"@graph\":[{\"@type\":\"WebPage\",\"@id\":\"https:\\\/\\\/suurniementila.com\\\/tavaraluettelo\\\/\",\"url\":\"https:\\\/\\\/suurniementila.com\\\/tavaraluettelo\\\/\",\"name\":\"Tavaraluettelo - Suurniemen tila\",\"isPartOf\":{\"@id\":\"https:\\\/\\\/suurniementila.com\\\/#website\"},\"datePublished\":\"2018-12-01T12:21:04+00:00\",\"dateModified\":\"2019-02-27T18:50:03+00:00\",\"breadcrumb\":{\"@id\":\"https:\\\/\\\/suurniementila.com\\\/tavaraluettelo\\\/#breadcrumb\"},\"inLanguage\":\"en-US\",\"potentialAction\":[{\"@type\":\"ReadAction\",\"target\":[\"https:\\\/\\\/suurniementila.com\\\/tavaraluettelo\\\/\"]}]},{\"@type\":\"BreadcrumbList\",\"@id\":\"https:\\\/\\\/suurniementila.com\\\/tavaraluettelo\\\/#breadcrumb\",\"itemListElement\":[{\"@type\":\"ListItem\",\"position\":1,\"name\":\"Home\",\"item\":\"https:\\\/\\\/suurniementila.com\\\/\"},{\"@type\":\"ListItem\",\"position\":2,\"name\":\"Tavaraluettelo\"}]},{\"@type\":\"WebSite\",\"@id\":\"https:\\\/\\\/suurniementila.com\\\/#website\",\"url\":\"https:\\\/\\\/suurniementila.com\\\/\",\"name\":\"Suurniemen tila\",\"description\":\"M\u00f6kkivuokrausta \u23ae Rental Cottages\",\"publisher\":{\"@id\":\"https:\\\/\\\/suurniementila.com\\\/#organization\"},\"potentialAction\":[{\"@type\":\"SearchAction\",\"target\":{\"@type\":\"EntryPoint\",\"urlTemplate\":\"https:\\\/\\\/suurniementila.com\\\/?s={search_term_string}\"},\"query-input\":{\"@type\":\"PropertyValueSpecification\",\"valueRequired\":true,\"valueName\":\"search_term_string\"}}],\"inLanguage\":\"en-US\"},{\"@type\":\"Organization\",\"@id\":\"https:\\\/\\\/suurniementila.com\\\/#organization\",\"name\":\"Suurniemen tila\",\"url\":\"https:\\\/\\\/suurniementila.com\\\/\",\"logo\":{\"@type\":\"ImageObject\",\"inLanguage\":\"en-US\",\"@id\":\"https:\\\/\\\/suurniementila.com\\\/#\\\/schema\\\/logo\\\/image\\\/\",\"url\":\"https:\\\/\\\/suurniementila.com\\\/wp-content\\\/uploads\\\/2018\\\/10\\\/eaten_apple.png\",\"contentUrl\":\"https:\\\/\\\/suurniementila.com\\\/wp-content\\\/uploads\\\/2018\\\/10\\\/eaten_apple.png\",\"width\":1176,\"height\":1182,\"caption\":\"Suurniemen tila\"},\"image\":{\"@id\":\"https:\\\/\\\/suurniementila.com\\\/#\\\/schema\\\/logo\\\/image\\\/\"},\"sameAs\":[\"https:\\\/\\\/www.facebook.com\\\/suurniementila\",\"https:\\\/\\\/www.instagram.com\\\/suurniementila\\\/\"]}]}<\/script>\n<!-- \/ Yoast SEO plugin. -->","yoast_head_json":{"title":"Tavaraluettelo - Suurniemen tila","robots":{"index":"index","follow":"follow","max-snippet":"max-snippet:-1","max-image-preview":"max-image-preview:large","max-video-preview":"max-video-preview:-1"},"canonical":"https:\/\/suurniementila.com\/en\/tavaraluettelo\/","og_locale":"en_US","og_type":"article","og_title":"Tavaraluettelo - Suurniemen tila","og_description":"Tavaraluettelo M\u00f6kill\u00e4 on k\u00e4yt\u00f6ss\u00e4nne ainakin n\u00e4m\u00e4 tarvikkeet. Jos jotain puuttuu, ilmoitathan asiasta, jotta voimme korjata tilanteen mahdollisimman pian! veitset ja haarukat ruokalusikat ja teelusikat matalat ja syv\u00e4t lautaset leip\u00e4lautaset mukit ja juomalasit j\u00e4lkiruokakulhot viinilasit \u00a0vesikannu kattilat 3 kpl paistinpannu uuninkest\u00e4v\u00e4 vuoka 2 kpl py\u00f6re\u00e4 piirakkavuoka paistinlasta kulhot 3 kpl pannunaluset ja pannulaput kahvit\u00f6lkki ja kahvimitta [&hellip;]","og_url":"https:\/\/suurniementila.com\/en\/tavaraluettelo\/","og_site_name":"Suurniemen tila","article_publisher":"https:\/\/www.facebook.com\/suurniementila","article_modified_time":"2019-02-27T18:50:03+00:00","twitter_card":"summary_large_image","twitter_misc":{"Est. reading time":"1 minute"},"schema":{"@context":"https:\/\/schema.org","@graph":[{"@type":"WebPage","@id":"https:\/\/suurniementila.com\/tavaraluettelo\/","url":"https:\/\/suurniementila.com\/tavaraluettelo\/","name":"Tavaraluettelo - Suurniemen tila","isPartOf":{"@id":"https:\/\/suurniementila.com\/#website"},"datePublished":"2018-12-01T12:21:04+00:00","dateModified":"2019-02-27T18:50:03+00:00","breadcrumb":{"@id":"https:\/\/suurniementila.com\/tavaraluettelo\/#breadcrumb"},"inLanguage":"en-US","potentialAction":[{"@type":"ReadAction","target":["https:\/\/suurniementila.com\/tavaraluettelo\/"]}]},{"@type":"BreadcrumbList","@id":"https:\/\/suurniementila.com\/tavaraluettelo\/#breadcrumb","itemListElement":[{"@type":"ListItem","position":1,"name":"Home","item":"https:\/\/suurniementila.com\/"},{"@type":"ListItem","position":2,"name":"Tavaraluettelo"}]},{"@type":"WebSite","@id":"https:\/\/suurniementila.com\/#website","url":"https:\/\/suurniementila.com\/","name":"Suurniemen tila","description":"M\u00f6kkivuokrausta \u23ae Rental Cottages","publisher":{"@id":"https:\/\/suurniementila.com\/#organization"},"potentialAction":[{"@type":"SearchAction","target":{"@type":"EntryPoint","urlTemplate":"https:\/\/suurniementila.com\/?s={search_term_string}"},"query-input":{"@type":"PropertyValueSpecification","valueRequired":true,"valueName":"search_term_string"}}],"inLanguage":"en-US"},{"@type":"Organization","@id":"https:\/\/suurniementila.com\/#organization","name":"Suurniemen tila","url":"https:\/\/suurniementila.com\/","logo":{"@type":"ImageObject","inLanguage":"en-US","@id":"https:\/\/suurniementila.com\/#\/schema\/logo\/image\/","url":"https:\/\/suurniementila.com\/wp-content\/uploads\/2018\/10\/eaten_apple.png","contentUrl":"https:\/\/suurniementila.com\/wp-content\/uploads\/2018\/10\/eaten_apple.png","width":1176,"height":1182,"caption":"Suurniemen tila"},"image":{"@id":"https:\/\/suurniementila.com\/#\/schema\/logo\/image\/"},"sameAs":["https:\/\/www.facebook.com\/suurniementila","https:\/\/www.instagram.com\/suurniementila\/"]}]}},"_links":{"self":[{"href":"https:\/\/suurniementila.com\/en\/wp-json\/wp\/v2\/pages\/720","targetHints":{"allow":["GET"]}}],"collection":[{"href":"https:\/\/suurniementila.com\/en\/wp-json\/wp\/v2\/pages"}],"about":[{"href":"https:\/\/suurniementila.com\/en\/wp-json\/wp\/v2\/types\/page"}],"author":[{"embeddable":true,"href":"https:\/\/suurniementila.com\/en\/wp-json\/wp\/v2\/users\/16"}],"replies":[{"embeddable":true,"href":"https:\/\/suurniementila.com\/en\/wp-json\/wp\/v2\/comments?post=720"}],"version-history":[{"count":17,"href":"https:\/\/suurniementila.com\/en\/wp-json\/wp\/v2\/pages\/720\/revisions"}],"predecessor-version":[{"id":1852,"href":"https:\/\/suurniementila.com\/en\/wp-json\/wp\/v2\/pages\/720\/revisions\/1852"}],"wp:attachment":[{"href":"https:\/\/suurniementila.com\/en\/wp-json\/wp\/v2\/media?parent=720"}],"curies":[{"name":"wp","href":"https:\/\/api.w.org\/{rel}","templated":true}]}}