{"id":877,"date":"2018-12-09T15:01:02","date_gmt":"2018-12-09T15:01:02","guid":{"rendered":"http:\/\/suurniementila.azurewebsites.net\/?page_id=877"},"modified":"2022-04-20T09:30:38","modified_gmt":"2022-04-20T07:30:38","slug":"kalastus-ja-veneily","status":"publish","type":"page","link":"https:\/\/suurniementila.com\/en\/kalastus-ja-veneily\/","title":{"rendered":"Fishing and boating"},"content":{"rendered":"<div data-elementor-type=\"wp-post\" data-elementor-id=\"877\" class=\"elementor elementor-877\">\n\t\t\t\t\t\t<section class=\"elementor-section elementor-top-section elementor-element elementor-element-2fa231e0 elementor-section-full_width elementor-section-height-min-height elementor-section-height-default elementor-section-items-middle\" data-id=\"2fa231e0\" data-element_type=\"section\" data-e-type=\"section\" data-settings=\"{&quot;background_background&quot;:&quot;classic&quot;}\">\n\t\t\t\t\t\t<div class=\"elementor-container elementor-column-gap-default\">\n\t\t\t\t\t<div class=\"elementor-column elementor-col-100 elementor-top-column elementor-element elementor-element-31e1a6c6\" data-id=\"31e1a6c6\" data-element_type=\"column\" data-e-type=\"column\">\n\t\t\t<div class=\"elementor-widget-wrap\">\n\t\t\t\t\t\t\t<\/div>\n\t\t<\/div>\n\t\t\t\t\t<\/div>\n\t\t<\/section>\n\t\t\t\t<section class=\"elementor-section elementor-top-section elementor-element elementor-element-4ecda3d1 elementor-section-boxed elementor-section-height-default elementor-section-height-default\" data-id=\"4ecda3d1\" data-element_type=\"section\" data-e-type=\"section\">\n\t\t\t\t\t\t<div class=\"elementor-container elementor-column-gap-default\">\n\t\t\t\t\t<div class=\"elementor-column elementor-col-100 elementor-top-column elementor-element elementor-element-6cfc54a2\" data-id=\"6cfc54a2\" data-element_type=\"column\" data-e-type=\"column\">\n\t\t\t<div class=\"elementor-widget-wrap elementor-element-populated\">\n\t\t\t\t\t\t<div class=\"elementor-element elementor-element-46b34cae elementor-widget elementor-widget-heading\" data-id=\"46b34cae\" data-element_type=\"widget\" data-e-type=\"widget\" data-widget_type=\"heading.default\">\n\t\t\t\t<div class=\"elementor-widget-container\">\n\t\t\t\t\t<h1 class=\"elementor-heading-title elementor-size-default\">Fishing and boating<\/h1>\t\t\t\t<\/div>\n\t\t\t\t<\/div>\n\t\t\t\t<div class=\"elementor-element elementor-element-1d9f elementor-widget elementor-widget-text-editor\" data-id=\"1d9f\" data-element_type=\"widget\" data-e-type=\"widget\" data-widget_type=\"text-editor.default\">\n\t\t\t\t<div class=\"elementor-widget-container\">\n\t\t\t\t\t\t\t\t\t<p>Lohjanj\u00e4rvi is the largest lake in southern Finland and it is a famous pike perch lake. Lake has a diverse fish stock and in summer time there are several fishing competitions in Lohja. You can find a rowing boat on our cottages, so an eager fisherman can get to the lake right away after arriving. The most skilled rowers have been on a day trip to P\u00e4iv\u00e4kumpu spa hotel, which is 5km by water.<\/p><p>Fishing is a passion for many people who is visiting in Suurniemi. If a rowing boat is not enough, you can bring your own electric off-motor or a small motor boat. There are several ramps in Lohja for boat launch, and during high water the boat can also be lowered from Suurniemi. Do contact beforehand - this is always agreed on a case-by-case basis!<\/p><p>The stress-free and easiest way to enjoy the lake is to book a fishing or boat trip with the Lohjanj\u00e4rvi fishing guides! Their noteworthy work is carried out from fishing licenses to fillets. The goal of the trip can also be to take a look at Kaljaasi and other beach cafes and leave the fishing poles completely out!<\/p>\t\t\t\t\t\t\t\t<\/div>\n\t\t\t\t<\/div>\n\t\t\t\t\t<\/div>\n\t\t<\/div>\n\t\t\t\t\t<\/div>\n\t\t<\/section>\n\t\t\t\t<\/div>\n\t\t<!-- AddThis Advanced Settings generic via filter on the_content --><!-- AddThis Share Buttons generic via filter on the_content -->","protected":false},"excerpt":{"rendered":"<p>Kalastus ja veneily Lohjanj\u00e4rvi on Etel\u00e4-Suomen suurin j\u00e4rvi ja kuuluisa kuhavesi. J\u00e4rvell\u00e4 on monipuolinen kalakanta ja kes\u00e4aikana Lohjalla j\u00e4rjest\u00e4\u00e4n useampia kalastuskilpailuja. M\u00f6keilt\u00e4mme l\u00f6ytyy soutuvene, joten innokas kalastaja p\u00e4\u00e4see j\u00e4rvelle, vaikka heti m\u00f6kill\u00e4 p\u00e4\u00e4sty\u00e4\u00e4n. Innokkaimmat soutajat ovat k\u00e4yneet p\u00e4iv\u00e4retkell\u00e4 P\u00e4iv\u00e4kummun kylpyl\u00e4hotellilla, jonne on vesitse 5 km matka. (POIS: ja tiet\u00e4 pitkin 26km matka.) Kalastus on monelle [&hellip;]<!-- AddThis Advanced Settings generic via filter on get_the_excerpt --><!-- AddThis Share Buttons generic via filter on get_the_excerpt --><\/p>\n","protected":false},"author":16,"featured_media":0,"parent":0,"menu_order":0,"comment_status":"closed","ping_status":"closed","template":"","meta":{"_monsterinsights_skip_tracking":false,"_monsterinsights_sitenote_active":false,"_monsterinsights_sitenote_note":"","_monsterinsights_sitenote_category":0,"footnotes":""},"class_list":["post-877","page","type-page","status-publish","hentry"],"yoast_head":"<!-- This site is optimized with the Yoast SEO plugin v27.3 - https:\/\/yoast.com\/product\/yoast-seo-wordpress\/ -->\n<title>Kalastus ja veneily - Suurniemen tila<\/title>\n<meta name=\"robots\" content=\"index, follow, max-snippet:-1, max-image-preview:large, max-video-preview:-1\" \/>\n<link rel=\"canonical\" href=\"https:\/\/suurniementila.com\/en\/kalastus-ja-veneily\/\" \/>\n<meta property=\"og:locale\" content=\"en_US\" \/>\n<meta property=\"og:type\" content=\"article\" \/>\n<meta property=\"og:title\" content=\"Kalastus ja veneily - Suurniemen tila\" \/>\n<meta property=\"og:description\" content=\"Kalastus ja veneily Lohjanj\u00e4rvi on Etel\u00e4-Suomen suurin j\u00e4rvi ja kuuluisa kuhavesi. J\u00e4rvell\u00e4 on monipuolinen kalakanta ja kes\u00e4aikana Lohjalla j\u00e4rjest\u00e4\u00e4n useampia kalastuskilpailuja. M\u00f6keilt\u00e4mme l\u00f6ytyy soutuvene, joten innokas kalastaja p\u00e4\u00e4see j\u00e4rvelle, vaikka heti m\u00f6kill\u00e4 p\u00e4\u00e4sty\u00e4\u00e4n. Innokkaimmat soutajat ovat k\u00e4yneet p\u00e4iv\u00e4retkell\u00e4 P\u00e4iv\u00e4kummun kylpyl\u00e4hotellilla, jonne on vesitse 5 km matka. (POIS: ja tiet\u00e4 pitkin 26km matka.) Kalastus on monelle [&hellip;]\" \/>\n<meta property=\"og:url\" content=\"https:\/\/suurniementila.com\/en\/kalastus-ja-veneily\/\" \/>\n<meta property=\"og:site_name\" content=\"Suurniemen tila\" \/>\n<meta property=\"article:publisher\" content=\"https:\/\/www.facebook.com\/suurniementila\" \/>\n<meta property=\"article:modified_time\" content=\"2022-04-20T07:30:38+00:00\" \/>\n<meta name=\"twitter:card\" content=\"summary_large_image\" \/>\n<meta name=\"twitter:label1\" content=\"Est. reading time\" \/>\n\t<meta name=\"twitter:data1\" content=\"1 minute\" \/>\n<script type=\"application\/ld+json\" class=\"yoast-schema-graph\">{\"@context\":\"https:\\\/\\\/schema.org\",\"@graph\":[{\"@type\":\"WebPage\",\"@id\":\"https:\\\/\\\/suurniementila.com\\\/kalastus-ja-veneily\\\/\",\"url\":\"https:\\\/\\\/suurniementila.com\\\/kalastus-ja-veneily\\\/\",\"name\":\"Kalastus ja veneily - Suurniemen tila\",\"isPartOf\":{\"@id\":\"https:\\\/\\\/suurniementila.com\\\/#website\"},\"datePublished\":\"2018-12-09T15:01:02+00:00\",\"dateModified\":\"2022-04-20T07:30:38+00:00\",\"breadcrumb\":{\"@id\":\"https:\\\/\\\/suurniementila.com\\\/kalastus-ja-veneily\\\/#breadcrumb\"},\"inLanguage\":\"en-US\",\"potentialAction\":[{\"@type\":\"ReadAction\",\"target\":[\"https:\\\/\\\/suurniementila.com\\\/kalastus-ja-veneily\\\/\"]}]},{\"@type\":\"BreadcrumbList\",\"@id\":\"https:\\\/\\\/suurniementila.com\\\/kalastus-ja-veneily\\\/#breadcrumb\",\"itemListElement\":[{\"@type\":\"ListItem\",\"position\":1,\"name\":\"Home\",\"item\":\"https:\\\/\\\/suurniementila.com\\\/\"},{\"@type\":\"ListItem\",\"position\":2,\"name\":\"Kalastus ja veneily\"}]},{\"@type\":\"WebSite\",\"@id\":\"https:\\\/\\\/suurniementila.com\\\/#website\",\"url\":\"https:\\\/\\\/suurniementila.com\\\/\",\"name\":\"Suurniemen tila\",\"description\":\"M\u00f6kkivuokrausta \u23ae Rental Cottages\",\"publisher\":{\"@id\":\"https:\\\/\\\/suurniementila.com\\\/#organization\"},\"potentialAction\":[{\"@type\":\"SearchAction\",\"target\":{\"@type\":\"EntryPoint\",\"urlTemplate\":\"https:\\\/\\\/suurniementila.com\\\/?s={search_term_string}\"},\"query-input\":{\"@type\":\"PropertyValueSpecification\",\"valueRequired\":true,\"valueName\":\"search_term_string\"}}],\"inLanguage\":\"en-US\"},{\"@type\":\"Organization\",\"@id\":\"https:\\\/\\\/suurniementila.com\\\/#organization\",\"name\":\"Suurniemen tila\",\"url\":\"https:\\\/\\\/suurniementila.com\\\/\",\"logo\":{\"@type\":\"ImageObject\",\"inLanguage\":\"en-US\",\"@id\":\"https:\\\/\\\/suurniementila.com\\\/#\\\/schema\\\/logo\\\/image\\\/\",\"url\":\"https:\\\/\\\/suurniementila.com\\\/wp-content\\\/uploads\\\/2018\\\/10\\\/eaten_apple.png\",\"contentUrl\":\"https:\\\/\\\/suurniementila.com\\\/wp-content\\\/uploads\\\/2018\\\/10\\\/eaten_apple.png\",\"width\":1176,\"height\":1182,\"caption\":\"Suurniemen tila\"},\"image\":{\"@id\":\"https:\\\/\\\/suurniementila.com\\\/#\\\/schema\\\/logo\\\/image\\\/\"},\"sameAs\":[\"https:\\\/\\\/www.facebook.com\\\/suurniementila\",\"https:\\\/\\\/www.instagram.com\\\/suurniementila\\\/\"]}]}<\/script>\n<!-- \/ Yoast SEO plugin. -->","yoast_head_json":{"title":"Kalastus ja veneily - Suurniemen tila","robots":{"index":"index","follow":"follow","max-snippet":"max-snippet:-1","max-image-preview":"max-image-preview:large","max-video-preview":"max-video-preview:-1"},"canonical":"https:\/\/suurniementila.com\/en\/kalastus-ja-veneily\/","og_locale":"en_US","og_type":"article","og_title":"Kalastus ja veneily - Suurniemen tila","og_description":"Kalastus ja veneily Lohjanj\u00e4rvi on Etel\u00e4-Suomen suurin j\u00e4rvi ja kuuluisa kuhavesi. J\u00e4rvell\u00e4 on monipuolinen kalakanta ja kes\u00e4aikana Lohjalla j\u00e4rjest\u00e4\u00e4n useampia kalastuskilpailuja. M\u00f6keilt\u00e4mme l\u00f6ytyy soutuvene, joten innokas kalastaja p\u00e4\u00e4see j\u00e4rvelle, vaikka heti m\u00f6kill\u00e4 p\u00e4\u00e4sty\u00e4\u00e4n. Innokkaimmat soutajat ovat k\u00e4yneet p\u00e4iv\u00e4retkell\u00e4 P\u00e4iv\u00e4kummun kylpyl\u00e4hotellilla, jonne on vesitse 5 km matka. (POIS: ja tiet\u00e4 pitkin 26km matka.) Kalastus on monelle [&hellip;]","og_url":"https:\/\/suurniementila.com\/en\/kalastus-ja-veneily\/","og_site_name":"Suurniemen tila","article_publisher":"https:\/\/www.facebook.com\/suurniementila","article_modified_time":"2022-04-20T07:30:38+00:00","twitter_card":"summary_large_image","twitter_misc":{"Est. reading time":"1 minute"},"schema":{"@context":"https:\/\/schema.org","@graph":[{"@type":"WebPage","@id":"https:\/\/suurniementila.com\/kalastus-ja-veneily\/","url":"https:\/\/suurniementila.com\/kalastus-ja-veneily\/","name":"Kalastus ja veneily - Suurniemen tila","isPartOf":{"@id":"https:\/\/suurniementila.com\/#website"},"datePublished":"2018-12-09T15:01:02+00:00","dateModified":"2022-04-20T07:30:38+00:00","breadcrumb":{"@id":"https:\/\/suurniementila.com\/kalastus-ja-veneily\/#breadcrumb"},"inLanguage":"en-US","potentialAction":[{"@type":"ReadAction","target":["https:\/\/suurniementila.com\/kalastus-ja-veneily\/"]}]},{"@type":"BreadcrumbList","@id":"https:\/\/suurniementila.com\/kalastus-ja-veneily\/#breadcrumb","itemListElement":[{"@type":"ListItem","position":1,"name":"Home","item":"https:\/\/suurniementila.com\/"},{"@type":"ListItem","position":2,"name":"Kalastus ja veneily"}]},{"@type":"WebSite","@id":"https:\/\/suurniementila.com\/#website","url":"https:\/\/suurniementila.com\/","name":"Suurniemen tila","description":"M\u00f6kkivuokrausta \u23ae Rental Cottages","publisher":{"@id":"https:\/\/suurniementila.com\/#organization"},"potentialAction":[{"@type":"SearchAction","target":{"@type":"EntryPoint","urlTemplate":"https:\/\/suurniementila.com\/?s={search_term_string}"},"query-input":{"@type":"PropertyValueSpecification","valueRequired":true,"valueName":"search_term_string"}}],"inLanguage":"en-US"},{"@type":"Organization","@id":"https:\/\/suurniementila.com\/#organization","name":"Suurniemen tila","url":"https:\/\/suurniementila.com\/","logo":{"@type":"ImageObject","inLanguage":"en-US","@id":"https:\/\/suurniementila.com\/#\/schema\/logo\/image\/","url":"https:\/\/suurniementila.com\/wp-content\/uploads\/2018\/10\/eaten_apple.png","contentUrl":"https:\/\/suurniementila.com\/wp-content\/uploads\/2018\/10\/eaten_apple.png","width":1176,"height":1182,"caption":"Suurniemen tila"},"image":{"@id":"https:\/\/suurniementila.com\/#\/schema\/logo\/image\/"},"sameAs":["https:\/\/www.facebook.com\/suurniementila","https:\/\/www.instagram.com\/suurniementila\/"]}]}},"_links":{"self":[{"href":"https:\/\/suurniementila.com\/en\/wp-json\/wp\/v2\/pages\/877","targetHints":{"allow":["GET"]}}],"collection":[{"href":"https:\/\/suurniementila.com\/en\/wp-json\/wp\/v2\/pages"}],"about":[{"href":"https:\/\/suurniementila.com\/en\/wp-json\/wp\/v2\/types\/page"}],"author":[{"embeddable":true,"href":"https:\/\/suurniementila.com\/en\/wp-json\/wp\/v2\/users\/16"}],"replies":[{"embeddable":true,"href":"https:\/\/suurniementila.com\/en\/wp-json\/wp\/v2\/comments?post=877"}],"version-history":[{"count":20,"href":"https:\/\/suurniementila.com\/en\/wp-json\/wp\/v2\/pages\/877\/revisions"}],"predecessor-version":[{"id":2103,"href":"https:\/\/suurniementila.com\/en\/wp-json\/wp\/v2\/pages\/877\/revisions\/2103"}],"wp:attachment":[{"href":"https:\/\/suurniementila.com\/en\/wp-json\/wp\/v2\/media?parent=877"}],"curies":[{"name":"wp","href":"https:\/\/api.w.org\/{rel}","templated":true}]}}